{"id":4053,"date":"2025-09-19T09:30:51","date_gmt":"2025-09-19T12:30:51","guid":{"rendered":"https:\/\/www.fabricac.com.br\/messer\/?page_id=4053"},"modified":"2025-10-02T10:28:34","modified_gmt":"2025-10-02T13:28:34","slug":"assessoria-de-imprensa","status":"publish","type":"page","link":"https:\/\/www.fabricac.com.br\/messer\/assessoria-de-imprensa\/","title":{"rendered":"Assessoria de Imprensa"},"content":{"rendered":"\t\t<div data-elementor-type=\"wp-page\" data-elementor-id=\"4053\" class=\"elementor elementor-4053\" data-elementor-post-type=\"page\">\n\t\t\t\t<div class=\"elementor-element elementor-element-e64dd0a e-con-full e-flex e-con e-parent\" data-id=\"e64dd0a\" data-element_type=\"container\" data-settings=\"{&quot;background_background&quot;:&quot;classic&quot;}\">\n\t\t<div class=\"elementor-element elementor-element-604847f e-con-full e-flex e-con e-child\" data-id=\"604847f\" data-element_type=\"container\">\n\t\t\t\t<div class=\"elementor-element elementor-element-69759bd elementor-widget elementor-widget-heading\" data-id=\"69759bd\" data-element_type=\"widget\" data-widget_type=\"heading.default\">\n\t\t\t\t\t<h2 class=\"elementor-heading-title elementor-size-default\">Assessoria de Imprensa<\/h2>\t\t\t\t<\/div>\n\t\t\t\t<div class=\"elementor-element elementor-element-3397575 elementor-widget elementor-widget-hfe-breadcrumbs-widget\" data-id=\"3397575\" data-element_type=\"widget\" data-widget_type=\"hfe-breadcrumbs-widget.default\">\n\t\t\t\t<div class=\"elementor-widget-container\">\n\t\t\t\t\t<nav aria-label=\"Breadcrumb\"><ul class=\"hfe-breadcrumbs hfe-breadcrumbs-show-home\"><li class=\"hfe-breadcrumbs-item hfe-breadcrumbs-first\"><span class=\"hfe-breadcrumbs-home-icon\"><\/span><a href=\"https:\/\/www.fabricac.com.br\/messer\"><span class=\"hfe-breadcrumbs-text\">Home<\/span><\/a><\/li><\/ul><\/nav>\t\t\t\t<\/div>\n\t\t\t\t<\/div>\n\t\t\t\t<\/div>\n\t\t\t\t<\/div>\n\t\t<div class=\"elementor-element elementor-element-12ee7e7 e-flex e-con-boxed e-con e-parent\" data-id=\"12ee7e7\" data-element_type=\"container\">\n\t\t\t\t\t<div class=\"e-con-inner\">\n\t\t<div class=\"elementor-element elementor-element-bfc2aad e-con-full e-grid e-con e-child\" data-id=\"bfc2aad\" data-element_type=\"container\">\n\t\t\t\t<div class=\"elementor-element elementor-element-b4cf5e1 elementor-widget elementor-widget-text-editor\" data-id=\"b4cf5e1\" data-element_type=\"widget\" data-widget_type=\"text-editor.default\">\n\t\t\t\t\t\t\t\t\t<p><strong>Kati Torri<\/strong><br \/>Telefone: (11) 99107-3779<br \/>Email:\u00a0<a href=\"mailto:kati.torri@messer-br.com\">kati.torri@messer-br.com<\/a><\/p>\t\t\t\t\t\t\t\t<\/div>\n\t\t\t\t<div class=\"elementor-element elementor-element-fb36e25 elementor-widget elementor-widget-text-editor\" data-id=\"fb36e25\" data-element_type=\"widget\" data-widget_type=\"text-editor.default\">\n\t\t\t\t\t\t\t\t\t<p><strong>Hill &amp; Knowlton<\/strong><br \/>E-mail:\u00a0<a href=\"mailto:messergases@hillandknowlton.com\">messergases@hillandknowlton.com<\/a><\/p>\t\t\t\t\t\t\t\t<\/div>\n\t\t\t\t<\/div>\n\t\t\t\t\t<\/div>\n\t\t\t\t<\/div>\n\t\t<div class=\"elementor-element elementor-element-feed187 e-flex e-con-boxed e-con e-parent\" data-id=\"feed187\" data-element_type=\"container\">\n\t\t\t\t\t<div class=\"e-con-inner\">\n\t\t\t\t<div class=\"elementor-element elementor-element-0ec761f lined-title elementor-widget elementor-widget-heading\" data-id=\"0ec761f\" data-element_type=\"widget\" data-widget_type=\"heading.default\">\n\t\t\t\t\t<h2 class=\"elementor-heading-title elementor-size-default\">Press Releases<\/h2>\t\t\t\t<\/div>\n\t\t\t\t<div class=\"elementor-element elementor-element-df74e0f elementor-posts--thumbnail-none elementor-grid-3 elementor-grid-tablet-2 elementor-grid-mobile-1 load-more-align-center elementor-widget elementor-widget-posts\" data-id=\"df74e0f\" data-element_type=\"widget\" data-settings=\"{&quot;classic_row_gap&quot;:{&quot;unit&quot;:&quot;px&quot;,&quot;size&quot;:60,&quot;sizes&quot;:[]},&quot;pagination_type&quot;:&quot;load_more_on_click&quot;,&quot;classic_columns&quot;:&quot;3&quot;,&quot;classic_columns_tablet&quot;:&quot;2&quot;,&quot;classic_columns_mobile&quot;:&quot;1&quot;,&quot;classic_row_gap_tablet&quot;:{&quot;unit&quot;:&quot;px&quot;,&quot;size&quot;:&quot;&quot;,&quot;sizes&quot;:[]},&quot;classic_row_gap_mobile&quot;:{&quot;unit&quot;:&quot;px&quot;,&quot;size&quot;:&quot;&quot;,&quot;sizes&quot;:[]},&quot;load_more_spinner&quot;:{&quot;value&quot;:&quot;fas fa-spinner&quot;,&quot;library&quot;:&quot;fa-solid&quot;}}\" data-widget_type=\"posts.classic\">\n\t\t\t\t<div class=\"elementor-widget-container\">\n\t\t\t\t\t\t\t<div class=\"elementor-posts-container elementor-posts elementor-posts--skin-classic elementor-grid\" role=\"list\">\n\t\t\t\t<article class=\"elementor-post elementor-grid-item post-13103 post type-post status-publish format-standard has-post-thumbnail hentry category-press-releases\" role=\"listitem\">\n\t\t\t\t<div class=\"elementor-post__text\">\n\t\t\t\t<h3 class=\"elementor-post__title\">\n\t\t\t<a href=\"https:\/\/www.fabricac.com.br\/messer\/blog\/pelo-8ano-consecutivo-a-messer-gases-e-uma-das-empresas-mais-inovadoras-do-pais-e-top-5-do-setor-quimico-no-premio-valor-inovacao-2025\/\" >\n\t\t\t\tPelo 8\u00b0ano consecutivo, a Messer Gases \u00e9 uma das empresas mais inovadoras do pa\u00eds e top 5 do setor qu\u00edmico no Pr\u00eamio Valor Inova\u00e7\u00e3o 2025\t\t\t<\/a>\n\t\t<\/h3>\n\t\t\t\t<div class=\"elementor-post__meta-data\">\n\t\t\t\t\t<span class=\"elementor-post-date\">\n\t\t\t24 de outubro de 2025\t\t<\/span>\n\t\t\t\t<\/div>\n\t\t\t\t<div class=\"elementor-post__excerpt\">\n\t\t\t<p>A Messer Gases Brasil foi reconhecida como uma das empresas mais inovadoras do Brasil Pr\u00eamio Valor Inova\u00e7\u00e3o 2025, o que valoriza a prioridade que a<\/p>\n\t\t<\/div>\n\t\t\n\t\t<a class=\"elementor-post__read-more\" href=\"https:\/\/www.fabricac.com.br\/messer\/blog\/pelo-8ano-consecutivo-a-messer-gases-e-uma-das-empresas-mais-inovadoras-do-pais-e-top-5-do-setor-quimico-no-premio-valor-inovacao-2025\/\" aria-label=\"Read more about Pelo 8\u00b0ano consecutivo, a Messer Gases \u00e9 uma das empresas mais inovadoras do pa\u00eds e top 5 do setor qu\u00edmico no Pr\u00eamio Valor Inova\u00e7\u00e3o 2025\" tabindex=\"-1\" >\n\t\t\tLeia mais\t\t<\/a>\n\n\t\t\t\t<\/div>\n\t\t\t\t<\/article>\n\t\t\t\t<article class=\"elementor-post elementor-grid-item post-13099 post type-post status-publish format-standard has-post-thumbnail hentry category-press-releases\" role=\"listitem\">\n\t\t\t\t<div class=\"elementor-post__text\">\n\t\t\t\t<h3 class=\"elementor-post__title\">\n\t\t\t<a href=\"https:\/\/www.fabricac.com.br\/messer\/blog\/messer-gases-e-reconhecida-pelo-oitavo-ano-consecutivo-como-uma-das-melhores-empresas-para-se-trabalhar-no-brasil\/\" >\n\t\t\t\tMesser Gases \u00e9 reconhecida pelo oitavo ano consecutivo como uma das melhores empresas para se trabalhar no Brasil\t\t\t<\/a>\n\t\t<\/h3>\n\t\t\t\t<div class=\"elementor-post__meta-data\">\n\t\t\t\t\t<span class=\"elementor-post-date\">\n\t\t\t24 de outubro de 2025\t\t<\/span>\n\t\t\t\t<\/div>\n\t\t\t\t<div class=\"elementor-post__excerpt\">\n\t\t\t<p>Pelo oitavo ano seguido, a Messer Gases Brasil recebeu a certifica\u00e7\u00e3o Great Place to Work\u00ae (GPTW), que reconhece as empresas com os melhores ambientes de<\/p>\n\t\t<\/div>\n\t\t\n\t\t<a class=\"elementor-post__read-more\" href=\"https:\/\/www.fabricac.com.br\/messer\/blog\/messer-gases-e-reconhecida-pelo-oitavo-ano-consecutivo-como-uma-das-melhores-empresas-para-se-trabalhar-no-brasil\/\" aria-label=\"Read more about Messer Gases \u00e9 reconhecida pelo oitavo ano consecutivo como uma das melhores empresas para se trabalhar no Brasil\" tabindex=\"-1\" >\n\t\t\tLeia mais\t\t<\/a>\n\n\t\t\t\t<\/div>\n\t\t\t\t<\/article>\n\t\t\t\t<article class=\"elementor-post elementor-grid-item post-13094 post type-post status-publish format-standard has-post-thumbnail hentry category-press-releases\" role=\"listitem\">\n\t\t\t\t<div class=\"elementor-post__text\">\n\t\t\t\t<h3 class=\"elementor-post__title\">\n\t\t\t<a href=\"https:\/\/www.fabricac.com.br\/messer\/blog\/messer-gases-brasil-e-destaque-no-ranking-gptw-diversidade-na-categoria-etnico-racial\/\" >\n\t\t\t\tMesser Gases Brasil \u00e9 destaque no ranking GPTW Diversidade na categoria \u00c9tnico Racial\t\t\t<\/a>\n\t\t<\/h3>\n\t\t\t\t<div class=\"elementor-post__meta-data\">\n\t\t\t\t\t<span class=\"elementor-post-date\">\n\t\t\t24 de outubro de 2025\t\t<\/span>\n\t\t\t\t<\/div>\n\t\t\t\t<div class=\"elementor-post__excerpt\">\n\t\t\t<p>A Messer Gases Brasil, maior empresa privada de gases industriais, medicinais e especiais do mundo, foi reconhecida no ranking da Great Place to Work\u00ae (GPTW)<\/p>\n\t\t<\/div>\n\t\t\n\t\t<a class=\"elementor-post__read-more\" href=\"https:\/\/www.fabricac.com.br\/messer\/blog\/messer-gases-brasil-e-destaque-no-ranking-gptw-diversidade-na-categoria-etnico-racial\/\" aria-label=\"Read more about Messer Gases Brasil \u00e9 destaque no ranking GPTW Diversidade na categoria \u00c9tnico Racial\" tabindex=\"-1\" >\n\t\t\tLeia mais\t\t<\/a>\n\n\t\t\t\t<\/div>\n\t\t\t\t<\/article>\n\t\t\t\t<article class=\"elementor-post elementor-grid-item post-13080 post type-post status-publish format-standard has-post-thumbnail hentry category-press-releases\" role=\"listitem\">\n\t\t\t\t<div class=\"elementor-post__text\">\n\t\t\t\t<h3 class=\"elementor-post__title\">\n\t\t\t<a href=\"https:\/\/www.fabricac.com.br\/messer\/blog\/messer-gases-brasil-apoia-projeto-arte-de-inovar-maratona-de-inovacao-para-estudantes-estaduais-criarem-ideias-de-sustentabilidade\/\" >\n\t\t\t\tMesser Gases Brasil apoia Projeto \u201cArte de Inovar &#8211; Maratona de Inova\u00e7\u00e3o\u201d para estudantes estaduais criarem ideias de sustentabilidade\t\t\t<\/a>\n\t\t<\/h3>\n\t\t\t\t<div class=\"elementor-post__meta-data\">\n\t\t\t\t\t<span class=\"elementor-post-date\">\n\t\t\t24 de outubro de 2025\t\t<\/span>\n\t\t\t\t<\/div>\n\t\t\t\t<div class=\"elementor-post__excerpt\">\n\t\t\t<p>Messer Gases Brasil apoia o projeto social \u201cArte de Inovar &#8211; Maratona de Inova\u00e7\u00e3o\u201d, promovendo inova\u00e7\u00e3o e sustentabilidade entre estudantes de escolas estaduais de S\u00e3o<\/p>\n\t\t<\/div>\n\t\t\n\t\t<a class=\"elementor-post__read-more\" href=\"https:\/\/www.fabricac.com.br\/messer\/blog\/messer-gases-brasil-apoia-projeto-arte-de-inovar-maratona-de-inovacao-para-estudantes-estaduais-criarem-ideias-de-sustentabilidade\/\" aria-label=\"Read more about Messer Gases Brasil apoia Projeto \u201cArte de Inovar &#8211; Maratona de Inova\u00e7\u00e3o\u201d para estudantes estaduais criarem ideias de sustentabilidade\" tabindex=\"-1\" >\n\t\t\tLeia mais\t\t<\/a>\n\n\t\t\t\t<\/div>\n\t\t\t\t<\/article>\n\t\t\t\t<article class=\"elementor-post elementor-grid-item post-13063 post type-post status-publish format-standard has-post-thumbnail hentry category-press-releases tag-gptw\" role=\"listitem\">\n\t\t\t\t<div class=\"elementor-post__text\">\n\t\t\t\t<h3 class=\"elementor-post__title\">\n\t\t\t<a href=\"https:\/\/www.fabricac.com.br\/messer\/blog\/messer-conquista-premiacao-gptw-mental-health-pelo-segundo-ano-consecutivo\/\" >\n\t\t\t\tMesser conquista premia\u00e7\u00e3o GPTW Mental Health pelo segundo ano consecutivo\t\t\t<\/a>\n\t\t<\/h3>\n\t\t\t\t<div class=\"elementor-post__meta-data\">\n\t\t\t\t\t<span class=\"elementor-post-date\">\n\t\t\t24 de outubro de 2025\t\t<\/span>\n\t\t\t\t<\/div>\n\t\t\t\t<div class=\"elementor-post__excerpt\">\n\t\t\t<p>A Messer Gases Brasil, maior empresa privada de gases industriais, medicinais e especiais, e uma das mais inovadoras do Brasil, obteve a certifica\u00e7\u00e3o Great People<\/p>\n\t\t<\/div>\n\t\t\n\t\t<a class=\"elementor-post__read-more\" href=\"https:\/\/www.fabricac.com.br\/messer\/blog\/messer-conquista-premiacao-gptw-mental-health-pelo-segundo-ano-consecutivo\/\" aria-label=\"Read more about Messer conquista premia\u00e7\u00e3o GPTW Mental Health pelo segundo ano consecutivo\" tabindex=\"-1\" >\n\t\t\tLeia mais\t\t<\/a>\n\n\t\t\t\t<\/div>\n\t\t\t\t<\/article>\n\t\t\t\t<article class=\"elementor-post elementor-grid-item post-9336 post type-post status-publish format-standard has-post-thumbnail hentry category-blog category-clipping category-press-releases tag-certificacao-iso tag-cultura-de-inovacao tag-gestao-da-inovacao tag-inovacao tag-iso-56002\" role=\"listitem\">\n\t\t\t\t<div class=\"elementor-post__text\">\n\t\t\t\t<h3 class=\"elementor-post__title\">\n\t\t\t<a href=\"https:\/\/www.fabricac.com.br\/messer\/blog\/messer-certificacao-iso-56002\/\" >\n\t\t\t\tMesser Gases conquista certifica\u00e7\u00e3o ISO 56002 e refor\u00e7a compromisso com a inova\u00e7\u00e3o\t\t\t<\/a>\n\t\t<\/h3>\n\t\t\t\t<div class=\"elementor-post__meta-data\">\n\t\t\t\t\t<span class=\"elementor-post-date\">\n\t\t\t26 de novembro de 2024\t\t<\/span>\n\t\t\t\t<\/div>\n\t\t\t\t<div class=\"elementor-post__excerpt\">\n\t\t\t<p>Inovar vai al\u00e9m de acompanhar tend\u00eancias; \u00e9 sobre manter a seguran\u00e7a, elevar a produtividade e atender com excel\u00eancia. Na Messer Gases, a inova\u00e7\u00e3o \u00e9 um<\/p>\n\t\t<\/div>\n\t\t\n\t\t<a class=\"elementor-post__read-more\" href=\"https:\/\/www.fabricac.com.br\/messer\/blog\/messer-certificacao-iso-56002\/\" aria-label=\"Read more about Messer Gases conquista certifica\u00e7\u00e3o ISO 56002 e refor\u00e7a compromisso com a inova\u00e7\u00e3o\" tabindex=\"-1\" >\n\t\t\tLeia mais\t\t<\/a>\n\n\t\t\t\t<\/div>\n\t\t\t\t<\/article>\n\t\t\t\t<\/div>\n\t\t\t\t\t<span class=\"e-load-more-spinner\">\n\t\t\t\t<svg aria-hidden=\"true\" class=\"e-font-icon-svg e-fas-spinner\" viewBox=\"0 0 512 512\" xmlns=\"http:\/\/www.w3.org\/2000\/svg\"><path d=\"M304 48c0 26.51-21.49 48-48 48s-48-21.49-48-48 21.49-48 48-48 48 21.49 48 48zm-48 368c-26.51 0-48 21.49-48 48s21.49 48 48 48 48-21.49 48-48-21.49-48-48-48zm208-208c-26.51 0-48 21.49-48 48s21.49 48 48 48 48-21.49 48-48-21.49-48-48-48zM96 256c0-26.51-21.49-48-48-48S0 229.49 0 256s21.49 48 48 48 48-21.49 48-48zm12.922 99.078c-26.51 0-48 21.49-48 48s21.49 48 48 48 48-21.49 48-48c0-26.509-21.491-48-48-48zm294.156 0c-26.51 0-48 21.49-48 48s21.49 48 48 48 48-21.49 48-48c0-26.509-21.49-48-48-48zM108.922 60.922c-26.51 0-48 21.49-48 48s21.49 48 48 48 48-21.49 48-48-21.491-48-48-48z\"><\/path><\/svg>\t\t\t<\/span>\n\t\t\n\t\t\t\t<div class=\"e-load-more-anchor\" data-page=\"1\" data-max-page=\"5\" data-next-page=\"https:\/\/www.fabricac.com.br\/messer\/wp-json\/wp\/v2\/pages\/4053\/page\/2\/\"><\/div>\n\t\t\t\t<div class=\"elementor-button-wrapper\">\n\t\t\t<a class=\"elementor-button elementor-size-sm\" role=\"button\">\n\t\t\t\t\t\t<span class=\"elementor-button-content-wrapper\">\n\t\t\t\t\t\t\t\t\t<span class=\"elementor-button-text\">Carregar mais<\/span>\n\t\t\t\t\t<\/span>\n\t\t\t\t\t<\/a>\n\t\t<\/div>\n\t\t\t\t<div class=\"e-load-more-message\"><\/div>\n\t\t\t\t\t\t<\/div>\n\t\t\t\t<\/div>\n\t\t\t\t\t<\/div>\n\t\t\t\t<\/div>\n\t\t<div class=\"elementor-element elementor-element-af5d093 e-flex e-con-boxed e-con e-parent\" data-id=\"af5d093\" data-element_type=\"container\">\n\t\t\t\t\t<div class=\"e-con-inner\">\n\t\t\t\t\t<\/div>\n\t\t\t\t<\/div>\n\t\t\t\t<\/div>\n\t\t","protected":false},"excerpt":{"rendered":"<p>Assessoria de Imprensa Home Kati TorriTelefone: (11) 99107-3779Email:\u00a0kati.torri@messer-br.com Hill &amp; KnowltonE-mail:\u00a0messergases@hillandknowlton.com Press Releases<\/p>\n","protected":false},"author":1,"featured_media":0,"parent":0,"menu_order":0,"comment_status":"closed","ping_status":"closed","template":"","meta":{"footnotes":""},"class_list":["post-4053","page","type-page","status-publish","hentry"],"_links":{"self":[{"href":"https:\/\/www.fabricac.com.br\/messer\/wp-json\/wp\/v2\/pages\/4053","targetHints":{"allow":["GET"]}}],"collection":[{"href":"https:\/\/www.fabricac.com.br\/messer\/wp-json\/wp\/v2\/pages"}],"about":[{"href":"https:\/\/www.fabricac.com.br\/messer\/wp-json\/wp\/v2\/types\/page"}],"author":[{"embeddable":true,"href":"https:\/\/www.fabricac.com.br\/messer\/wp-json\/wp\/v2\/users\/1"}],"replies":[{"embeddable":true,"href":"https:\/\/www.fabricac.com.br\/messer\/wp-json\/wp\/v2\/comments?post=4053"}],"version-history":[{"count":34,"href":"https:\/\/www.fabricac.com.br\/messer\/wp-json\/wp\/v2\/pages\/4053\/revisions"}],"predecessor-version":[{"id":10899,"href":"https:\/\/www.fabricac.com.br\/messer\/wp-json\/wp\/v2\/pages\/4053\/revisions\/10899"}],"wp:attachment":[{"href":"https:\/\/www.fabricac.com.br\/messer\/wp-json\/wp\/v2\/media?parent=4053"}],"curies":[{"name":"wp","href":"https:\/\/api.w.org\/{rel}","templated":true}]}}