{"id":4003,"date":"2025-08-18T10:22:41","date_gmt":"2025-08-18T13:22:41","guid":{"rendered":"https:\/\/www.fabricac.com.br\/messer\/?page_id=4003"},"modified":"2025-10-24T13:39:31","modified_gmt":"2025-10-24T16:39:31","slug":"carreira","status":"publish","type":"page","link":"https:\/\/www.fabricac.com.br\/messer\/carreira\/","title":{"rendered":"Carreira"},"content":{"rendered":"\t\t<div data-elementor-type=\"wp-page\" data-elementor-id=\"4003\" class=\"elementor elementor-4003\" data-elementor-post-type=\"page\">\n\t\t\t\t<div class=\"elementor-element elementor-element-e64dd0a e-con-full e-flex e-con e-parent\" data-id=\"e64dd0a\" data-element_type=\"container\" data-settings=\"{&quot;background_background&quot;:&quot;classic&quot;}\">\n\t\t<div class=\"elementor-element elementor-element-604847f e-con-full e-flex e-con e-child\" data-id=\"604847f\" data-element_type=\"container\">\n\t\t\t\t<div class=\"elementor-element elementor-element-69759bd elementor-widget elementor-widget-heading\" data-id=\"69759bd\" data-element_type=\"widget\" data-widget_type=\"heading.default\">\n\t\t\t\t\t<h2 class=\"elementor-heading-title elementor-size-default\">Carreira<\/h2>\t\t\t\t<\/div>\n\t\t\t\t<div class=\"elementor-element elementor-element-0a9e751 elementor-widget elementor-widget-hfe-breadcrumbs-widget\" data-id=\"0a9e751\" data-element_type=\"widget\" data-widget_type=\"hfe-breadcrumbs-widget.default\">\n\t\t\t\t<div class=\"elementor-widget-container\">\n\t\t\t\t\t<nav aria-label=\"Breadcrumb\"><ul class=\"hfe-breadcrumbs hfe-breadcrumbs-show-home\"><li class=\"hfe-breadcrumbs-item hfe-breadcrumbs-first\"><span class=\"hfe-breadcrumbs-home-icon\"><\/span><a href=\"https:\/\/www.fabricac.com.br\/messer\"><span class=\"hfe-breadcrumbs-text\">Home<\/span><\/a><\/li><\/ul><\/nav>\t\t\t\t<\/div>\n\t\t\t\t<\/div>\n\t\t\t\t<\/div>\n\t\t\t\t<\/div>\n\t\t<div class=\"elementor-element elementor-element-69c2fbb row-boxed e-flex e-con-boxed e-con e-parent\" data-id=\"69c2fbb\" data-element_type=\"container\" data-settings=\"{&quot;background_background&quot;:&quot;classic&quot;}\">\n\t\t\t\t\t<div class=\"e-con-inner\">\n\t\t<div class=\"elementor-element elementor-element-f1d3acb e-flex e-con-boxed e-con e-child\" data-id=\"f1d3acb\" data-element_type=\"container\">\n\t\t\t\t\t<div class=\"e-con-inner\">\n\t\t\t\t<div class=\"elementor-element elementor-element-ec47616 elementor-widget__width-initial elementor-widget elementor-widget-text-editor\" data-id=\"ec47616\" data-element_type=\"widget\" data-widget_type=\"text-editor.default\">\n\t\t\t\t\t\t\t\t\t<p>A Messer Gases Brasil faz parte do Grupo Messer, que hoje representa um empreendimento global de US$ 4,8 bilh\u00f5es, com mais de 11.000 colaboradores, tem longa experi\u00eancia na produ\u00e7\u00e3o e fornecimento de gases industriais, medicinais e especiais.<\/p>\t\t\t\t\t\t\t\t<\/div>\n\t\t\t\t\t<\/div>\n\t\t\t\t<\/div>\n\t\t\t\t\t<\/div>\n\t\t\t\t<\/div>\n\t\t<div class=\"elementor-element elementor-element-a829f83 e-flex e-con-boxed e-con e-parent\" data-id=\"a829f83\" data-element_type=\"container\">\n\t\t\t\t\t<div class=\"e-con-inner\">\n\t\t\t\t<div class=\"elementor-element elementor-element-babb8c3 elementor-widget elementor-widget-image\" data-id=\"babb8c3\" data-element_type=\"widget\" data-widget_type=\"image.default\">\n\t\t\t\t\t\t\t\t\t\t\t\t\t\t\t<img decoding=\"async\" width=\"122\" height=\"187\" src=\"https:\/\/www.fabricac.com.br\/messer\/wp-content\/uploads\/2025\/08\/selos-2025-v1-1.webp\" class=\"attachment-large size-large wp-image-4009\" alt=\"\" \/>\t\t\t\t\t\t\t\t\t\t\t\t\t\t\t<\/div>\n\t\t\t\t<div class=\"elementor-element elementor-element-bf9052d elementor-widget elementor-widget-image\" data-id=\"bf9052d\" data-element_type=\"widget\" data-widget_type=\"image.default\">\n\t\t\t\t\t\t\t\t\t\t\t\t\t\t\t<img decoding=\"async\" width=\"106\" height=\"187\" src=\"https:\/\/www.fabricac.com.br\/messer\/wp-content\/uploads\/2025\/08\/selos-2025-v1-2.webp\" class=\"attachment-large size-large wp-image-4008\" alt=\"\" \/>\t\t\t\t\t\t\t\t\t\t\t\t\t\t\t<\/div>\n\t\t\t\t<div class=\"elementor-element elementor-element-d4c21fd elementor-widget elementor-widget-image\" data-id=\"d4c21fd\" data-element_type=\"widget\" data-widget_type=\"image.default\">\n\t\t\t\t\t\t\t\t\t\t\t\t\t\t\t<img decoding=\"async\" src=\"https:\/\/www.fabricac.com.br\/messer\/wp-content\/uploads\/elementor\/thumbs\/gptw-etnico-rdmu1ejoxjo41jz9hldq3de8km7bt4pkv1xtrctmo0.webp\" title=\"gptw-etnico\" alt=\"gptw-etnico\" loading=\"lazy\" \/>\t\t\t\t\t\t\t\t\t\t\t\t\t\t\t<\/div>\n\t\t\t\t<div class=\"elementor-element elementor-element-c6eb3c3 elementor-widget elementor-widget-image\" data-id=\"c6eb3c3\" data-element_type=\"widget\" data-widget_type=\"image.default\">\n\t\t\t\t\t\t\t\t\t\t\t\t\t\t\t<img decoding=\"async\" width=\"160\" height=\"157\" src=\"https:\/\/www.fabricac.com.br\/messer\/wp-content\/uploads\/2025\/08\/selos-2025-v1-4.webp\" class=\"attachment-large size-large wp-image-4011\" alt=\"\" \/>\t\t\t\t\t\t\t\t\t\t\t\t\t\t\t<\/div>\n\t\t\t\t<div class=\"elementor-element elementor-element-4820dcf elementor-widget elementor-widget-image\" data-id=\"4820dcf\" data-element_type=\"widget\" data-widget_type=\"image.default\">\n\t\t\t\t\t\t\t\t\t\t\t\t\t\t\t<img decoding=\"async\" src=\"https:\/\/www.fabricac.com.br\/messer\/wp-content\/uploads\/elementor\/thumbs\/messer-epoca-rckgiendgbhjf0mim012xel31eob9vz39pzo8eaxso.webp\" title=\"messer-epoca\" alt=\"messer-epoca\" loading=\"lazy\" \/>\t\t\t\t\t\t\t\t\t\t\t\t\t\t\t<\/div>\n\t\t\t\t\t<\/div>\n\t\t\t\t<\/div>\n\t\t<div class=\"elementor-element elementor-element-0aceb8b e-flex e-con-boxed e-con e-parent\" data-id=\"0aceb8b\" data-element_type=\"container\" data-settings=\"{&quot;background_background&quot;:&quot;classic&quot;}\">\n\t\t\t\t\t<div class=\"e-con-inner\">\n\t\t<div class=\"elementor-element elementor-element-148f45d e-con-full e-flex e-con e-child\" data-id=\"148f45d\" data-element_type=\"container\">\n\t\t\t\t<div class=\"elementor-element elementor-element-adf1096 lined-title elementor-widget elementor-widget-heading\" data-id=\"adf1096\" data-element_type=\"widget\" data-widget_type=\"heading.default\">\n\t\t\t\t\t<h2 class=\"elementor-heading-title elementor-size-default\">Vem ser Messer!<\/h2>\t\t\t\t<\/div>\n\t\t\t\t<div class=\"elementor-element elementor-element-411b45f texto-destaque elementor-widget elementor-widget-text-editor\" data-id=\"411b45f\" data-element_type=\"widget\" data-widget_type=\"text-editor.default\">\n\t\t\t\t\t\t\t\t\t<p>Empresa certificada Great Place to Work e Great People Mental Health, que promove um excelente ambiente de trabalho e se preocupa com o bem-estar das pessoas. Uma das empresas inovadoras do Brasil (Pr\u00eamio Valor Inova\u00e7\u00e3o).<\/p><p>Na Messer Gases Brasil valorizamos as pessoas por meio de um ambiente \u00e9tico, seguro e agrad\u00e1vel pois sabemos que os resultados s\u00e3o alcan\u00e7ados pelo trabalho pelas pessoas. Um time verdadeiramente apaixonado pelo que faz. Esse \u00e9 um dos motivos pelo qual apresentamos constantemente resultados acima do esperado!<\/p><p>Acesse nosso Banco de Talentos e candidate-se \u00e0s oportunidades dispon\u00edveis.<\/p>\t\t\t\t\t\t\t\t<\/div>\n\t\t\t\t<div class=\"elementor-element elementor-element-ee5f400 elementor-align-left elementor-mobile-align-center elementor-widget elementor-widget-button\" data-id=\"ee5f400\" data-element_type=\"widget\" data-widget_type=\"button.default\">\n\t\t\t\t\t\t\t\t\t\t<a class=\"elementor-button elementor-button-link elementor-size-sm\" href=\"https:\/\/messergases.gupy.io\/\">\n\t\t\t\t\t\t<span class=\"elementor-button-content-wrapper\">\n\t\t\t\t\t\t\t\t\t<span class=\"elementor-button-text\">Conhe\u00e7a as Oportunidades<\/span>\n\t\t\t\t\t<\/span>\n\t\t\t\t\t<\/a>\n\t\t\t\t\t\t\t\t<\/div>\n\t\t\t\t<\/div>\n\t\t<div class=\"elementor-element elementor-element-88814e4 e-con-full e-flex e-con e-child\" data-id=\"88814e4\" data-element_type=\"container\">\n\t\t\t\t<div class=\"elementor-element elementor-element-900d73e elementor-widget elementor-widget-image\" data-id=\"900d73e\" data-element_type=\"widget\" data-widget_type=\"image.default\">\n\t\t\t\t\t\t\t\t\t\t\t\t\t\t\t<img loading=\"lazy\" decoding=\"async\" width=\"720\" height=\"569\" src=\"https:\/\/www.fabricac.com.br\/messer\/wp-content\/uploads\/2025\/08\/faca-parte.jpg\" class=\"attachment-large size-large wp-image-4013\" alt=\"\" srcset=\"https:\/\/www.fabricac.com.br\/messer\/wp-content\/uploads\/2025\/08\/faca-parte.jpg 720w, https:\/\/www.fabricac.com.br\/messer\/wp-content\/uploads\/2025\/08\/faca-parte-300x237.jpg 300w\" sizes=\"(max-width: 720px) 100vw, 720px\" \/>\t\t\t\t\t\t\t\t\t\t\t\t\t\t\t<\/div>\n\t\t\t\t<\/div>\n\t\t\t\t\t<\/div>\n\t\t\t\t<\/div>\n\t\t<div class=\"elementor-element elementor-element-ef384c3 row-boxed e-flex e-con-boxed e-con e-parent\" data-id=\"ef384c3\" data-element_type=\"container\" data-settings=\"{&quot;background_background&quot;:&quot;classic&quot;}\">\n\t\t\t\t\t<div class=\"e-con-inner\">\n\t\t<div class=\"elementor-element elementor-element-83add4b e-flex e-con-boxed e-con e-child\" data-id=\"83add4b\" data-element_type=\"container\">\n\t\t\t\t\t<div class=\"e-con-inner\">\n\t\t\t\t<div class=\"elementor-element elementor-element-e123d31 elementor-widget__width-initial elementor-widget elementor-widget-text-editor\" data-id=\"e123d31\" data-element_type=\"widget\" data-widget_type=\"text-editor.default\">\n\t\t\t\t\t\t\t\t\t<p>Valorizar e qualificar as pessoas, gerar oportunidades para jovens, promover a integra\u00e7\u00e3o com a comunidade e o bem-estar comum. Essas s\u00e3o algumas das importantes premissas dos diversos programas que realizamos.<\/p>\t\t\t\t\t\t\t\t<\/div>\n\t\t\t\t<div class=\"elementor-element elementor-element-ce88b27 elementor-widget elementor-widget-heading\" data-id=\"ce88b27\" data-element_type=\"widget\" data-widget_type=\"heading.default\">\n\t\t\t\t\t<h2 class=\"elementor-heading-title elementor-size-default\">Siga a Messer nas redes sociais<\/h2>\t\t\t\t<\/div>\n\t\t\t\t<div class=\"elementor-element elementor-element-885cdac elementor-shape-circle elementor-grid-0 e-grid-align-center elementor-widget elementor-widget-social-icons\" data-id=\"885cdac\" data-element_type=\"widget\" data-widget_type=\"social-icons.default\">\n\t\t\t\t\t\t\t<div class=\"elementor-social-icons-wrapper elementor-grid\" role=\"list\">\n\t\t\t\t\t\t\t<span class=\"elementor-grid-item\" role=\"listitem\">\n\t\t\t\t\t<a class=\"elementor-icon elementor-social-icon elementor-social-icon-instagram elementor-repeater-item-5fef571\" href=\"https:\/\/www.instagram.com\/messergasesbrasil\/\" target=\"_blank\">\n\t\t\t\t\t\t<span class=\"elementor-screen-only\">Instagram<\/span>\n\t\t\t\t\t\t<svg aria-hidden=\"true\" class=\"e-font-icon-svg e-fab-instagram\" viewBox=\"0 0 448 512\" xmlns=\"http:\/\/www.w3.org\/2000\/svg\"><path d=\"M224.1 141c-63.6 0-114.9 51.3-114.9 114.9s51.3 114.9 114.9 114.9S339 319.5 339 255.9 287.7 141 224.1 141zm0 189.6c-41.1 0-74.7-33.5-74.7-74.7s33.5-74.7 74.7-74.7 74.7 33.5 74.7 74.7-33.6 74.7-74.7 74.7zm146.4-194.3c0 14.9-12 26.8-26.8 26.8-14.9 0-26.8-12-26.8-26.8s12-26.8 26.8-26.8 26.8 12 26.8 26.8zm76.1 27.2c-1.7-35.9-9.9-67.7-36.2-93.9-26.2-26.2-58-34.4-93.9-36.2-37-2.1-147.9-2.1-184.9 0-35.8 1.7-67.6 9.9-93.9 36.1s-34.4 58-36.2 93.9c-2.1 37-2.1 147.9 0 184.9 1.7 35.9 9.9 67.7 36.2 93.9s58 34.4 93.9 36.2c37 2.1 147.9 2.1 184.9 0 35.9-1.7 67.7-9.9 93.9-36.2 26.2-26.2 34.4-58 36.2-93.9 2.1-37 2.1-147.8 0-184.8zM398.8 388c-7.8 19.6-22.9 34.7-42.6 42.6-29.5 11.7-99.5 9-132.1 9s-102.7 2.6-132.1-9c-19.6-7.8-34.7-22.9-42.6-42.6-11.7-29.5-9-99.5-9-132.1s-2.6-102.7 9-132.1c7.8-19.6 22.9-34.7 42.6-42.6 29.5-11.7 99.5-9 132.1-9s102.7-2.6 132.1 9c19.6 7.8 34.7 22.9 42.6 42.6 11.7 29.5 9 99.5 9 132.1s2.7 102.7-9 132.1z\"><\/path><\/svg>\t\t\t\t\t<\/a>\n\t\t\t\t<\/span>\n\t\t\t\t\t\t\t<span class=\"elementor-grid-item\" role=\"listitem\">\n\t\t\t\t\t<a class=\"elementor-icon elementor-social-icon elementor-social-icon-linkedin elementor-repeater-item-0e77943\" href=\"https:\/\/www.linkedin.com\/company\/messer-gases-brasil\/\" target=\"_blank\">\n\t\t\t\t\t\t<span class=\"elementor-screen-only\">Linkedin<\/span>\n\t\t\t\t\t\t<svg aria-hidden=\"true\" class=\"e-font-icon-svg e-fab-linkedin\" viewBox=\"0 0 448 512\" xmlns=\"http:\/\/www.w3.org\/2000\/svg\"><path d=\"M416 32H31.9C14.3 32 0 46.5 0 64.3v383.4C0 465.5 14.3 480 31.9 480H416c17.6 0 32-14.5 32-32.3V64.3c0-17.8-14.4-32.3-32-32.3zM135.4 416H69V202.2h66.5V416zm-33.2-243c-21.3 0-38.5-17.3-38.5-38.5S80.9 96 102.2 96c21.2 0 38.5 17.3 38.5 38.5 0 21.3-17.2 38.5-38.5 38.5zm282.1 243h-66.4V312c0-24.8-.5-56.7-34.5-56.7-34.6 0-39.9 27-39.9 54.9V416h-66.4V202.2h63.7v29.2h.9c8.9-16.8 30.6-34.5 62.9-34.5 67.2 0 79.7 44.3 79.7 101.9V416z\"><\/path><\/svg>\t\t\t\t\t<\/a>\n\t\t\t\t<\/span>\n\t\t\t\t\t\t\t<span class=\"elementor-grid-item\" role=\"listitem\">\n\t\t\t\t\t<a class=\"elementor-icon elementor-social-icon elementor-social-icon-facebook elementor-repeater-item-8ed3686\" href=\"https:\/\/www.facebook.com\/messergasesbrasil\" target=\"_blank\">\n\t\t\t\t\t\t<span class=\"elementor-screen-only\">Facebook<\/span>\n\t\t\t\t\t\t<svg aria-hidden=\"true\" class=\"e-font-icon-svg e-fab-facebook\" viewBox=\"0 0 512 512\" xmlns=\"http:\/\/www.w3.org\/2000\/svg\"><path d=\"M504 256C504 119 393 8 256 8S8 119 8 256c0 123.78 90.69 226.38 209.25 245V327.69h-63V256h63v-54.64c0-62.15 37-96.48 93.67-96.48 27.14 0 55.52 4.84 55.52 4.84v61h-31.28c-30.8 0-40.41 19.12-40.41 38.73V256h68.78l-11 71.69h-57.78V501C413.31 482.38 504 379.78 504 256z\"><\/path><\/svg>\t\t\t\t\t<\/a>\n\t\t\t\t<\/span>\n\t\t\t\t\t\t\t<span class=\"elementor-grid-item\" role=\"listitem\">\n\t\t\t\t\t<a class=\"elementor-icon elementor-social-icon elementor-social-icon-youtube elementor-repeater-item-b72a529\" href=\"https:\/\/www.youtube.com\/channel\/UCka2NrOFCR_WZYye41OPQJQ\" target=\"_blank\">\n\t\t\t\t\t\t<span class=\"elementor-screen-only\">Youtube<\/span>\n\t\t\t\t\t\t<svg aria-hidden=\"true\" class=\"e-font-icon-svg e-fab-youtube\" viewBox=\"0 0 576 512\" xmlns=\"http:\/\/www.w3.org\/2000\/svg\"><path d=\"M549.655 124.083c-6.281-23.65-24.787-42.276-48.284-48.597C458.781 64 288 64 288 64S117.22 64 74.629 75.486c-23.497 6.322-42.003 24.947-48.284 48.597-11.412 42.867-11.412 132.305-11.412 132.305s0 89.438 11.412 132.305c6.281 23.65 24.787 41.5 48.284 47.821C117.22 448 288 448 288 448s170.78 0 213.371-11.486c23.497-6.321 42.003-24.171 48.284-47.821 11.412-42.867 11.412-132.305 11.412-132.305s0-89.438-11.412-132.305zm-317.51 213.508V175.185l142.739 81.205-142.739 81.201z\"><\/path><\/svg>\t\t\t\t\t<\/a>\n\t\t\t\t<\/span>\n\t\t\t\t\t<\/div>\n\t\t\t\t\t\t<\/div>\n\t\t\t\t\t<\/div>\n\t\t\t\t<\/div>\n\t\t\t\t\t<\/div>\n\t\t\t\t<\/div>\n\t\t\t\t<\/div>\n\t\t","protected":false},"excerpt":{"rendered":"<p>Carreira Home A Messer Gases Brasil faz parte do Grupo Messer, que hoje representa um empreendimento global de US$ 4,8 bilh\u00f5es, com mais de 11.000 colaboradores, tem longa experi\u00eancia na produ\u00e7\u00e3o e fornecimento de gases industriais, medicinais e especiais. Vem ser Messer! Empresa certificada Great Place to Work e Great People Mental Health, que promove [&hellip;]<\/p>\n","protected":false},"author":1,"featured_media":0,"parent":0,"menu_order":0,"comment_status":"closed","ping_status":"closed","template":"","meta":{"footnotes":""},"class_list":["post-4003","page","type-page","status-publish","hentry"],"_links":{"self":[{"href":"https:\/\/www.fabricac.com.br\/messer\/wp-json\/wp\/v2\/pages\/4003","targetHints":{"allow":["GET"]}}],"collection":[{"href":"https:\/\/www.fabricac.com.br\/messer\/wp-json\/wp\/v2\/pages"}],"about":[{"href":"https:\/\/www.fabricac.com.br\/messer\/wp-json\/wp\/v2\/types\/page"}],"author":[{"embeddable":true,"href":"https:\/\/www.fabricac.com.br\/messer\/wp-json\/wp\/v2\/users\/1"}],"replies":[{"embeddable":true,"href":"https:\/\/www.fabricac.com.br\/messer\/wp-json\/wp\/v2\/comments?post=4003"}],"version-history":[{"count":40,"href":"https:\/\/www.fabricac.com.br\/messer\/wp-json\/wp\/v2\/pages\/4003\/revisions"}],"predecessor-version":[{"id":13032,"href":"https:\/\/www.fabricac.com.br\/messer\/wp-json\/wp\/v2\/pages\/4003\/revisions\/13032"}],"wp:attachment":[{"href":"https:\/\/www.fabricac.com.br\/messer\/wp-json\/wp\/v2\/media?parent=4003"}],"curies":[{"name":"wp","href":"https:\/\/api.w.org\/{rel}","templated":true}]}}