{"id":3822,"date":"2025-01-09T10:25:25","date_gmt":"2025-01-09T13:25:25","guid":{"rendered":"https:\/\/www.fabricac.com.br\/messer\/?page_id=3822"},"modified":"2025-10-22T15:00:19","modified_gmt":"2025-10-22T18:00:19","slug":"politica-de-inovacao","status":"publish","type":"page","link":"https:\/\/www.fabricac.com.br\/messer\/sobre\/politica-de-inovacao\/","title":{"rendered":"Pol\u00edtica de Inova\u00e7\u00e3o"},"content":{"rendered":"\t\t<div data-elementor-type=\"wp-page\" data-elementor-id=\"3822\" class=\"elementor elementor-3822\" data-elementor-post-type=\"page\">\n\t\t\t\t<div class=\"elementor-element elementor-element-e64dd0a e-con-full e-flex e-con e-parent\" data-id=\"e64dd0a\" data-element_type=\"container\" data-settings=\"{&quot;background_background&quot;:&quot;classic&quot;}\">\n\t\t<div class=\"elementor-element elementor-element-604847f e-con-full e-flex e-con e-child\" data-id=\"604847f\" data-element_type=\"container\">\n\t\t\t\t<div class=\"elementor-element elementor-element-69759bd elementor-widget elementor-widget-heading\" data-id=\"69759bd\" data-element_type=\"widget\" data-widget_type=\"heading.default\">\n\t\t\t\t\t<h2 class=\"elementor-heading-title elementor-size-default\">Pol\u00edtica de Inova\u00e7\u00e3o<\/h2>\t\t\t\t<\/div>\n\t\t\t\t<div class=\"elementor-element elementor-element-7efcb5a elementor-widget elementor-widget-hfe-breadcrumbs-widget\" data-id=\"7efcb5a\" data-element_type=\"widget\" data-widget_type=\"hfe-breadcrumbs-widget.default\">\n\t\t\t\t<div class=\"elementor-widget-container\">\n\t\t\t\t\t<nav aria-label=\"Breadcrumb\"><ul class=\"hfe-breadcrumbs hfe-breadcrumbs-show-home\"><li class=\"hfe-breadcrumbs-item hfe-breadcrumbs-first\"><span class=\"hfe-breadcrumbs-home-icon\"><\/span><a href=\"https:\/\/www.fabricac.com.br\/messer\"><span class=\"hfe-breadcrumbs-text\">Home<\/span><\/a><\/li><\/ul><\/nav>\t\t\t\t<\/div>\n\t\t\t\t<\/div>\n\t\t\t\t<\/div>\n\t\t\t\t<\/div>\n\t\t<div class=\"elementor-element elementor-element-b440aa0 e-flex e-con-boxed e-con e-parent\" data-id=\"b440aa0\" data-element_type=\"container\" data-settings=\"{&quot;background_background&quot;:&quot;classic&quot;}\">\n\t\t\t\t\t<div class=\"e-con-inner\">\n\t\t<div class=\"elementor-element elementor-element-0514f98 e-con-full e-flex e-con e-child\" data-id=\"0514f98\" data-element_type=\"container\">\n\t\t\t\t<div class=\"elementor-element elementor-element-dbf4155 elementor-widget__width-inherit elementor-widget elementor-widget-text-editor\" data-id=\"dbf4155\" data-element_type=\"widget\" data-widget_type=\"text-editor.default\">\n\t\t\t\t\t\t\t\t\t<p>Os departamentos de Inova\u00e7\u00e3o &amp; Produtividade, Gases Especiais, Delivery Bulk, Make Bulk, Procurement, RH e TI, orientam suas decis\u00f5es e atividades na busca de resultados que garantam a constante inova\u00e7\u00e3o de seus processos, servi\u00e7os e produtos, dessa forma satisfazendo constantemente todas suas partes interessadas.<\/p>\t\t\t\t\t\t\t\t<\/div>\n\t\t\t\t<\/div>\n\t\t<div class=\"elementor-element elementor-element-1204bb7 e-con-full e-flex e-con e-child\" data-id=\"1204bb7\" data-element_type=\"container\">\n\t\t\t\t<div class=\"elementor-element elementor-element-9a8984a elementor-widget elementor-widget-image\" data-id=\"9a8984a\" data-element_type=\"widget\" data-widget_type=\"image.default\">\n\t\t\t\t\t\t\t\t\t\t\t\t\t\t\t<img fetchpriority=\"high\" decoding=\"async\" width=\"700\" height=\"385\" src=\"https:\/\/www.fabricac.com.br\/messer\/wp-content\/uploads\/2025\/01\/inova.webp\" class=\"attachment-full size-full wp-image-3824\" alt=\"\" srcset=\"https:\/\/www.fabricac.com.br\/messer\/wp-content\/uploads\/2025\/01\/inova.webp 700w, https:\/\/www.fabricac.com.br\/messer\/wp-content\/uploads\/2025\/01\/inova-300x165.webp 300w\" sizes=\"(max-width: 700px) 100vw, 700px\" \/>\t\t\t\t\t\t\t\t\t\t\t\t\t\t\t<\/div>\n\t\t\t\t<\/div>\n\t\t\t\t\t<\/div>\n\t\t\t\t<\/div>\n\t\t<div class=\"elementor-element elementor-element-615e9e9 e-flex e-con-boxed e-con e-parent\" data-id=\"615e9e9\" data-element_type=\"container\" data-settings=\"{&quot;background_background&quot;:&quot;classic&quot;}\">\n\t\t\t\t\t<div class=\"e-con-inner\">\n\t\t<div class=\"elementor-element elementor-element-a74c98e e-con-full e-flex e-con e-child\" data-id=\"a74c98e\" data-element_type=\"container\">\n\t\t\t\t<div class=\"elementor-element elementor-element-c0ec224 elementor-widget elementor-widget-text-editor\" data-id=\"c0ec224\" data-element_type=\"widget\" data-widget_type=\"text-editor.default\">\n\t\t\t\t\t\t\t\t\t<p><strong>Para alcan\u00e7ar esses objetivos, n\u00f3s buscamos:<\/strong><\/p><ul class=\"list-style-texto\"><li>Implementar\u00a0<i>insights<\/i>\u00a0gerados pelas partes interessadas;<\/li><li>Ser refer\u00eancia em inova\u00e7\u00e3o, gerando valor para partes interessadas;<\/li><li>Agregar valor atrav\u00e9s da inova\u00e7\u00e3o para o cliente, colaborador e acionista;<\/li><li>Criar processos para aumentar a produtividade e o crescimento de vendas;<\/li><li>Garantir um esp\u00edrito colaborativo dentro da empresa;<\/li><li>Ter uma lideran\u00e7a focada na inova\u00e7\u00e3o;<\/li><li>Garantir a transforma\u00e7\u00e3o digital e otimiza\u00e7\u00e3o de recursos naturais;<\/li><li>Melhorar continuamente os resultados do sistema de gest\u00e3o da inova\u00e7\u00e3o.<\/li><\/ul>\t\t\t\t\t\t\t\t<\/div>\n\t\t\t\t<\/div>\n\t\t<div class=\"elementor-element elementor-element-03ade10 e-con-full e-flex e-con e-child\" data-id=\"03ade10\" data-element_type=\"container\">\n\t\t\t\t<div class=\"elementor-element elementor-element-973f6ea elementor-widget elementor-widget-image\" data-id=\"973f6ea\" data-element_type=\"widget\" data-widget_type=\"image.default\">\n\t\t\t\t\t\t\t\t\t\t\t\t\t\t\t<img decoding=\"async\" width=\"600\" height=\"396\" src=\"https:\/\/www.fabricac.com.br\/messer\/wp-content\/uploads\/2025\/01\/seg2.jpg\" class=\"attachment-full size-full wp-image-3788\" alt=\"\" srcset=\"https:\/\/www.fabricac.com.br\/messer\/wp-content\/uploads\/2025\/01\/seg2.jpg 600w, https:\/\/www.fabricac.com.br\/messer\/wp-content\/uploads\/2025\/01\/seg2-300x198.jpg 300w\" sizes=\"(max-width: 600px) 100vw, 600px\" \/>\t\t\t\t\t\t\t\t\t\t\t\t\t\t\t<\/div>\n\t\t\t\t<\/div>\n\t\t\t\t\t<\/div>\n\t\t\t\t<\/div>\n\t\t<div class=\"elementor-element elementor-element-d3a3b34 e-flex e-con-boxed e-con e-parent\" data-id=\"d3a3b34\" data-element_type=\"container\">\n\t\t\t\t\t<div class=\"e-con-inner\">\n\t\t<div class=\"elementor-element elementor-element-f380879 e-con-full e-flex e-con e-child\" data-id=\"f380879\" data-element_type=\"container\">\n\t\t\t\t<div class=\"elementor-element elementor-element-c28e7d9 elementor-widget-mobile__width-inherit elementor-widget elementor-widget-text-editor\" data-id=\"c28e7d9\" data-element_type=\"widget\" data-widget_type=\"text-editor.default\">\n\t\t\t\t\t\t\t\t\t<div class=\"kc-elm kc-css-589918 kc_col-sm-6 kc_column_inner kc_col-sm-6\"><div class=\"kc_wrapper kc-col-inner-container\"><div class=\"kc-elm kc-css-3735 kc_text_block\"><div class=\"kc-elm kc-css-130550 kc_row kc_row_inner\"><div class=\"kc-elm kc-css-17523 kc_col-sm-12 kc_column_inner kc_col-sm-12\"><div class=\"kc_wrapper kc-col-inner-container\"><div class=\"kc-elm kc-css-633641 kc_text_block\"><p><strong>Como sistema de inova\u00e7\u00e3o temos como Miss\u00e3o:<\/strong><br \/>A Messer Americas se tornar\u00e1 a escolha como principal fornecedor de gases industriais, medicinais e especiais nas Am\u00e9ricas, admirados por nossa preocupa\u00e7\u00e3o com seguran\u00e7a, nosso foco no cliente e nossa cultura de alta performance. Capacitada por nossos colaboradores altamente qualificados, forneceremos aplica\u00e7\u00f5es inovadoras para nossos clientes, com agilidade e atendimento confi\u00e1vel. Seremos empreendedores, \u00e1geis e enxutos, e claramente diferenciados dos demais players globais estabelecidos no mercado de gases.<\/p><\/div><\/div><\/div><\/div><div class=\"kc-elm kc-css-944579 kc_row kc_row_inner\"><div class=\"kc-elm kc-css-743624 kc_col-sm-12 kc_column_inner kc_col-sm-12\"><div class=\"kc_wrapper kc-col-inner-container\"><div class=\"kc-elm kc-css-782197 kc_text_block\"><p><strong>Como vis\u00e3o da inova\u00e7\u00e3o queremos:<\/strong><\/p><ul class=\"list-style-texto\"><li>Desenvolver solu\u00e7\u00f5es de alto valor que excedam as expectativas do cliente.<\/li><li>Entregar tecnologia e aplica\u00e7\u00f5es de ponta.<\/li><li>Ampliar ainda mais nosso portf\u00f3lio com tecnologia inovadora.<\/li><li>Fornecer, de forma confi\u00e1vel, gases de qualidade atrav\u00e9s de uma extensa rede de fornecimento e distribui\u00e7\u00e3o.<\/li><\/ul><\/div><\/div><\/div><\/div><\/div><\/div><\/div>\t\t\t\t\t\t\t\t<\/div>\n\t\t\t\t<\/div>\n\t\t\t\t\t<\/div>\n\t\t\t\t<\/div>\n\t\t\t\t<\/div>\n\t\t","protected":false},"excerpt":{"rendered":"<p>Pol\u00edtica de Inova\u00e7\u00e3o Home Os departamentos de Inova\u00e7\u00e3o &amp; Produtividade, Gases Especiais, Delivery Bulk, Make Bulk, Procurement, RH e TI, orientam suas decis\u00f5es e atividades na busca de resultados que garantam a constante inova\u00e7\u00e3o de seus processos, servi\u00e7os e produtos, dessa forma satisfazendo constantemente todas suas partes interessadas. Para alcan\u00e7ar esses objetivos, n\u00f3s buscamos: Implementar\u00a0insights\u00a0gerados [&hellip;]<\/p>\n","protected":false},"author":1,"featured_media":0,"parent":3517,"menu_order":0,"comment_status":"closed","ping_status":"closed","template":"","meta":{"footnotes":""},"class_list":["post-3822","page","type-page","status-publish","hentry"],"_links":{"self":[{"href":"https:\/\/www.fabricac.com.br\/messer\/wp-json\/wp\/v2\/pages\/3822","targetHints":{"allow":["GET"]}}],"collection":[{"href":"https:\/\/www.fabricac.com.br\/messer\/wp-json\/wp\/v2\/pages"}],"about":[{"href":"https:\/\/www.fabricac.com.br\/messer\/wp-json\/wp\/v2\/types\/page"}],"author":[{"embeddable":true,"href":"https:\/\/www.fabricac.com.br\/messer\/wp-json\/wp\/v2\/users\/1"}],"replies":[{"embeddable":true,"href":"https:\/\/www.fabricac.com.br\/messer\/wp-json\/wp\/v2\/comments?post=3822"}],"version-history":[{"count":25,"href":"https:\/\/www.fabricac.com.br\/messer\/wp-json\/wp\/v2\/pages\/3822\/revisions"}],"predecessor-version":[{"id":12588,"href":"https:\/\/www.fabricac.com.br\/messer\/wp-json\/wp\/v2\/pages\/3822\/revisions\/12588"}],"up":[{"embeddable":true,"href":"https:\/\/www.fabricac.com.br\/messer\/wp-json\/wp\/v2\/pages\/3517"}],"wp:attachment":[{"href":"https:\/\/www.fabricac.com.br\/messer\/wp-json\/wp\/v2\/media?parent=3822"}],"curies":[{"name":"wp","href":"https:\/\/api.w.org\/{rel}","templated":true}]}}