{"id":3722,"date":"2024-12-12T09:35:10","date_gmt":"2024-12-12T12:35:10","guid":{"rendered":"https:\/\/www.fabricac.com.br\/messer\/?page_id=3722"},"modified":"2025-10-24T09:40:56","modified_gmt":"2025-10-24T12:40:56","slug":"premios-certificacoes","status":"publish","type":"page","link":"https:\/\/www.fabricac.com.br\/messer\/sobre\/premios-certificacoes\/","title":{"rendered":"Pr\u00eamios &#038; Certifica\u00e7\u00f5es"},"content":{"rendered":"\t\t<div data-elementor-type=\"wp-page\" data-elementor-id=\"3722\" class=\"elementor elementor-3722\" data-elementor-post-type=\"page\">\n\t\t\t\t<div class=\"elementor-element elementor-element-e64dd0a e-flex e-con-boxed e-con e-parent\" data-id=\"e64dd0a\" data-element_type=\"container\" data-settings=\"{&quot;background_background&quot;:&quot;classic&quot;}\">\n\t\t\t\t\t<div class=\"e-con-inner\">\n\t\t<div class=\"elementor-element elementor-element-604847f e-con-full e-flex e-con e-child\" data-id=\"604847f\" data-element_type=\"container\">\n\t\t\t\t<div class=\"elementor-element elementor-element-69759bd elementor-widget elementor-widget-heading\" data-id=\"69759bd\" data-element_type=\"widget\" data-widget_type=\"heading.default\">\n\t\t\t\t\t<h2 class=\"elementor-heading-title elementor-size-default\">Pr\u00eamios e Certifica\u00e7\u00f5es<\/h2>\t\t\t\t<\/div>\n\t\t\t\t<div class=\"elementor-element elementor-element-e1f7c73 elementor-widget elementor-widget-text-editor\" data-id=\"e1f7c73\" data-element_type=\"widget\" data-widget_type=\"text-editor.default\">\n\t\t\t\t\t\t\t\t\t<p>Somos uma das empresas mais inovadoras do Brasil, com um ambiente de trabalho diverso, seguro e acolhedor, com foco no cliente.<\/p>\t\t\t\t\t\t\t\t<\/div>\n\t\t\t\t<div class=\"elementor-element elementor-element-17a950d elementor-widget elementor-widget-hfe-breadcrumbs-widget\" data-id=\"17a950d\" data-element_type=\"widget\" data-widget_type=\"hfe-breadcrumbs-widget.default\">\n\t\t\t\t<div class=\"elementor-widget-container\">\n\t\t\t\t\t<nav aria-label=\"Breadcrumb\"><ul class=\"hfe-breadcrumbs hfe-breadcrumbs-show-home\"><li class=\"hfe-breadcrumbs-item hfe-breadcrumbs-first\"><span class=\"hfe-breadcrumbs-home-icon\"><\/span><a href=\"https:\/\/www.fabricac.com.br\/messer\"><span class=\"hfe-breadcrumbs-text\">Home<\/span><\/a><\/li><\/ul><\/nav>\t\t\t\t<\/div>\n\t\t\t\t<\/div>\n\t\t\t\t<\/div>\n\t\t\t\t\t<\/div>\n\t\t\t\t<\/div>\n\t\t<div class=\"elementor-element elementor-element-b440aa0 e-flex e-con-boxed e-con e-parent\" data-id=\"b440aa0\" data-element_type=\"container\" data-settings=\"{&quot;background_background&quot;:&quot;classic&quot;}\">\n\t\t\t\t\t<div class=\"e-con-inner\">\n\t\t<div class=\"elementor-element elementor-element-0514f98 e-con-full e-flex e-con e-child\" data-id=\"0514f98\" data-element_type=\"container\">\n\t\t\t\t<div class=\"elementor-element elementor-element-74ba378 lined-title elementor-widget__width-initial elementor-widget elementor-widget-heading\" data-id=\"74ba378\" data-element_type=\"widget\" data-widget_type=\"heading.default\">\n\t\t\t\t\t<h2 class=\"elementor-heading-title elementor-size-default\">Great Place to Work<\/h2>\t\t\t\t<\/div>\n\t\t\t\t<div class=\"elementor-element elementor-element-dbf4155 elementor-widget__width-inherit elementor-widget elementor-widget-text-editor\" data-id=\"dbf4155\" data-element_type=\"widget\" data-widget_type=\"text-editor.default\">\n\t\t\t\t\t\t\t\t\t<p>Somos certificados pela Great Place to Work e agradecemos ao nosso time por fazerem\u00a0da Messer Gases, uma empresa cada dia melhor, com um \u00f3timo ambiente de trabalho, que respeita seus colaboradores e garante oportunidades a todos.<\/p><p>A pesquisa da Great Place to Work, que \u00e9 realizada em mais de 50 pa\u00edses, tem como base as respostas dos funcion\u00e1rios das empresas, baseado em valores como imparcialidade, orgulho, credibilidade, camaradagem e respeito.<\/p>\t\t\t\t\t\t\t\t<\/div>\n\t\t\t\t<\/div>\n\t\t<div class=\"elementor-element elementor-element-1204bb7 e-con-full e-flex e-con e-child\" data-id=\"1204bb7\" data-element_type=\"container\">\n\t\t\t\t<div class=\"elementor-element elementor-element-9a8984a elementor-widget elementor-widget-image\" data-id=\"9a8984a\" data-element_type=\"widget\" data-widget_type=\"image.default\">\n\t\t\t\t\t\t\t\t\t\t\t\t\t\t\t<img fetchpriority=\"high\" decoding=\"async\" width=\"600\" height=\"424\" src=\"https:\/\/www.fabricac.com.br\/messer\/wp-content\/uploads\/2025\/09\/selos-2025-v3-1.webp\" class=\"attachment-full size-full wp-image-4289\" alt=\"\" srcset=\"https:\/\/www.fabricac.com.br\/messer\/wp-content\/uploads\/2025\/09\/selos-2025-v3-1.webp 600w, https:\/\/www.fabricac.com.br\/messer\/wp-content\/uploads\/2025\/09\/selos-2025-v3-1-300x212.webp 300w\" sizes=\"(max-width: 600px) 100vw, 600px\" \/>\t\t\t\t\t\t\t\t\t\t\t\t\t\t\t<\/div>\n\t\t\t\t<\/div>\n\t\t\t\t\t<\/div>\n\t\t\t\t<\/div>\n\t\t<div class=\"elementor-element elementor-element-615e9e9 e-flex e-con-boxed e-con e-parent\" data-id=\"615e9e9\" data-element_type=\"container\" data-settings=\"{&quot;background_background&quot;:&quot;classic&quot;}\">\n\t\t\t\t\t<div class=\"e-con-inner\">\n\t\t<div class=\"elementor-element elementor-element-a74c98e e-con-full e-flex e-con e-child\" data-id=\"a74c98e\" data-element_type=\"container\">\n\t\t\t\t<div class=\"elementor-element elementor-element-415ac10 lined-title elementor-widget elementor-widget-heading\" data-id=\"415ac10\" data-element_type=\"widget\" data-widget_type=\"heading.default\">\n\t\t\t\t\t<h2 class=\"elementor-heading-title elementor-size-default\">Great People Mental Health<\/h2>\t\t\t\t<\/div>\n\t\t\t\t<div class=\"elementor-element elementor-element-c0ec224 elementor-widget__width-inherit elementor-widget elementor-widget-text-editor\" data-id=\"c0ec224\" data-element_type=\"widget\" data-widget_type=\"text-editor.default\">\n\t\t\t\t\t\t\t\t\t<p>A certifica\u00e7\u00e3o Great People Mental Health destaca o compromisso com a sa\u00fade mental e o bem-estar dos colaboradores. Esta conquista n\u00e3o \u00e9 apenas um reflexo da nossa dedica\u00e7\u00e3o em criar um ambiente de trabalho saud\u00e1vel e acolhedor, mas tamb\u00e9m uma prova do impacto positivo que nossa abordagem proativa tem na vida de cada membro da equipe. Ao receber esta distin\u00e7\u00e3o, reafirmamos nosso compromisso em investir continuamente no suporte e na valoriza\u00e7\u00e3o da sa\u00fade mental, criando um espa\u00e7o onde todos possam prosperar e alcan\u00e7ar seu pleno potencial.\u00a0<\/p>\t\t\t\t\t\t\t\t<\/div>\n\t\t\t\t<\/div>\n\t\t<div class=\"elementor-element elementor-element-03ade10 e-con-full e-flex e-con e-child\" data-id=\"03ade10\" data-element_type=\"container\">\n\t\t\t\t<div class=\"elementor-element elementor-element-973f6ea elementor-widget elementor-widget-image\" data-id=\"973f6ea\" data-element_type=\"widget\" data-widget_type=\"image.default\">\n\t\t\t\t\t\t\t\t\t\t\t\t\t\t\t<img decoding=\"async\" width=\"600\" height=\"424\" src=\"https:\/\/www.fabricac.com.br\/messer\/wp-content\/uploads\/2025\/09\/selos-2025-v3-2.webp\" class=\"attachment-full size-full wp-image-4290\" alt=\"\" srcset=\"https:\/\/www.fabricac.com.br\/messer\/wp-content\/uploads\/2025\/09\/selos-2025-v3-2.webp 600w, https:\/\/www.fabricac.com.br\/messer\/wp-content\/uploads\/2025\/09\/selos-2025-v3-2-300x212.webp 300w\" sizes=\"(max-width: 600px) 100vw, 600px\" \/>\t\t\t\t\t\t\t\t\t\t\t\t\t\t\t<\/div>\n\t\t\t\t<\/div>\n\t\t\t\t\t<\/div>\n\t\t\t\t<\/div>\n\t\t<div class=\"elementor-element elementor-element-679e4df e-flex e-con-boxed e-con e-parent\" data-id=\"679e4df\" data-element_type=\"container\" data-settings=\"{&quot;background_background&quot;:&quot;classic&quot;}\">\n\t\t\t\t\t<div class=\"e-con-inner\">\n\t\t<div class=\"elementor-element elementor-element-125fd48 e-con-full e-flex e-con e-child\" data-id=\"125fd48\" data-element_type=\"container\">\n\t\t\t\t<div class=\"elementor-element elementor-element-5a3b925 lined-title elementor-widget__width-initial elementor-widget elementor-widget-heading\" data-id=\"5a3b925\" data-element_type=\"widget\" data-widget_type=\"heading.default\">\n\t\t\t\t\t<h2 class=\"elementor-heading-title elementor-size-default\">Pr\u00eamio Valor Inova\u00e7\u00e3o<\/h2>\t\t\t\t<\/div>\n\t\t\t\t<div class=\"elementor-element elementor-element-0d2d428 elementor-widget__width-inherit elementor-widget elementor-widget-text-editor\" data-id=\"0d2d428\" data-element_type=\"widget\" data-widget_type=\"text-editor.default\">\n\t\t\t\t\t\t\t\t\t<p>A Messer Gases Brasil foi reconhecida como uma das empresas mais inovadoras do setor qu\u00edmico no Pr\u00eamio Valor Inova\u00e7\u00e3o, o que valoriza a prioridade que a empresa d\u00e1 \u00e0 inova\u00e7\u00e3o em seu modelo de neg\u00f3cios, desenvolvendo solu\u00e7\u00f5es que atendem \u00e0s demandas dos clientes, aliado a uma pol\u00edtica ESG robusta que agrega valor a todos os produtos e servi\u00e7os oferecidos pela companhia<\/p>\t\t\t\t\t\t\t\t<\/div>\n\t\t\t\t<\/div>\n\t\t<div class=\"elementor-element elementor-element-a2a815e e-con-full e-flex e-con e-child\" data-id=\"a2a815e\" data-element_type=\"container\">\n\t\t\t\t<div class=\"elementor-element elementor-element-af99ae0 elementor-widget elementor-widget-image\" data-id=\"af99ae0\" data-element_type=\"widget\" data-widget_type=\"image.default\">\n\t\t\t\t\t\t\t\t\t\t\t\t\t\t\t<img decoding=\"async\" width=\"600\" height=\"424\" src=\"https:\/\/www.fabricac.com.br\/messer\/wp-content\/uploads\/2025\/09\/selos-2025-v3-4.webp\" class=\"attachment-full size-full wp-image-4292\" alt=\"\" srcset=\"https:\/\/www.fabricac.com.br\/messer\/wp-content\/uploads\/2025\/09\/selos-2025-v3-4.webp 600w, https:\/\/www.fabricac.com.br\/messer\/wp-content\/uploads\/2025\/09\/selos-2025-v3-4-300x212.webp 300w\" sizes=\"(max-width: 600px) 100vw, 600px\" \/>\t\t\t\t\t\t\t\t\t\t\t\t\t\t\t<\/div>\n\t\t\t\t<\/div>\n\t\t\t\t\t<\/div>\n\t\t\t\t<\/div>\n\t\t<div class=\"elementor-element elementor-element-852a14f e-flex e-con-boxed e-con e-parent\" data-id=\"852a14f\" data-element_type=\"container\" data-settings=\"{&quot;background_background&quot;:&quot;classic&quot;}\">\n\t\t\t\t\t<div class=\"e-con-inner\">\n\t\t<div class=\"elementor-element elementor-element-72e3e94 e-con-full e-flex e-con e-child\" data-id=\"72e3e94\" data-element_type=\"container\">\n\t\t\t\t<div class=\"elementor-element elementor-element-026f79e lined-title elementor-widget elementor-widget-heading\" data-id=\"026f79e\" data-element_type=\"widget\" data-widget_type=\"heading.default\">\n\t\t\t\t\t<h2 class=\"elementor-heading-title elementor-size-default\">Pr\u00eamio \u00c9poca 360 <\/h2>\t\t\t\t<\/div>\n\t\t\t\t<div class=\"elementor-element elementor-element-d38f494 elementor-widget elementor-widget-text-editor\" data-id=\"d38f494\" data-element_type=\"widget\" data-widget_type=\"text-editor.default\">\n\t\t\t\t\t\t\t\t\t<p>Publicado pela \u00c9poca Neg\u00f3cios, o levantamento tem como objetivo identificar e difundir as melhores pr\u00e1ticas empresariais no Brasil, incentivar a forma\u00e7\u00e3o de uma comunidade de neg\u00f3cios comprometida com a busca da excel\u00eancia e apontar as melhores empresas do pa\u00eds.<\/p>\t\t\t\t\t\t\t\t<\/div>\n\t\t\t\t<\/div>\n\t\t<div class=\"elementor-element elementor-element-477fb52 e-con-full e-flex e-con e-child\" data-id=\"477fb52\" data-element_type=\"container\">\n\t\t\t\t<div class=\"elementor-element elementor-element-e0d9cce elementor-widget elementor-widget-image\" data-id=\"e0d9cce\" data-element_type=\"widget\" data-widget_type=\"image.default\">\n\t\t\t\t\t\t\t\t\t\t\t\t\t\t\t<img loading=\"lazy\" decoding=\"async\" width=\"600\" height=\"424\" src=\"https:\/\/www.fabricac.com.br\/messer\/wp-content\/uploads\/2025\/10\/selo-202X-epoca.webp\" class=\"attachment-full size-full wp-image-12476\" alt=\"\" srcset=\"https:\/\/www.fabricac.com.br\/messer\/wp-content\/uploads\/2025\/10\/selo-202X-epoca.webp 600w, https:\/\/www.fabricac.com.br\/messer\/wp-content\/uploads\/2025\/10\/selo-202X-epoca-300x212.webp 300w\" sizes=\"(max-width: 600px) 100vw, 600px\" \/>\t\t\t\t\t\t\t\t\t\t\t\t\t\t\t<\/div>\n\t\t\t\t<\/div>\n\t\t\t\t\t<\/div>\n\t\t\t\t<\/div>\n\t\t\t\t<\/div>\n\t\t","protected":false},"excerpt":{"rendered":"<p>Pr\u00eamios e Certifica\u00e7\u00f5es Somos uma das empresas mais inovadoras do Brasil, com um ambiente de trabalho diverso, seguro e acolhedor, com foco no cliente. Home Great Place to Work Somos certificados pela Great Place to Work e agradecemos ao nosso time por fazerem\u00a0da Messer Gases, uma empresa cada dia melhor, com um \u00f3timo ambiente de [&hellip;]<\/p>\n","protected":false},"author":1,"featured_media":0,"parent":3517,"menu_order":0,"comment_status":"closed","ping_status":"closed","template":"","meta":{"footnotes":""},"class_list":["post-3722","page","type-page","status-publish","hentry"],"_links":{"self":[{"href":"https:\/\/www.fabricac.com.br\/messer\/wp-json\/wp\/v2\/pages\/3722","targetHints":{"allow":["GET"]}}],"collection":[{"href":"https:\/\/www.fabricac.com.br\/messer\/wp-json\/wp\/v2\/pages"}],"about":[{"href":"https:\/\/www.fabricac.com.br\/messer\/wp-json\/wp\/v2\/types\/page"}],"author":[{"embeddable":true,"href":"https:\/\/www.fabricac.com.br\/messer\/wp-json\/wp\/v2\/users\/1"}],"replies":[{"embeddable":true,"href":"https:\/\/www.fabricac.com.br\/messer\/wp-json\/wp\/v2\/comments?post=3722"}],"version-history":[{"count":49,"href":"https:\/\/www.fabricac.com.br\/messer\/wp-json\/wp\/v2\/pages\/3722\/revisions"}],"predecessor-version":[{"id":12800,"href":"https:\/\/www.fabricac.com.br\/messer\/wp-json\/wp\/v2\/pages\/3722\/revisions\/12800"}],"up":[{"embeddable":true,"href":"https:\/\/www.fabricac.com.br\/messer\/wp-json\/wp\/v2\/pages\/3517"}],"wp:attachment":[{"href":"https:\/\/www.fabricac.com.br\/messer\/wp-json\/wp\/v2\/media?parent=3722"}],"curies":[{"name":"wp","href":"https:\/\/api.w.org\/{rel}","templated":true}]}}