{"id":3637,"date":"2024-12-05T17:18:31","date_gmt":"2024-12-05T20:18:31","guid":{"rendered":"https:\/\/www.fabricac.com.br\/messer\/?page_id=3637"},"modified":"2025-10-24T11:05:18","modified_gmt":"2025-10-24T14:05:18","slug":"seguranca-sustentabilidade","status":"publish","type":"page","link":"https:\/\/www.fabricac.com.br\/messer\/sobre\/seguranca-sustentabilidade\/","title":{"rendered":"Seguran\u00e7a &#038; Sustentabilidade"},"content":{"rendered":"\t\t<div data-elementor-type=\"wp-page\" data-elementor-id=\"3637\" class=\"elementor elementor-3637\" data-elementor-post-type=\"page\">\n\t\t\t\t<div class=\"elementor-element elementor-element-e64dd0a e-con-full e-flex e-con e-parent\" data-id=\"e64dd0a\" data-element_type=\"container\" data-settings=\"{&quot;background_background&quot;:&quot;classic&quot;}\">\n\t\t<div class=\"elementor-element elementor-element-604847f e-con-full e-flex e-con e-child\" data-id=\"604847f\" data-element_type=\"container\">\n\t\t\t\t<div class=\"elementor-element elementor-element-69759bd elementor-widget elementor-widget-heading\" data-id=\"69759bd\" data-element_type=\"widget\" data-widget_type=\"heading.default\">\n\t\t\t\t\t<h2 class=\"elementor-heading-title elementor-size-default\">Seguran\u00e7a &amp; Sustentabilidade<\/h2>\t\t\t\t<\/div>\n\t\t\t\t<div class=\"elementor-element elementor-element-e1f7c73 elementor-widget elementor-widget-text-editor\" data-id=\"e1f7c73\" data-element_type=\"widget\" data-widget_type=\"text-editor.default\">\n\t\t\t\t\t\t\t\t\t<p>Conscientes da nossa responsabilidade<\/p>\t\t\t\t\t\t\t\t<\/div>\n\t\t\t\t<div class=\"elementor-element elementor-element-ddacab5 elementor-widget elementor-widget-hfe-breadcrumbs-widget\" data-id=\"ddacab5\" data-element_type=\"widget\" data-widget_type=\"hfe-breadcrumbs-widget.default\">\n\t\t\t\t<div class=\"elementor-widget-container\">\n\t\t\t\t\t<nav aria-label=\"Breadcrumb\"><ul class=\"hfe-breadcrumbs hfe-breadcrumbs-show-home\"><li class=\"hfe-breadcrumbs-item hfe-breadcrumbs-first\"><span class=\"hfe-breadcrumbs-home-icon\"><\/span><a href=\"https:\/\/www.fabricac.com.br\/messer\"><span class=\"hfe-breadcrumbs-text\">Home<\/span><\/a><\/li><\/ul><\/nav>\t\t\t\t<\/div>\n\t\t\t\t<\/div>\n\t\t\t\t<\/div>\n\t\t\t\t<\/div>\n\t\t<div class=\"elementor-element elementor-element-b440aa0 e-flex e-con-boxed e-con e-parent\" data-id=\"b440aa0\" data-element_type=\"container\" data-settings=\"{&quot;background_background&quot;:&quot;classic&quot;}\">\n\t\t\t\t\t<div class=\"e-con-inner\">\n\t\t<div class=\"elementor-element elementor-element-0514f98 e-con-full e-flex e-con e-child\" data-id=\"0514f98\" data-element_type=\"container\">\n\t\t\t\t<div class=\"elementor-element elementor-element-74ba378 lined-title elementor-widget__width-initial elementor-widget elementor-widget-heading\" data-id=\"74ba378\" data-element_type=\"widget\" data-widget_type=\"heading.default\">\n\t\t\t\t\t<h2 class=\"elementor-heading-title elementor-size-default\">Sa\u00fade, Seguran\u00e7a, Meio Ambiente e Qualidade<\/h2>\t\t\t\t<\/div>\n\t\t\t\t<div class=\"elementor-element elementor-element-dbf4155 elementor-widget__width-inherit elementor-widget elementor-widget-text-editor\" data-id=\"dbf4155\" data-element_type=\"widget\" data-widget_type=\"text-editor.default\">\n\t\t\t\t\t\t\t\t\t<p>O Grupo Messer compromete-se a atuar de forma respons\u00e1vel e sustent\u00e1vel como parte da sua integra\u00e7\u00e3o econ\u00f4mica e social na sociedade. A sustentabilidade \u00e9 um dos pilares da estrat\u00e9gia da Messer Gases e \u00e9 parte integrante da nossa miss\u00e3o.<\/p>\n<p>A seguran\u00e7a de nossos processos produtivos, servi\u00e7os e log\u00edstica \u00e9 um importante pilar da empresa, do qual n\u00e3o abrimos m\u00e3o. A Messer mant\u00e9m investimentos constantes em seguran\u00e7a e campanhas de conscientiza\u00e7\u00e3o.<\/p>\t\t\t\t\t\t\t\t<\/div>\n\t\t\t\t<\/div>\n\t\t<div class=\"elementor-element elementor-element-1204bb7 e-con-full e-flex e-con e-child\" data-id=\"1204bb7\" data-element_type=\"container\">\n\t\t\t\t<div class=\"elementor-element elementor-element-9a8984a elementor-widget elementor-widget-image\" data-id=\"9a8984a\" data-element_type=\"widget\" data-widget_type=\"image.default\">\n\t\t\t\t\t\t\t\t\t\t\t\t\t\t\t<img fetchpriority=\"high\" decoding=\"async\" width=\"600\" height=\"396\" src=\"https:\/\/www.fabricac.com.br\/messer\/wp-content\/uploads\/2025\/01\/seg1.jpg\" class=\"attachment-full size-full wp-image-3789\" alt=\"\" srcset=\"https:\/\/www.fabricac.com.br\/messer\/wp-content\/uploads\/2025\/01\/seg1.jpg 600w, https:\/\/www.fabricac.com.br\/messer\/wp-content\/uploads\/2025\/01\/seg1-300x198.jpg 300w\" sizes=\"(max-width: 600px) 100vw, 600px\" \/>\t\t\t\t\t\t\t\t\t\t\t\t\t\t\t<\/div>\n\t\t\t\t<\/div>\n\t\t\t\t\t<\/div>\n\t\t\t\t<\/div>\n\t\t<div class=\"elementor-element elementor-element-615e9e9 e-flex e-con-boxed e-con e-parent\" data-id=\"615e9e9\" data-element_type=\"container\" data-settings=\"{&quot;background_background&quot;:&quot;classic&quot;}\">\n\t\t\t\t\t<div class=\"e-con-inner\">\n\t\t<div class=\"elementor-element elementor-element-a74c98e e-con-full e-flex e-con e-child\" data-id=\"a74c98e\" data-element_type=\"container\">\n\t\t\t\t<div class=\"elementor-element elementor-element-415ac10 lined-title elementor-widget__width-initial elementor-widget elementor-widget-heading\" data-id=\"415ac10\" data-element_type=\"widget\" data-widget_type=\"heading.default\">\n\t\t\t\t\t<h2 class=\"elementor-heading-title elementor-size-default\">Pol\u00edtica de Qualidade<\/h2>\t\t\t\t<\/div>\n\t\t\t\t<div class=\"elementor-element elementor-element-c0ec224 elementor-widget elementor-widget-text-editor\" data-id=\"c0ec224\" data-element_type=\"widget\" data-widget_type=\"text-editor.default\">\n\t\t\t\t\t\t\t\t\t<p>Na Messer, nossa pol\u00edtica de qualidade \u00e9 simples:<\/p><p><strong>Executamos nossas atividades de forma correta, consistente e com foco na melhoria cont\u00ednua.<\/strong><\/p><p>A Messer \u00e9 refer\u00eancia em qualidade de produtos e servi\u00e7os. Uma reputa\u00e7\u00e3o que conquistamos ao tornar qualidade um ponto de orgulho para cada colaborador. Cada membro de nossa equipe est\u00e1 equipado, capacitado e trabalha para oferecer excel\u00eancia em qualidade.<\/p>\t\t\t\t\t\t\t\t<\/div>\n\t\t\t\t<\/div>\n\t\t<div class=\"elementor-element elementor-element-03ade10 e-con-full e-flex e-con e-child\" data-id=\"03ade10\" data-element_type=\"container\">\n\t\t\t\t<div class=\"elementor-element elementor-element-973f6ea elementor-widget elementor-widget-image\" data-id=\"973f6ea\" data-element_type=\"widget\" data-widget_type=\"image.default\">\n\t\t\t\t\t\t\t\t\t\t\t\t\t\t\t<img decoding=\"async\" width=\"600\" height=\"396\" src=\"https:\/\/www.fabricac.com.br\/messer\/wp-content\/uploads\/2025\/01\/seg2.jpg\" class=\"attachment-full size-full wp-image-3788\" alt=\"\" srcset=\"https:\/\/www.fabricac.com.br\/messer\/wp-content\/uploads\/2025\/01\/seg2.jpg 600w, https:\/\/www.fabricac.com.br\/messer\/wp-content\/uploads\/2025\/01\/seg2-300x198.jpg 300w\" sizes=\"(max-width: 600px) 100vw, 600px\" \/>\t\t\t\t\t\t\t\t\t\t\t\t\t\t\t<\/div>\n\t\t\t\t<\/div>\n\t\t\t\t\t<\/div>\n\t\t\t\t<\/div>\n\t\t<div class=\"elementor-element elementor-element-d3a3b34 e-flex e-con-boxed e-con e-parent\" data-id=\"d3a3b34\" data-element_type=\"container\">\n\t\t\t\t\t<div class=\"e-con-inner\">\n\t\t<div class=\"elementor-element elementor-element-f380879 e-con-full e-flex e-con e-child\" data-id=\"f380879\" data-element_type=\"container\">\n\t\t\t\t<div class=\"elementor-element elementor-element-160d484 lined-title elementor-widget__width-initial elementor-widget elementor-widget-heading\" data-id=\"160d484\" data-element_type=\"widget\" data-widget_type=\"heading.default\">\n\t\t\t\t\t<h2 class=\"elementor-heading-title elementor-size-default\">Certifica\u00e7\u00e3o<\/h2>\t\t\t\t<\/div>\n\t\t\t\t<div class=\"elementor-element elementor-element-c28e7d9 elementor-widget-mobile__width-inherit elementor-widget elementor-widget-text-editor\" data-id=\"c28e7d9\" data-element_type=\"widget\" data-widget_type=\"text-editor.default\">\n\t\t\t\t\t\t\t\t\t<div class=\"kc-elm kc-css-589918 kc_col-sm-6 kc_column_inner kc_col-sm-6\"><div class=\"kc_wrapper kc-col-inner-container\"><div class=\"kc-elm kc-css-3735 kc_text_block\"><p>Somos uma empresa certificada nos Sistemas de Gest\u00e3o ISO 9001 e 14001, o que nos garante a sustentabilidade do neg\u00f3cio, alto n\u00edvel de qualidade dos nossos produtos e servi\u00e7os, satisfa\u00e7\u00e3o dos clientes com nossos produtos e servi\u00e7os, envolvimento com a comunidade e o engajamento na preserva\u00e7\u00e3o do meio ambiente. Possu\u00edmos a nossa unidade produtora de CO2 certificada em FSSC 22000, garantindo a qualidade e seguran\u00e7a de alimentos. Possu\u00edmos Boas Pr\u00e1ticas de Fabrica\u00e7\u00e3o, garantindo a seguran\u00e7a e qualidade de nossos gases medicinais.<\/p><p>O Laborat\u00f3rio de Gases Especiais da Messer \u00e9 certificado como Produtor de Materiais de Refer\u00eancia para gases, desde 2016 pela Norma NBR ISO17034, existentes no Brasil. Esta acredita\u00e7\u00e3o foi concedida por um \u00f3rg\u00e3o de suma import\u00e2ncia na Metrologia Nacional: a Coordena\u00e7\u00e3o geral de acredita\u00e7\u00e3o do INMETRO e eleva a produ\u00e7\u00e3o de misturas gasosas ao patamar dos laborat\u00f3rios de maior excel\u00eancia em todo o mundo.<\/p><\/div><\/div><\/div><div class=\"kc-elm kc-css-195180 kc_col-sm-6 kc_column_inner kc_col-sm-6\"><div class=\"kc_wrapper kc-col-inner-container\"><div class=\"kc-elm kc-css-609583 kc_text_block\"><p>Materiais de Refer\u00eancia Certificados (MRCs) s\u00e3o padr\u00f5es extremamente confi\u00e1veis,\u00a0cujo valor de propriedade \u00e9 sua concentra\u00e7\u00e3o conhecida e rastre\u00e1vel ao Sistema Internacional. Os\u00a0MRCs s\u00e3o\u00a0amplamente utilizados para calibra\u00e7\u00e3o de instrumentos de medi\u00e7\u00e3o, avalia\u00e7\u00e3o de m\u00e9todos de an\u00e1lise ou ensaios, para estabelecer rastreabilidade metrol\u00f3gica e para garantir a da qualidade interna e externa de medi\u00e7\u00f5es e laborat\u00f3rio<\/p><\/div><\/div><\/div>\t\t\t\t\t\t\t\t<\/div>\n\t\t\t\t<\/div>\n\t\t\t\t\t<\/div>\n\t\t\t\t<\/div>\n\t\t<div class=\"elementor-element elementor-element-4455008 e-flex e-con-boxed e-con e-parent\" data-id=\"4455008\" data-element_type=\"container\">\n\t\t\t\t\t<div class=\"e-con-inner\">\n\t\t<div class=\"elementor-element elementor-element-2e23b82 e-con-full e-flex e-con e-child\" data-id=\"2e23b82\" data-element_type=\"container\">\n\t\t\t\t<div class=\"elementor-element elementor-element-d656ede elementor-widget elementor-widget-image\" data-id=\"d656ede\" data-element_type=\"widget\" data-widget_type=\"image.default\">\n\t\t\t\t\t\t\t\t\t\t\t\t\t\t\t<img decoding=\"async\" width=\"591\" height=\"709\" src=\"https:\/\/www.fabricac.com.br\/messer\/wp-content\/uploads\/2024\/12\/ISO9001_Gabriel-Poltronieri.png\" class=\"attachment-large size-large wp-image-3641\" alt=\"\" srcset=\"https:\/\/www.fabricac.com.br\/messer\/wp-content\/uploads\/2024\/12\/ISO9001_Gabriel-Poltronieri.png 591w, https:\/\/www.fabricac.com.br\/messer\/wp-content\/uploads\/2024\/12\/ISO9001_Gabriel-Poltronieri-250x300.png 250w\" sizes=\"(max-width: 591px) 100vw, 591px\" \/>\t\t\t\t\t\t\t\t\t\t\t\t\t\t\t<\/div>\n\t\t\t\t<\/div>\n\t\t<div class=\"elementor-element elementor-element-bd2cf16 e-con-full e-flex e-con e-child\" data-id=\"bd2cf16\" data-element_type=\"container\">\n\t\t\t\t<div class=\"elementor-element elementor-element-0895052 elementor-widget elementor-widget-image\" data-id=\"0895052\" data-element_type=\"widget\" data-widget_type=\"image.default\">\n\t\t\t\t\t\t\t\t\t\t\t\t\t\t\t<img loading=\"lazy\" decoding=\"async\" width=\"591\" height=\"709\" src=\"https:\/\/www.fabricac.com.br\/messer\/wp-content\/uploads\/2024\/12\/ISO14001_Gabriel-Poltronieri.png\" class=\"attachment-large size-large wp-image-3640\" alt=\"\" srcset=\"https:\/\/www.fabricac.com.br\/messer\/wp-content\/uploads\/2024\/12\/ISO14001_Gabriel-Poltronieri.png 591w, https:\/\/www.fabricac.com.br\/messer\/wp-content\/uploads\/2024\/12\/ISO14001_Gabriel-Poltronieri-250x300.png 250w\" sizes=\"(max-width: 591px) 100vw, 591px\" \/>\t\t\t\t\t\t\t\t\t\t\t\t\t\t\t<\/div>\n\t\t\t\t<\/div>\n\t\t<div class=\"elementor-element elementor-element-5dee7a2 e-con-full e-flex e-con e-child\" data-id=\"5dee7a2\" data-element_type=\"container\">\n\t\t\t\t<div class=\"elementor-element elementor-element-c3a80f6 elementor-widget elementor-widget-image\" data-id=\"c3a80f6\" data-element_type=\"widget\" data-widget_type=\"image.default\">\n\t\t\t\t\t\t\t\t\t\t\t\t\t\t\t<img loading=\"lazy\" decoding=\"async\" width=\"591\" height=\"709\" src=\"https:\/\/www.fabricac.com.br\/messer\/wp-content\/uploads\/2024\/12\/ISO14001_Gabriel-Poltronieri.gif\" class=\"attachment-large size-large wp-image-3639\" alt=\"\" \/>\t\t\t\t\t\t\t\t\t\t\t\t\t\t\t<\/div>\n\t\t\t\t<\/div>\n\t\t\t\t\t<\/div>\n\t\t\t\t<\/div>\n\t\t\t\t<\/div>\n\t\t","protected":false},"excerpt":{"rendered":"<p>Seguran\u00e7a &amp; Sustentabilidade Conscientes da nossa responsabilidade Home Sa\u00fade, Seguran\u00e7a, Meio Ambiente e Qualidade O Grupo Messer compromete-se a atuar de forma respons\u00e1vel e sustent\u00e1vel como parte da sua integra\u00e7\u00e3o econ\u00f4mica e social na sociedade. A sustentabilidade \u00e9 um dos pilares da estrat\u00e9gia da Messer Gases e \u00e9 parte integrante da nossa miss\u00e3o. A seguran\u00e7a [&hellip;]<\/p>\n","protected":false},"author":1,"featured_media":0,"parent":3517,"menu_order":0,"comment_status":"closed","ping_status":"closed","template":"","meta":{"footnotes":""},"class_list":["post-3637","page","type-page","status-publish","hentry"],"_links":{"self":[{"href":"https:\/\/www.fabricac.com.br\/messer\/wp-json\/wp\/v2\/pages\/3637","targetHints":{"allow":["GET"]}}],"collection":[{"href":"https:\/\/www.fabricac.com.br\/messer\/wp-json\/wp\/v2\/pages"}],"about":[{"href":"https:\/\/www.fabricac.com.br\/messer\/wp-json\/wp\/v2\/types\/page"}],"author":[{"embeddable":true,"href":"https:\/\/www.fabricac.com.br\/messer\/wp-json\/wp\/v2\/users\/1"}],"replies":[{"embeddable":true,"href":"https:\/\/www.fabricac.com.br\/messer\/wp-json\/wp\/v2\/comments?post=3637"}],"version-history":[{"count":28,"href":"https:\/\/www.fabricac.com.br\/messer\/wp-json\/wp\/v2\/pages\/3637\/revisions"}],"predecessor-version":[{"id":12911,"href":"https:\/\/www.fabricac.com.br\/messer\/wp-json\/wp\/v2\/pages\/3637\/revisions\/12911"}],"up":[{"embeddable":true,"href":"https:\/\/www.fabricac.com.br\/messer\/wp-json\/wp\/v2\/pages\/3517"}],"wp:attachment":[{"href":"https:\/\/www.fabricac.com.br\/messer\/wp-json\/wp\/v2\/media?parent=3637"}],"curies":[{"name":"wp","href":"https:\/\/api.w.org\/{rel}","templated":true}]}}