{"id":3390,"date":"2024-11-13T20:04:30","date_gmt":"2024-11-13T23:04:30","guid":{"rendered":"https:\/\/www.fabricac.com.br\/messer\/?page_id=3390"},"modified":"2025-10-24T10:09:46","modified_gmt":"2025-10-24T13:09:46","slug":"engenharia","status":"publish","type":"page","link":"https:\/\/www.fabricac.com.br\/messer\/segmentos\/engenharia\/","title":{"rendered":"Engenharia"},"content":{"rendered":"\t\t<div data-elementor-type=\"wp-page\" data-elementor-id=\"3390\" class=\"elementor elementor-3390\" data-elementor-post-type=\"page\">\n\t\t\t\t<div class=\"elementor-element elementor-element-e64dd0a e-con-full e-flex e-con e-parent\" data-id=\"e64dd0a\" data-element_type=\"container\" data-settings=\"{&quot;background_background&quot;:&quot;classic&quot;}\">\n\t\t<div class=\"elementor-element elementor-element-604847f e-con-full e-flex e-con e-child\" data-id=\"604847f\" data-element_type=\"container\">\n\t\t\t\t<div class=\"elementor-element elementor-element-2e2e3e4 elementor-widget elementor-widget-heading\" data-id=\"2e2e3e4\" data-element_type=\"widget\" data-widget_type=\"heading.default\">\n\t\t\t\t\t<h2 class=\"elementor-heading-title elementor-size-default\">Engenharia<\/h2>\t\t\t\t<\/div>\n\t\t\t\t<div class=\"elementor-element elementor-element-f83522e elementor-widget elementor-widget-hfe-breadcrumbs-widget\" data-id=\"f83522e\" data-element_type=\"widget\" data-widget_type=\"hfe-breadcrumbs-widget.default\">\n\t\t\t\t<div class=\"elementor-widget-container\">\n\t\t\t\t\t<nav aria-label=\"Breadcrumb\"><ul class=\"hfe-breadcrumbs hfe-breadcrumbs-show-home\"><li class=\"hfe-breadcrumbs-item hfe-breadcrumbs-first\"><span class=\"hfe-breadcrumbs-home-icon\"><\/span><a href=\"https:\/\/www.fabricac.com.br\/messer\"><span class=\"hfe-breadcrumbs-text\">Home<\/span><\/a><\/li><\/ul><\/nav>\t\t\t\t<\/div>\n\t\t\t\t<\/div>\n\t\t\t\t<\/div>\n\t\t\t\t<\/div>\n\t\t<div class=\"elementor-element elementor-element-c7410f1 e-flex e-con-boxed e-con e-parent\" data-id=\"c7410f1\" data-element_type=\"container\" id=\"top\">\n\t\t\t\t\t<div class=\"e-con-inner\">\n\t\t\t\t<div class=\"elementor-element elementor-element-7350fff elementor-widget elementor-widget-text-editor\" data-id=\"7350fff\" data-element_type=\"widget\" data-widget_type=\"text-editor.default\">\n\t\t\t\t\t\t\t\t\t<p>Tecnologia e experi\u00eancia em engenharia de processo, planejamento, desenvolvimento de projetos e constru\u00e7\u00e3o de plantas industriais.<\/p>\t\t\t\t\t\t\t\t<\/div>\n\t\t\t\t\t<\/div>\n\t\t\t\t<\/div>\n\t\t<div class=\"elementor-element elementor-element-77ff498 e-flex e-con-boxed e-con e-parent\" data-id=\"77ff498\" data-element_type=\"container\">\n\t\t\t\t\t<div class=\"e-con-inner\">\n\t\t<div class=\"elementor-element elementor-element-0bc87f2 e-con-full e-flex e-con e-child\" data-id=\"0bc87f2\" data-element_type=\"container\">\n\t\t\t\t<div class=\"elementor-element elementor-element-b40ca0f elementor-widget elementor-widget-text-editor\" data-id=\"b40ca0f\" data-element_type=\"widget\" data-widget_type=\"text-editor.default\">\n\t\t\t\t\t\t\t\t\t<p>As instala\u00e7\u00f5es projetadas e executadas pela Messer s\u00e3o usadas em uma ampla gama de campos: nos setores petroqu\u00edmicos e qu\u00edmicos, em refinarias e instala\u00e7\u00f5es de fertilizadores, para recuperar gases de ar, para produzir hidrog\u00eanio e gas de s\u00edntese, para tratar e liquefazer g\u00e1s natural e no setor farmac\u00eautico.<\/p><p>O amplo espectro das tecnologias Messer \u00e9 caracterizado pelo escopo das temperaturas aplicadas, variando de -271\u00b0C em uma instala\u00e7\u00e3o criog\u00eanica para h\u00e9lio l\u00edquido a +1.200\u00b0C no processo de craqueamento de uma planta de olefinas.<\/p>\t\t\t\t\t\t\t\t<\/div>\n\t\t\t\t<\/div>\n\t\t<div class=\"elementor-element elementor-element-1cd7a2c e-con-full e-flex e-con e-child\" data-id=\"1cd7a2c\" data-element_type=\"container\">\n\t\t\t\t<div class=\"elementor-element elementor-element-b896b26 elementor-widget elementor-widget-image\" data-id=\"b896b26\" data-element_type=\"widget\" data-widget_type=\"image.default\">\n\t\t\t\t\t\t\t\t\t\t\t\t\t\t\t<img fetchpriority=\"high\" decoding=\"async\" width=\"301\" height=\"555\" src=\"https:\/\/www.fabricac.com.br\/messer\/wp-content\/uploads\/2024\/11\/engenharia2.webp\" class=\"attachment-full size-full wp-image-3395\" alt=\"\" srcset=\"https:\/\/www.fabricac.com.br\/messer\/wp-content\/uploads\/2024\/11\/engenharia2.webp 301w, https:\/\/www.fabricac.com.br\/messer\/wp-content\/uploads\/2024\/11\/engenharia2-163x300.webp 163w\" sizes=\"(max-width: 301px) 100vw, 301px\" \/>\t\t\t\t\t\t\t\t\t\t\t\t\t\t\t<\/div>\n\t\t\t\t<\/div>\n\t\t<div class=\"elementor-element elementor-element-05276d3 e-con-full e-flex e-con e-child\" data-id=\"05276d3\" data-element_type=\"container\">\n\t\t\t\t<div class=\"elementor-element elementor-element-70c0e34 elementor-widget elementor-widget-image\" data-id=\"70c0e34\" data-element_type=\"widget\" data-widget_type=\"image.default\">\n\t\t\t\t\t\t\t\t\t\t\t\t\t\t\t<img decoding=\"async\" width=\"301\" height=\"555\" src=\"https:\/\/www.fabricac.com.br\/messer\/wp-content\/uploads\/2025\/10\/plant-messer2.webp\" class=\"attachment-full size-full wp-image-12676\" alt=\"\" srcset=\"https:\/\/www.fabricac.com.br\/messer\/wp-content\/uploads\/2025\/10\/plant-messer2.webp 301w, https:\/\/www.fabricac.com.br\/messer\/wp-content\/uploads\/2025\/10\/plant-messer2-163x300.webp 163w\" sizes=\"(max-width: 301px) 100vw, 301px\" \/>\t\t\t\t\t\t\t\t\t\t\t\t\t\t\t<\/div>\n\t\t\t\t<\/div>\n\t\t\t\t\t<\/div>\n\t\t\t\t<\/div>\n\t\t\t\t<section class=\"elementor-section elementor-top-section elementor-element elementor-element-cc6155e elementor-section-stretched elementor-section-boxed elementor-section-height-default elementor-section-height-default\" data-id=\"cc6155e\" data-element_type=\"section\" id=\"contate\" data-settings=\"{&quot;stretch_section&quot;:&quot;section-stretched&quot;,&quot;background_background&quot;:&quot;classic&quot;}\">\n\t\t\t\t\t\t<div class=\"elementor-container elementor-column-gap-extended\">\n\t\t\t\t\t<div class=\"elementor-column elementor-col-100 elementor-top-column elementor-element elementor-element-d8044f9\" data-id=\"d8044f9\" data-element_type=\"column\">\n\t\t\t<div class=\"elementor-widget-wrap elementor-element-populated\">\n\t\t\t\t\t\t<div class=\"elementor-element elementor-element-17bbd80 lined-title elementor-widget elementor-widget-heading\" data-id=\"17bbd80\" data-element_type=\"widget\" data-widget_type=\"heading.default\">\n\t\t\t\t\t<h2 class=\"elementor-heading-title elementor-size-default\">Entre em contato com o time de especialistas Messer<\/h2>\t\t\t\t<\/div>\n\t\t\t\t<div class=\"elementor-element elementor-element-8ff06e4 elementor-widget elementor-widget-html\" data-id=\"8ff06e4\" data-element_type=\"widget\" data-widget_type=\"html.default\">\n\t\t\t\t\t<iframe src=\"https:\/\/www.lojamesser.com\/s\/novo-cliente\" width=\"100%\" height=\"750\" allowfullscreen><\/iframe>\r\n<script>\r\ndocument.addEventListener( 'wpcf7mailsent', function( event ) {\r\n    location = 'https:\/\/www.messer-br.com\/contato-obrigado';\r\n}, false );\r\n<\/script>\t\t\t\t<\/div>\n\t\t\t\t\t<\/div>\n\t\t<\/div>\n\t\t\t\t\t<\/div>\n\t\t<\/section>\n\t\t\t\t<\/div>\n\t\t","protected":false},"excerpt":{"rendered":"<p>Engenharia Home Tecnologia e experi\u00eancia em engenharia de processo, planejamento, desenvolvimento de projetos e constru\u00e7\u00e3o de plantas industriais. As instala\u00e7\u00f5es projetadas e executadas pela Messer s\u00e3o usadas em uma ampla gama de campos: nos setores petroqu\u00edmicos e qu\u00edmicos, em refinarias e instala\u00e7\u00f5es de fertilizadores, para recuperar gases de ar, para produzir hidrog\u00eanio e gas de [&hellip;]<\/p>\n","protected":false},"author":1,"featured_media":0,"parent":2889,"menu_order":0,"comment_status":"closed","ping_status":"closed","template":"","meta":{"footnotes":""},"class_list":["post-3390","page","type-page","status-publish","hentry"],"_links":{"self":[{"href":"https:\/\/www.fabricac.com.br\/messer\/wp-json\/wp\/v2\/pages\/3390","targetHints":{"allow":["GET"]}}],"collection":[{"href":"https:\/\/www.fabricac.com.br\/messer\/wp-json\/wp\/v2\/pages"}],"about":[{"href":"https:\/\/www.fabricac.com.br\/messer\/wp-json\/wp\/v2\/types\/page"}],"author":[{"embeddable":true,"href":"https:\/\/www.fabricac.com.br\/messer\/wp-json\/wp\/v2\/users\/1"}],"replies":[{"embeddable":true,"href":"https:\/\/www.fabricac.com.br\/messer\/wp-json\/wp\/v2\/comments?post=3390"}],"version-history":[{"count":25,"href":"https:\/\/www.fabricac.com.br\/messer\/wp-json\/wp\/v2\/pages\/3390\/revisions"}],"predecessor-version":[{"id":12825,"href":"https:\/\/www.fabricac.com.br\/messer\/wp-json\/wp\/v2\/pages\/3390\/revisions\/12825"}],"up":[{"embeddable":true,"href":"https:\/\/www.fabricac.com.br\/messer\/wp-json\/wp\/v2\/pages\/2889"}],"wp:attachment":[{"href":"https:\/\/www.fabricac.com.br\/messer\/wp-json\/wp\/v2\/media?parent=3390"}],"curies":[{"name":"wp","href":"https:\/\/api.w.org\/{rel}","templated":true}]}}