{"id":3215,"date":"2024-11-08T10:28:50","date_gmt":"2024-11-08T13:28:50","guid":{"rendered":"https:\/\/www.fabricac.com.br\/messer\/?page_id=3215"},"modified":"2025-10-24T10:09:22","modified_gmt":"2025-10-24T13:09:22","slug":"industria-quimica","status":"publish","type":"page","link":"https:\/\/www.fabricac.com.br\/messer\/segmentos\/industria-quimica\/","title":{"rendered":"Qu\u00edmica e Petroqu\u00edmica"},"content":{"rendered":"\t\t<div data-elementor-type=\"wp-page\" data-elementor-id=\"3215\" class=\"elementor elementor-3215\" data-elementor-post-type=\"page\">\n\t\t\t\t<div class=\"elementor-element elementor-element-e64dd0a e-con-full e-flex e-con e-parent\" data-id=\"e64dd0a\" data-element_type=\"container\" data-settings=\"{&quot;background_background&quot;:&quot;classic&quot;}\">\n\t\t<div class=\"elementor-element elementor-element-604847f e-con-full e-flex e-con e-child\" data-id=\"604847f\" data-element_type=\"container\">\n\t\t\t\t<div class=\"elementor-element elementor-element-2e2e3e4 elementor-widget elementor-widget-heading\" data-id=\"2e2e3e4\" data-element_type=\"widget\" data-widget_type=\"heading.default\">\n\t\t\t\t\t<h2 class=\"elementor-heading-title elementor-size-default\">Qu\u00edmica e Petroqu\u00edmica<\/h2>\t\t\t\t<\/div>\n\t\t\t\t<div class=\"elementor-element elementor-element-4410422 elementor-widget elementor-widget-hfe-breadcrumbs-widget\" data-id=\"4410422\" data-element_type=\"widget\" data-widget_type=\"hfe-breadcrumbs-widget.default\">\n\t\t\t\t<div class=\"elementor-widget-container\">\n\t\t\t\t\t<nav aria-label=\"Breadcrumb\"><ul class=\"hfe-breadcrumbs hfe-breadcrumbs-show-home\"><li class=\"hfe-breadcrumbs-item hfe-breadcrumbs-first\"><span class=\"hfe-breadcrumbs-home-icon\"><\/span><a href=\"https:\/\/www.fabricac.com.br\/messer\"><span class=\"hfe-breadcrumbs-text\">Home<\/span><\/a><\/li><\/ul><\/nav>\t\t\t\t<\/div>\n\t\t\t\t<\/div>\n\t\t\t\t<\/div>\n\t\t\t\t<\/div>\n\t\t<div class=\"elementor-element elementor-element-c7410f1 e-flex e-con-boxed e-con e-parent\" data-id=\"c7410f1\" data-element_type=\"container\" id=\"top\">\n\t\t\t\t\t<div class=\"e-con-inner\">\n\t\t\t\t<div class=\"elementor-element elementor-element-7350fff elementor-widget elementor-widget-text-editor\" data-id=\"7350fff\" data-element_type=\"widget\" data-widget_type=\"text-editor.default\">\n\t\t\t\t\t\t\t\t\t<p>Solu\u00e7\u00f5es para melhorar a produtividade e atender as metas ambientais atrav\u00e9s de um portf\u00f3lio abrangente de gases, equipamentos e servi\u00e7os<\/p>\t\t\t\t\t\t\t\t<\/div>\n\t\t\t\t\t<\/div>\n\t\t\t\t<\/div>\n\t\t<div class=\"elementor-element elementor-element-77ff498 e-flex e-con-boxed e-con e-parent\" data-id=\"77ff498\" data-element_type=\"container\">\n\t\t\t\t\t<div class=\"e-con-inner\">\n\t\t<div class=\"elementor-element elementor-element-0bc87f2 e-con-full e-flex e-con e-child\" data-id=\"0bc87f2\" data-element_type=\"container\">\n\t\t\t\t<div class=\"elementor-element elementor-element-b40ca0f elementor-widget elementor-widget-text-editor\" data-id=\"b40ca0f\" data-element_type=\"widget\" data-widget_type=\"text-editor.default\">\n\t\t\t\t\t\t\t\t\t<p>Para uma ind\u00fastria t\u00e3o diversificada e abrangente como esta, a Messer desenvolve aplica\u00e7\u00f5es que v\u00e3o desde a inertiza\u00e7\u00e3o de tanques e equipamentos de ind\u00fastrias qu\u00edmicas de base, refinarias, petroqu\u00edmicas, farmac\u00eauticas, papel e celulose at\u00e9 tecnologias espec\u00edficas e solu\u00e7\u00f5es personalizadas destinadas ao meio ambiente, tratamento de \u00e1guas e controle de emiss\u00f5es gasosas.<\/p>\t\t\t\t\t\t\t\t<\/div>\n\t\t\t\t<div class=\"elementor-element elementor-element-2b867bb elementor-align-left elementor-widget elementor-widget-button\" data-id=\"2b867bb\" data-element_type=\"widget\" data-widget_type=\"button.default\">\n\t\t\t\t\t\t\t\t\t\t<a class=\"elementor-button elementor-button-link elementor-size-sm\" href=\"#aplicacoes\">\n\t\t\t\t\t\t<span class=\"elementor-button-content-wrapper\">\n\t\t\t\t\t\t<span class=\"elementor-button-icon\">\n\t\t\t\t<svg aria-hidden=\"true\" class=\"e-font-icon-svg e-fas-arrow-right\" viewBox=\"0 0 448 512\" xmlns=\"http:\/\/www.w3.org\/2000\/svg\"><path d=\"M190.5 66.9l22.2-22.2c9.4-9.4 24.6-9.4 33.9 0L441 239c9.4 9.4 9.4 24.6 0 33.9L246.6 467.3c-9.4 9.4-24.6 9.4-33.9 0l-22.2-22.2c-9.5-9.5-9.3-25 .4-34.3L311.4 296H24c-13.3 0-24-10.7-24-24v-32c0-13.3 10.7-24 24-24h287.4L190.9 101.2c-9.8-9.3-10-24.8-.4-34.3z\"><\/path><\/svg>\t\t\t<\/span>\n\t\t\t\t\t\t\t\t\t<span class=\"elementor-button-text\">Inertiza\u00e7\u00e3o \u2013 Purga, Secagem, Blanketing e Pressuriza\u00e7\u00e3o\u200b<\/span>\n\t\t\t\t\t<\/span>\n\t\t\t\t\t<\/a>\n\t\t\t\t\t\t\t\t<\/div>\n\t\t\t\t<div class=\"elementor-element elementor-element-d2ecd3e elementor-align-left elementor-widget elementor-widget-button\" data-id=\"d2ecd3e\" data-element_type=\"widget\" data-widget_type=\"button.default\">\n\t\t\t\t\t\t\t\t\t\t<a class=\"elementor-button elementor-button-link elementor-size-sm\" href=\"#aplicacoes\">\n\t\t\t\t\t\t<span class=\"elementor-button-content-wrapper\">\n\t\t\t\t\t\t<span class=\"elementor-button-icon\">\n\t\t\t\t<svg aria-hidden=\"true\" class=\"e-font-icon-svg e-fas-arrow-right\" viewBox=\"0 0 448 512\" xmlns=\"http:\/\/www.w3.org\/2000\/svg\"><path d=\"M190.5 66.9l22.2-22.2c9.4-9.4 24.6-9.4 33.9 0L441 239c9.4 9.4 9.4 24.6 0 33.9L246.6 467.3c-9.4 9.4-24.6 9.4-33.9 0l-22.2-22.2c-9.5-9.5-9.3-25 .4-34.3L311.4 296H24c-13.3 0-24-10.7-24-24v-32c0-13.3 10.7-24 24-24h287.4L190.9 101.2c-9.8-9.3-10-24.8-.4-34.3z\"><\/path><\/svg>\t\t\t<\/span>\n\t\t\t\t\t\t\t\t\t<span class=\"elementor-button-text\">Aplica\u00e7\u00f5es Criog\u00eanicas<\/span>\n\t\t\t\t\t<\/span>\n\t\t\t\t\t<\/a>\n\t\t\t\t\t\t\t\t<\/div>\n\t\t\t\t<div class=\"elementor-element elementor-element-769dd95 elementor-align-left elementor-widget elementor-widget-button\" data-id=\"769dd95\" data-element_type=\"widget\" data-widget_type=\"button.default\">\n\t\t\t\t\t\t\t\t\t\t<a class=\"elementor-button elementor-button-link elementor-size-sm\" href=\"#aplicacoes\">\n\t\t\t\t\t\t<span class=\"elementor-button-content-wrapper\">\n\t\t\t\t\t\t<span class=\"elementor-button-icon\">\n\t\t\t\t<svg aria-hidden=\"true\" class=\"e-font-icon-svg e-fas-arrow-right\" viewBox=\"0 0 448 512\" xmlns=\"http:\/\/www.w3.org\/2000\/svg\"><path d=\"M190.5 66.9l22.2-22.2c9.4-9.4 24.6-9.4 33.9 0L441 239c9.4 9.4 9.4 24.6 0 33.9L246.6 467.3c-9.4 9.4-24.6 9.4-33.9 0l-22.2-22.2c-9.5-9.5-9.3-25 .4-34.3L311.4 296H24c-13.3 0-24-10.7-24-24v-32c0-13.3 10.7-24 24-24h287.4L190.9 101.2c-9.8-9.3-10-24.8-.4-34.3z\"><\/path><\/svg>\t\t\t<\/span>\n\t\t\t\t\t\t\t\t\t<span class=\"elementor-button-text\">Tratamento de Efluentes<\/span>\n\t\t\t\t\t<\/span>\n\t\t\t\t\t<\/a>\n\t\t\t\t\t\t\t\t<\/div>\n\t\t\t\t<div class=\"elementor-element elementor-element-f5c27b8 elementor-align-left elementor-widget elementor-widget-button\" data-id=\"f5c27b8\" data-element_type=\"widget\" data-widget_type=\"button.default\">\n\t\t\t\t\t\t\t\t\t\t<a class=\"elementor-button elementor-button-link elementor-size-sm\" href=\"#aplicacoes\">\n\t\t\t\t\t\t<span class=\"elementor-button-content-wrapper\">\n\t\t\t\t\t\t<span class=\"elementor-button-icon\">\n\t\t\t\t<svg aria-hidden=\"true\" class=\"e-font-icon-svg e-fas-arrow-right\" viewBox=\"0 0 448 512\" xmlns=\"http:\/\/www.w3.org\/2000\/svg\"><path d=\"M190.5 66.9l22.2-22.2c9.4-9.4 24.6-9.4 33.9 0L441 239c9.4 9.4 9.4 24.6 0 33.9L246.6 467.3c-9.4 9.4-24.6 9.4-33.9 0l-22.2-22.2c-9.5-9.5-9.3-25 .4-34.3L311.4 296H24c-13.3 0-24-10.7-24-24v-32c0-13.3 10.7-24 24-24h287.4L190.9 101.2c-9.8-9.3-10-24.8-.4-34.3z\"><\/path><\/svg>\t\t\t<\/span>\n\t\t\t\t\t\t\t\t\t<span class=\"elementor-button-text\">Hidrogena\u00e7\u00e3o<\/span>\n\t\t\t\t\t<\/span>\n\t\t\t\t\t<\/a>\n\t\t\t\t\t\t\t\t<\/div>\n\t\t\t\t<div class=\"elementor-element elementor-element-5b1401c elementor-align-left elementor-widget elementor-widget-button\" data-id=\"5b1401c\" data-element_type=\"widget\" data-widget_type=\"button.default\">\n\t\t\t\t\t\t\t\t\t\t<a class=\"elementor-button elementor-button-link elementor-size-sm\" href=\"#contate\">\n\t\t\t\t\t\t<span class=\"elementor-button-content-wrapper\">\n\t\t\t\t\t\t<span class=\"elementor-button-icon\">\n\t\t\t\t<svg aria-hidden=\"true\" class=\"e-font-icon-svg e-fas-arrow-right\" viewBox=\"0 0 448 512\" xmlns=\"http:\/\/www.w3.org\/2000\/svg\"><path d=\"M190.5 66.9l22.2-22.2c9.4-9.4 24.6-9.4 33.9 0L441 239c9.4 9.4 9.4 24.6 0 33.9L246.6 467.3c-9.4 9.4-24.6 9.4-33.9 0l-22.2-22.2c-9.5-9.5-9.3-25 .4-34.3L311.4 296H24c-13.3 0-24-10.7-24-24v-32c0-13.3 10.7-24 24-24h287.4L190.9 101.2c-9.8-9.3-10-24.8-.4-34.3z\"><\/path><\/svg>\t\t\t<\/span>\n\t\t\t\t\t\t\t\t\t<span class=\"elementor-button-text\">Contate um especialista Messer<\/span>\n\t\t\t\t\t<\/span>\n\t\t\t\t\t<\/a>\n\t\t\t\t\t\t\t\t<\/div>\n\t\t\t\t<\/div>\n\t\t<div class=\"elementor-element elementor-element-1cd7a2c e-con-full e-flex e-con e-child\" data-id=\"1cd7a2c\" data-element_type=\"container\">\n\t\t\t\t<div class=\"elementor-element elementor-element-b896b26 elementor-widget elementor-widget-image\" data-id=\"b896b26\" data-element_type=\"widget\" data-widget_type=\"image.default\">\n\t\t\t\t\t\t\t\t\t\t\t\t\t\t\t<img fetchpriority=\"high\" decoding=\"async\" width=\"301\" height=\"555\" src=\"https:\/\/www.fabricac.com.br\/messer\/wp-content\/uploads\/2024\/11\/quimica2.webp\" class=\"attachment-full size-full wp-image-3273\" alt=\"\" srcset=\"https:\/\/www.fabricac.com.br\/messer\/wp-content\/uploads\/2024\/11\/quimica2.webp 301w, https:\/\/www.fabricac.com.br\/messer\/wp-content\/uploads\/2024\/11\/quimica2-163x300.webp 163w\" sizes=\"(max-width: 301px) 100vw, 301px\" \/>\t\t\t\t\t\t\t\t\t\t\t\t\t\t\t<\/div>\n\t\t\t\t<\/div>\n\t\t<div class=\"elementor-element elementor-element-05276d3 e-con-full e-flex e-con e-child\" data-id=\"05276d3\" data-element_type=\"container\">\n\t\t\t\t<div class=\"elementor-element elementor-element-70c0e34 elementor-widget elementor-widget-image\" data-id=\"70c0e34\" data-element_type=\"widget\" data-widget_type=\"image.default\">\n\t\t\t\t\t\t\t\t\t\t\t\t\t\t\t<img decoding=\"async\" width=\"301\" height=\"555\" src=\"https:\/\/www.fabricac.com.br\/messer\/wp-content\/uploads\/2025\/10\/plant-messer1.webp\" class=\"attachment-full size-full wp-image-12675\" alt=\"\" srcset=\"https:\/\/www.fabricac.com.br\/messer\/wp-content\/uploads\/2025\/10\/plant-messer1.webp 301w, https:\/\/www.fabricac.com.br\/messer\/wp-content\/uploads\/2025\/10\/plant-messer1-163x300.webp 163w\" sizes=\"(max-width: 301px) 100vw, 301px\" \/>\t\t\t\t\t\t\t\t\t\t\t\t\t\t\t<\/div>\n\t\t\t\t<\/div>\n\t\t\t\t\t<\/div>\n\t\t\t\t<\/div>\n\t\t<div class=\"elementor-element elementor-element-64db07b e-grid e-con-boxed e-con e-parent\" data-id=\"64db07b\" data-element_type=\"container\" id=\"aplicacoes\" data-settings=\"{&quot;background_background&quot;:&quot;classic&quot;}\">\n\t\t\t\t\t<div class=\"e-con-inner\">\n\t\t<div class=\"elementor-element elementor-element-16f1de5 e-con-full e-flex e-con e-child\" data-id=\"16f1de5\" data-element_type=\"container\">\n\t\t\t\t<div class=\"elementor-element elementor-element-324ca68 lined-title elementor-widget elementor-widget-heading\" data-id=\"324ca68\" data-element_type=\"widget\" data-widget_type=\"heading.default\">\n\t\t\t\t\t<h2 class=\"elementor-heading-title elementor-size-default\">Inertiza\u00e7\u00e3o \u2013 Purga, Secagem, Blanketing e Pressuriza\u00e7\u00e3o<\/h2>\t\t\t\t<\/div>\n\t\t\t\t<div class=\"elementor-element elementor-element-ae441c6 elementor-widget elementor-widget-text-editor\" data-id=\"ae441c6\" data-element_type=\"widget\" data-widget_type=\"text-editor.default\">\n\t\t\t\t\t\t\t\t\t<p>Embora essencial para a manuten\u00e7\u00e3o da vida, o oxig\u00eanio atmosf\u00e9rico \u00e9 prejudicial para o processamento, transfer\u00eancia ou armazenamento de diversos produtos. Rea\u00e7\u00f5es indesejadas ou perigosas, como inc\u00eandios, explos\u00f5es, perda de qualidade do produto final causada pela decomposi\u00e7\u00e3o ou oxida\u00e7\u00e3o e altera\u00e7\u00e3o de cor, entre outras, podem ser evitadas com a aplica\u00e7\u00e3o de gases para inertiza\u00e7\u00e3o.<\/p>\t\t\t\t\t\t\t\t<\/div>\n\t\t\t\t<\/div>\n\t\t<div class=\"elementor-element elementor-element-99b7c71 e-con-full e-flex e-con e-child\" data-id=\"99b7c71\" data-element_type=\"container\">\n\t\t\t\t<div class=\"elementor-element elementor-element-d18645e lined-title elementor-widget elementor-widget-heading\" data-id=\"d18645e\" data-element_type=\"widget\" data-widget_type=\"heading.default\">\n\t\t\t\t\t<h2 class=\"elementor-heading-title elementor-size-default\">Aplica\u00e7\u00f5es Criog\u00eanicas<\/h2>\t\t\t\t<\/div>\n\t\t\t\t<div class=\"elementor-element elementor-element-f985f85 elementor-widget elementor-widget-text-editor\" data-id=\"f985f85\" data-element_type=\"widget\" data-widget_type=\"text-editor.default\">\n\t\t\t\t\t\t\t\t\t<p>A express\u00e3o \u201ccriogenia\u201d descreve a aplica\u00e7\u00e3o de nitrog\u00eanio l\u00edquido ou gelo seco para congelar ou resfriar produtos diversos, do setor qu\u00edmico, em temperaturas muito baixas (-80\u00baC ou inferiores).<\/p><p>Diferentes solu\u00e7\u00f5es est\u00e3o dispon\u00edveis nesta \u00e1rea como, por exemplo, a criocondensa\u00e7\u00e3o, o controle de temperatura de rea\u00e7\u00f5es, o resfriamento, a rebarba\u00e7\u00e3o de borrachas e pl\u00e1sticos e a criomoagem.<\/p>\t\t\t\t\t\t\t\t<\/div>\n\t\t\t\t<\/div>\n\t\t<div class=\"elementor-element elementor-element-155f8a7 e-con-full e-flex e-con e-child\" data-id=\"155f8a7\" data-element_type=\"container\">\n\t\t\t\t<div class=\"elementor-element elementor-element-a044faf lined-title elementor-widget elementor-widget-heading\" data-id=\"a044faf\" data-element_type=\"widget\" data-widget_type=\"heading.default\">\n\t\t\t\t\t<h2 class=\"elementor-heading-title elementor-size-default\">Tratamento de Efluentes<\/h2>\t\t\t\t<\/div>\n\t\t\t\t<div class=\"elementor-element elementor-element-d103c83 elementor-widget elementor-widget-text-editor\" data-id=\"d103c83\" data-element_type=\"widget\" data-widget_type=\"text-editor.default\">\n\t\t\t\t\t\t\t\t\t<p>A Messer oferece diversas solu\u00e7\u00f5es que proporcionam o aumento da capacidade de tratamento de efluentes l\u00edquidos. Essas aplica\u00e7\u00f5es s\u00e3o propostas em situa\u00e7\u00f5es como o aumento populacional, amplia\u00e7\u00e3o industrial, altera\u00e7\u00e3o do perfil do efluente, absor\u00e7\u00e3o de picos de produ\u00e7\u00e3o ou ainda restri\u00e7\u00f5es por parte dos \u00f3rg\u00e3os ambientais. Al\u00e9m do oxig\u00eanio, o nitrog\u00eanio, o di\u00f3xido de carbono e o oz\u00f4nio tamb\u00e9m s\u00e3o utilizados nestes processos.<\/p>\t\t\t\t\t\t\t\t<\/div>\n\t\t\t\t<\/div>\n\t\t<div class=\"elementor-element elementor-element-045dfa8 e-con-full e-flex e-con e-child\" data-id=\"045dfa8\" data-element_type=\"container\">\n\t\t\t\t<div class=\"elementor-element elementor-element-0146881 lined-title elementor-widget elementor-widget-heading\" data-id=\"0146881\" data-element_type=\"widget\" data-widget_type=\"heading.default\">\n\t\t\t\t\t<h2 class=\"elementor-heading-title elementor-size-default\">Hidrogena\u00e7\u00e3o<\/h2>\t\t\t\t<\/div>\n\t\t\t\t<div class=\"elementor-element elementor-element-d44f509 elementor-widget elementor-widget-text-editor\" data-id=\"d44f509\" data-element_type=\"widget\" data-widget_type=\"text-editor.default\">\n\t\t\t\t\t\t\t\t\t<p>O hidrog\u00eanio \u00e9 utilizado como mat\u00e9ria-prima em processos qu\u00edmicos como a s\u00edntese de am\u00f4nia, metanol, per\u00f3xido de hidrog\u00eanio, sorbitol, pol\u00edmeros e solventes. Nesta \u00e1rea de aplica\u00e7\u00e3o, t\u00e3o importante quanto o suprimento do produto, apresenta-se como grande diferencial a garantia de qualidade e a seguran\u00e7a nas instala\u00e7\u00f5es e na distribui\u00e7\u00e3o.<\/p>\t\t\t\t\t\t\t\t<\/div>\n\t\t\t\t<\/div>\n\t\t\t\t\t<\/div>\n\t\t\t\t<\/div>\n\t\t<div class=\"elementor-element elementor-element-c7f23be e-flex e-con-boxed e-con e-parent\" data-id=\"c7f23be\" data-element_type=\"container\" data-settings=\"{&quot;background_background&quot;:&quot;classic&quot;}\">\n\t\t\t\t\t<div class=\"e-con-inner\">\n\t\t<div class=\"elementor-element elementor-element-fccd72d e-con-full e-flex e-con e-child\" data-id=\"fccd72d\" data-element_type=\"container\">\n\t\t\t\t<div class=\"elementor-element elementor-element-6d5c70a lined-title elementor-widget elementor-widget-heading\" data-id=\"6d5c70a\" data-element_type=\"widget\" data-widget_type=\"heading.default\">\n\t\t\t\t\t<h2 class=\"elementor-heading-title elementor-size-default\">Solu\u00e7\u00f5es<\/h2>\t\t\t\t<\/div>\n\t\t\t\t<div class=\"elementor-element elementor-element-f60b92a elementor-widget elementor-widget-heading\" data-id=\"f60b92a\" data-element_type=\"widget\" data-widget_type=\"heading.default\">\n\t\t\t\t\t<h2 class=\"elementor-heading-title elementor-size-default\">Biox<\/h2>\t\t\t\t<\/div>\n\t\t\t\t<div class=\"elementor-element elementor-element-b3d78a8 elementor-widget elementor-widget-text-editor\" data-id=\"b3d78a8\" data-element_type=\"widget\" data-widget_type=\"text-editor.default\">\n\t\t\t\t\t\t\t\t\t<div class=\"kc-elm kc-css-787116 kc_row kc_row_inner\"><div class=\"kc-elm kc-css-609258 kc_col-sm-8 kc_column_inner kc_col-sm-8\"><div class=\"kc_wrapper kc-col-inner-container\"><div class=\"kc-elm kc-css-434538 kc-raw-code\"><p>Equipamentos de aplica\u00e7\u00e3o de inje\u00e7\u00e3o de ar e\/ou oxig\u00eanio puro. <br \/>Sistema de tratamento de efluentes eficiente e econ\u00f4mico.<\/p><\/div><\/div><\/div><\/div>\t\t\t\t\t\t\t\t<\/div>\n\t\t\t\t<\/div>\n\t\t<div class=\"elementor-element elementor-element-93c2ae2 e-con-full e-flex e-con e-child\" data-id=\"93c2ae2\" data-element_type=\"container\">\n\t\t\t\t<div class=\"elementor-element elementor-element-1f875fc elementor-widget elementor-widget-video\" data-id=\"1f875fc\" data-element_type=\"widget\" data-settings=\"{&quot;video_type&quot;:&quot;hosted&quot;,&quot;controls&quot;:&quot;yes&quot;}\" data-widget_type=\"video.default\">\n\t\t\t\t\t\t\t<div class=\"e-hosted-video elementor-wrapper elementor-open-inline\">\n\t\t\t\t\t<video class=\"elementor-video\" src=\"https:\/\/www.fabricac.com.br\/messer\/wp-content\/uploads\/2025\/10\/biox_ok.mp4_x264.mp4\" controls=\"\" preload=\"metadata\" controlsList=\"nodownload\" poster=\"https:\/\/www.fabricac.com.br\/messer\/wp-content\/uploads\/2024\/11\/efluentes.webp\"><\/video>\n\t\t\t\t<\/div>\n\t\t\t\t\t\t<\/div>\n\t\t\t\t<\/div>\n\t\t\t\t\t<\/div>\n\t\t\t\t<\/div>\n\t\t<div class=\"elementor-element elementor-element-bb2e29b e-flex e-con-boxed e-con e-parent\" data-id=\"bb2e29b\" data-element_type=\"container\" id=\"contate\" data-settings=\"{&quot;background_background&quot;:&quot;classic&quot;}\">\n\t\t\t\t\t<div class=\"e-con-inner\">\n\t\t<div class=\"elementor-element elementor-element-0e9f5bd e-con-full e-flex e-con e-child\" data-id=\"0e9f5bd\" data-element_type=\"container\">\n\t\t\t\t<div class=\"elementor-element elementor-element-09a1757 lined-title elementor-widget elementor-widget-heading\" data-id=\"09a1757\" data-element_type=\"widget\" data-widget_type=\"heading.default\">\n\t\t\t\t\t<h2 class=\"elementor-heading-title elementor-size-default\">Entre em contato com o time de especialistas Messer<\/h2>\t\t\t\t<\/div>\n\t\t\t\t<div class=\"elementor-element elementor-element-877be50 elementor-widget elementor-widget-html\" data-id=\"877be50\" data-element_type=\"widget\" data-widget_type=\"html.default\">\n\t\t\t\t\t<iframe src=\"https:\/\/www.lojamesser.com\/s\/novo-cliente\" width=\"100%\" height=\"750\" allowfullscreen><\/iframe>\r\n<script>\r\ndocument.addEventListener( 'wpcf7mailsent', function( event ) {\r\n    location = 'https:\/\/www.messer-br.com\/contato-obrigado';\r\n}, false );\r\n<\/script>\t\t\t\t<\/div>\n\t\t\t\t<\/div>\n\t\t\t\t\t<\/div>\n\t\t\t\t<\/div>\n\t\t\t\t<\/div>\n\t\t","protected":false},"excerpt":{"rendered":"<p>Qu\u00edmica e Petroqu\u00edmica Home Solu\u00e7\u00f5es para melhorar a produtividade e atender as metas ambientais atrav\u00e9s de um portf\u00f3lio abrangente de gases, equipamentos e servi\u00e7os Para uma ind\u00fastria t\u00e3o diversificada e abrangente como esta, a Messer desenvolve aplica\u00e7\u00f5es que v\u00e3o desde a inertiza\u00e7\u00e3o de tanques e equipamentos de ind\u00fastrias qu\u00edmicas de base, refinarias, petroqu\u00edmicas, farmac\u00eauticas, papel [&hellip;]<\/p>\n","protected":false},"author":1,"featured_media":0,"parent":2889,"menu_order":0,"comment_status":"closed","ping_status":"closed","template":"","meta":{"footnotes":""},"class_list":["post-3215","page","type-page","status-publish","hentry"],"_links":{"self":[{"href":"https:\/\/www.fabricac.com.br\/messer\/wp-json\/wp\/v2\/pages\/3215","targetHints":{"allow":["GET"]}}],"collection":[{"href":"https:\/\/www.fabricac.com.br\/messer\/wp-json\/wp\/v2\/pages"}],"about":[{"href":"https:\/\/www.fabricac.com.br\/messer\/wp-json\/wp\/v2\/types\/page"}],"author":[{"embeddable":true,"href":"https:\/\/www.fabricac.com.br\/messer\/wp-json\/wp\/v2\/users\/1"}],"replies":[{"embeddable":true,"href":"https:\/\/www.fabricac.com.br\/messer\/wp-json\/wp\/v2\/comments?post=3215"}],"version-history":[{"count":52,"href":"https:\/\/www.fabricac.com.br\/messer\/wp-json\/wp\/v2\/pages\/3215\/revisions"}],"predecessor-version":[{"id":12819,"href":"https:\/\/www.fabricac.com.br\/messer\/wp-json\/wp\/v2\/pages\/3215\/revisions\/12819"}],"up":[{"embeddable":true,"href":"https:\/\/www.fabricac.com.br\/messer\/wp-json\/wp\/v2\/pages\/2889"}],"wp:attachment":[{"href":"https:\/\/www.fabricac.com.br\/messer\/wp-json\/wp\/v2\/media?parent=3215"}],"curies":[{"name":"wp","href":"https:\/\/api.w.org\/{rel}","templated":true}]}}