{"id":3090,"date":"2024-10-29T13:27:17","date_gmt":"2024-10-29T16:27:17","guid":{"rendered":"https:\/\/www.fabricac.com.br\/messer\/?page_id=3090"},"modified":"2025-10-24T10:10:58","modified_gmt":"2025-10-24T13:10:58","slug":"telemetria-messer","status":"publish","type":"page","link":"https:\/\/www.fabricac.com.br\/messer\/produtos\/telemetria-messer\/","title":{"rendered":"Telemetria Messer"},"content":{"rendered":"\t\t<div data-elementor-type=\"wp-page\" data-elementor-id=\"3090\" class=\"elementor elementor-3090\" data-elementor-post-type=\"page\">\n\t\t\t\t<div class=\"elementor-element elementor-element-e64dd0a e-con-full e-flex e-con e-parent\" data-id=\"e64dd0a\" data-element_type=\"container\" data-settings=\"{&quot;background_background&quot;:&quot;classic&quot;}\">\n\t\t<div class=\"elementor-element elementor-element-604847f e-con-full e-flex e-con e-child\" data-id=\"604847f\" data-element_type=\"container\">\n\t\t\t\t<div class=\"elementor-element elementor-element-beb1055 elementor-widget elementor-widget-heading\" data-id=\"beb1055\" data-element_type=\"widget\" data-widget_type=\"heading.default\">\n\t\t\t\t\t<h2 class=\"elementor-heading-title elementor-size-default\">Telemetria Messer<\/h2>\t\t\t\t<\/div>\n\t\t\t\t<div class=\"elementor-element elementor-element-3b7db18 elementor-widget elementor-widget-text-editor\" data-id=\"3b7db18\" data-element_type=\"widget\" data-widget_type=\"text-editor.default\">\n\t\t\t\t\t\t\t\t\t<p>Sistema de Monitoramento On-line<\/p>\t\t\t\t\t\t\t\t<\/div>\n\t\t\t\t<div class=\"elementor-element elementor-element-39921e8 elementor-widget elementor-widget-hfe-breadcrumbs-widget\" data-id=\"39921e8\" data-element_type=\"widget\" data-widget_type=\"hfe-breadcrumbs-widget.default\">\n\t\t\t\t<div class=\"elementor-widget-container\">\n\t\t\t\t\t<nav aria-label=\"Breadcrumb\"><ul class=\"hfe-breadcrumbs hfe-breadcrumbs-show-home\"><li class=\"hfe-breadcrumbs-item hfe-breadcrumbs-first\"><span class=\"hfe-breadcrumbs-home-icon\"><\/span><a href=\"https:\/\/www.fabricac.com.br\/messer\"><span class=\"hfe-breadcrumbs-text\">Home<\/span><\/a><\/li><\/ul><\/nav>\t\t\t\t<\/div>\n\t\t\t\t<\/div>\n\t\t\t\t<\/div>\n\t\t\t\t<\/div>\n\t\t\t\t<section class=\"elementor-section elementor-top-section elementor-element elementor-element-8d23c5c row-boxed elementor-section-boxed elementor-section-height-default elementor-section-height-default\" data-id=\"8d23c5c\" data-element_type=\"section\" id=\"top\">\n\t\t\t\t\t\t<div class=\"elementor-container elementor-column-gap-default\">\n\t\t\t\t\t<div class=\"elementor-column elementor-col-50 elementor-top-column elementor-element elementor-element-0fd6cf0\" data-id=\"0fd6cf0\" data-element_type=\"column\">\n\t\t\t<div class=\"elementor-widget-wrap elementor-element-populated\">\n\t\t\t\t\t\t<div class=\"elementor-element elementor-element-885d917 elementor-widget elementor-widget-text-editor\" data-id=\"885d917\" data-element_type=\"widget\" data-widget_type=\"text-editor.default\">\n\t\t\t\t\t\t\t\t\t<p>A Messer desenvolveu um sistema de monitoramento on-line de equipamentos de gera\u00e7\u00e3o de ar comprimido e v\u00e1cuo medicinal. Este sistema traz in\u00fameros benef\u00edcios para os clientes:<\/p><ul class=\"list-style-texto2\"><li>Atender requisitos normativos no aux\u00edlio da acredita\u00e7\u00e3o ONA (Organiza\u00e7\u00e3o Nacional de Acredita\u00e7\u00e3o)<\/li><li>Enviar notifica\u00e7\u00f5es durante o funcionamento dos equipamentos<\/li><li>Emitir relat\u00f3rios eletr\u00f4nicos<\/li><li>Monitoramento dos par\u00e2metros operacionais da m\u00e1quina<\/li><li>Reduzir custos com HH da Engenharia Cl\u00ednica<\/li><\/ul>\t\t\t\t\t\t\t\t<\/div>\n\t\t\t\t<div class=\"elementor-element elementor-element-36149e5 elementor-widget elementor-widget-text-editor\" data-id=\"36149e5\" data-element_type=\"widget\" data-widget_type=\"text-editor.default\">\n\t\t\t\t\t\t\t\t\t<p>A tecnologia desenvolvida pela Messer agrega funcionalidades da Ind\u00fastria 4.0 e possibilita o monitoramento em tempo real de forma simples e r\u00e1pida, objetivando garantir agilidade na detec\u00e7\u00e3o de anormalidades. Al\u00e9m de acesso via internet para controle e an\u00e1lises, o cliente receber\u00e1 notifica\u00e7\u00f5es via e-mail ou mensagens de textos quando as vari\u00e1veis monitoradas apresentarem altera\u00e7\u00f5es.<\/p>\t\t\t\t\t\t\t\t<\/div>\n\t\t\t\t\t<\/div>\n\t\t<\/div>\n\t\t\t\t<div class=\"elementor-column elementor-col-50 elementor-top-column elementor-element elementor-element-ff1a9d2\" data-id=\"ff1a9d2\" data-element_type=\"column\">\n\t\t\t<div class=\"elementor-widget-wrap elementor-element-populated\">\n\t\t\t\t\t\t<div class=\"elementor-element elementor-element-05b6ff1 elementor-widget elementor-widget-video\" data-id=\"05b6ff1\" data-element_type=\"widget\" data-settings=\"{&quot;video_type&quot;:&quot;hosted&quot;,&quot;controls&quot;:&quot;yes&quot;}\" data-widget_type=\"video.default\">\n\t\t\t\t\t\t\t<div class=\"e-hosted-video elementor-wrapper elementor-open-inline\">\n\t\t\t\t\t<video class=\"elementor-video\" src=\"https:\/\/www.fabricac.com.br\/messer\/wp-content\/uploads\/2024\/10\/video_health_mais_telemetria_vs1_com_intro.mp4_x264.mp4\" controls=\"\" preload=\"metadata\" controlsList=\"nodownload\"><\/video>\n\t\t\t\t<\/div>\n\t\t\t\t\t\t<\/div>\n\t\t\t\t\t<\/div>\n\t\t<\/div>\n\t\t\t\t\t<\/div>\n\t\t<\/section>\n\t\t\t\t<section class=\"elementor-section elementor-top-section elementor-element elementor-element-cc6155e elementor-section-stretched elementor-section-boxed elementor-section-height-default elementor-section-height-default\" data-id=\"cc6155e\" data-element_type=\"section\" id=\"contate\" data-settings=\"{&quot;stretch_section&quot;:&quot;section-stretched&quot;,&quot;background_background&quot;:&quot;classic&quot;}\">\n\t\t\t\t\t\t<div class=\"elementor-container elementor-column-gap-extended\">\n\t\t\t\t\t<div class=\"elementor-column elementor-col-100 elementor-top-column elementor-element elementor-element-d8044f9\" data-id=\"d8044f9\" data-element_type=\"column\">\n\t\t\t<div class=\"elementor-widget-wrap elementor-element-populated\">\n\t\t\t\t\t\t<div class=\"elementor-element elementor-element-2927dfc lined-title elementor-widget elementor-widget-heading\" data-id=\"2927dfc\" data-element_type=\"widget\" data-widget_type=\"heading.default\">\n\t\t\t\t\t<h2 class=\"elementor-heading-title elementor-size-default\">Entre em contato com o time de especialistas Messer<\/h2>\t\t\t\t<\/div>\n\t\t\t\t<div class=\"elementor-element elementor-element-8ff06e4 elementor-widget elementor-widget-html\" data-id=\"8ff06e4\" data-element_type=\"widget\" data-widget_type=\"html.default\">\n\t\t\t\t\t<iframe src=\"https:\/\/www.lojamesser.com\/s\/novo-cliente\" width=\"100%\" height=\"750\" allowfullscreen><\/iframe>\r\n<script>\r\ndocument.addEventListener( 'wpcf7mailsent', function( event ) {\r\n    location = 'https:\/\/www.messer-br.com\/contato-obrigado';\r\n}, false );\r\n<\/script>\t\t\t\t<\/div>\n\t\t\t\t\t<\/div>\n\t\t<\/div>\n\t\t\t\t\t<\/div>\n\t\t<\/section>\n\t\t\t\t<\/div>\n\t\t","protected":false},"excerpt":{"rendered":"<p>Telemetria Messer Sistema de Monitoramento On-line Home A Messer desenvolveu um sistema de monitoramento on-line de equipamentos de gera\u00e7\u00e3o de ar comprimido e v\u00e1cuo medicinal. Este sistema traz in\u00fameros benef\u00edcios para os clientes: Atender requisitos normativos no aux\u00edlio da acredita\u00e7\u00e3o ONA (Organiza\u00e7\u00e3o Nacional de Acredita\u00e7\u00e3o) Enviar notifica\u00e7\u00f5es durante o funcionamento dos equipamentos Emitir relat\u00f3rios eletr\u00f4nicos [&hellip;]<\/p>\n","protected":false},"author":1,"featured_media":0,"parent":2812,"menu_order":0,"comment_status":"closed","ping_status":"closed","template":"","meta":{"footnotes":""},"class_list":["post-3090","page","type-page","status-publish","hentry"],"_links":{"self":[{"href":"https:\/\/www.fabricac.com.br\/messer\/wp-json\/wp\/v2\/pages\/3090","targetHints":{"allow":["GET"]}}],"collection":[{"href":"https:\/\/www.fabricac.com.br\/messer\/wp-json\/wp\/v2\/pages"}],"about":[{"href":"https:\/\/www.fabricac.com.br\/messer\/wp-json\/wp\/v2\/types\/page"}],"author":[{"embeddable":true,"href":"https:\/\/www.fabricac.com.br\/messer\/wp-json\/wp\/v2\/users\/1"}],"replies":[{"embeddable":true,"href":"https:\/\/www.fabricac.com.br\/messer\/wp-json\/wp\/v2\/comments?post=3090"}],"version-history":[{"count":19,"href":"https:\/\/www.fabricac.com.br\/messer\/wp-json\/wp\/v2\/pages\/3090\/revisions"}],"predecessor-version":[{"id":12852,"href":"https:\/\/www.fabricac.com.br\/messer\/wp-json\/wp\/v2\/pages\/3090\/revisions\/12852"}],"up":[{"embeddable":true,"href":"https:\/\/www.fabricac.com.br\/messer\/wp-json\/wp\/v2\/pages\/2812"}],"wp:attachment":[{"href":"https:\/\/www.fabricac.com.br\/messer\/wp-json\/wp\/v2\/media?parent=3090"}],"curies":[{"name":"wp","href":"https:\/\/api.w.org\/{rel}","templated":true}]}}