{"id":3070,"date":"2024-10-29T11:44:24","date_gmt":"2024-10-29T14:44:24","guid":{"rendered":"https:\/\/www.fabricac.com.br\/messer\/?page_id=3070"},"modified":"2025-10-24T10:10:52","modified_gmt":"2025-10-24T13:10:52","slug":"oxigenio","status":"publish","type":"page","link":"https:\/\/www.fabricac.com.br\/messer\/produtos\/oxigenio\/","title":{"rendered":"Oxig\u00eanio"},"content":{"rendered":"\t\t<div data-elementor-type=\"wp-page\" data-elementor-id=\"3070\" class=\"elementor elementor-3070\" data-elementor-post-type=\"page\">\n\t\t\t\t<div class=\"elementor-element elementor-element-e64dd0a e-con-full e-flex e-con e-parent\" data-id=\"e64dd0a\" data-element_type=\"container\" data-settings=\"{&quot;background_background&quot;:&quot;classic&quot;}\">\n\t\t<div class=\"elementor-element elementor-element-604847f e-con-full e-flex e-con e-child\" data-id=\"604847f\" data-element_type=\"container\">\n\t\t\t\t<div class=\"elementor-element elementor-element-5625dd9 elementor-widget elementor-widget-image\" data-id=\"5625dd9\" data-element_type=\"widget\" data-widget_type=\"image.default\">\n\t\t\t\t\t\t\t\t\t\t\t\t\t\t\t<img decoding=\"async\" width=\"150\" height=\"150\" src=\"https:\/\/www.fabricac.com.br\/messer\/wp-content\/uploads\/2024\/10\/elemento-o-150x150.webp\" class=\"attachment-thumbnail size-thumbnail wp-image-3121\" alt=\"\" srcset=\"https:\/\/www.fabricac.com.br\/messer\/wp-content\/uploads\/2024\/10\/elemento-o-150x150.webp 150w, https:\/\/www.fabricac.com.br\/messer\/wp-content\/uploads\/2024\/10\/elemento-o.webp 200w\" sizes=\"(max-width: 150px) 100vw, 150px\" \/>\t\t\t\t\t\t\t\t\t\t\t\t\t\t\t<\/div>\n\t\t\t\t<\/div>\n\t\t\t\t<\/div>\n\t\t\t\t<section class=\"elementor-section elementor-top-section elementor-element elementor-element-8d23c5c row-boxed elementor-section-boxed elementor-section-height-default elementor-section-height-default\" data-id=\"8d23c5c\" data-element_type=\"section\" id=\"top\">\n\t\t\t\t\t\t<div class=\"elementor-container elementor-column-gap-default\">\n\t\t\t\t\t<div class=\"elementor-column elementor-col-50 elementor-top-column elementor-element elementor-element-0fd6cf0\" data-id=\"0fd6cf0\" data-element_type=\"column\">\n\t\t\t<div class=\"elementor-widget-wrap elementor-element-populated\">\n\t\t\t\t\t\t<div class=\"elementor-element elementor-element-206b8d3 lined-title elementor-widget elementor-widget-heading\" data-id=\"206b8d3\" data-element_type=\"widget\" data-widget_type=\"heading.default\">\n\t\t\t\t\t<h2 class=\"elementor-heading-title elementor-size-default\">Oxig\u00eanio<\/h2>\t\t\t\t<\/div>\n\t\t\t\t<div class=\"elementor-element elementor-element-885d917 elementor-widget elementor-widget-text-editor\" data-id=\"885d917\" data-element_type=\"widget\" data-widget_type=\"text-editor.default\">\n\t\t\t\t\t\t\t\t\t<p>O oxig\u00eanio \u00e9 um dos gases com mais ampla atua\u00e7\u00e3o no mercado. Utilizado na conserva\u00e7\u00e3o de alimentos, tratamento de \u00e1gua, em diversos tratamentos de sa\u00fade, exames\u00a0laboratoriais, metal mec\u00e2nica e ind\u00fastria produtiva em geral.<\/p>\t\t\t\t\t\t\t\t<\/div>\n\t\t\t\t<div class=\"elementor-element elementor-element-0aa97d4 elementor-widget elementor-widget-text-editor\" data-id=\"0aa97d4\" data-element_type=\"widget\" data-widget_type=\"text-editor.default\">\n\t\t\t\t\t\t\t\t\t<p><b>Formas de Distribui\u00e7\u00e3o:<\/b> O\u00a0<span style=\"color: #666666;\">oxig\u00eanio \u00e9 fornecido em estado l\u00edquido ou gasoso, envasado em cilindros, cestas, tanques ou por meio de gasodutos.<\/span><\/p>\t\t\t\t\t\t\t\t<\/div>\n\t\t\t\t<div class=\"elementor-element elementor-element-5886973 elementor-align-left elementor-mobile-align-left elementor-widget elementor-widget-button\" data-id=\"5886973\" data-element_type=\"widget\" data-widget_type=\"button.default\">\n\t\t\t\t\t\t\t\t\t\t<a class=\"elementor-button elementor-button-link elementor-size-xs\" href=\"#segmentos\">\n\t\t\t\t\t\t<span class=\"elementor-button-content-wrapper\">\n\t\t\t\t\t\t<span class=\"elementor-button-icon\">\n\t\t\t\t<svg aria-hidden=\"true\" class=\"e-font-icon-svg e-fas-arrow-right\" viewBox=\"0 0 448 512\" xmlns=\"http:\/\/www.w3.org\/2000\/svg\"><path d=\"M190.5 66.9l22.2-22.2c9.4-9.4 24.6-9.4 33.9 0L441 239c9.4 9.4 9.4 24.6 0 33.9L246.6 467.3c-9.4 9.4-24.6 9.4-33.9 0l-22.2-22.2c-9.5-9.5-9.3-25 .4-34.3L311.4 296H24c-13.3 0-24-10.7-24-24v-32c0-13.3 10.7-24 24-24h287.4L190.9 101.2c-9.8-9.3-10-24.8-.4-34.3z\"><\/path><\/svg>\t\t\t<\/span>\n\t\t\t\t\t\t\t\t\t<span class=\"elementor-button-text\">Segmentos onde o g\u00e1s \u00e9 utilizado<\/span>\n\t\t\t\t\t<\/span>\n\t\t\t\t\t<\/a>\n\t\t\t\t\t\t\t\t<\/div>\n\t\t\t\t<div class=\"elementor-element elementor-element-471bd1e elementor-align-left elementor-widget elementor-widget-button\" data-id=\"471bd1e\" data-element_type=\"widget\" data-widget_type=\"button.default\">\n\t\t\t\t\t\t\t\t\t\t<a class=\"elementor-button elementor-button-link elementor-size-xs\" href=\"#informacoes\">\n\t\t\t\t\t\t<span class=\"elementor-button-content-wrapper\">\n\t\t\t\t\t\t<span class=\"elementor-button-icon\">\n\t\t\t\t<svg aria-hidden=\"true\" class=\"e-font-icon-svg e-fas-arrow-right\" viewBox=\"0 0 448 512\" xmlns=\"http:\/\/www.w3.org\/2000\/svg\"><path d=\"M190.5 66.9l22.2-22.2c9.4-9.4 24.6-9.4 33.9 0L441 239c9.4 9.4 9.4 24.6 0 33.9L246.6 467.3c-9.4 9.4-24.6 9.4-33.9 0l-22.2-22.2c-9.5-9.5-9.3-25 .4-34.3L311.4 296H24c-13.3 0-24-10.7-24-24v-32c0-13.3 10.7-24 24-24h287.4L190.9 101.2c-9.8-9.3-10-24.8-.4-34.3z\"><\/path><\/svg>\t\t\t<\/span>\n\t\t\t\t\t\t\t\t\t<span class=\"elementor-button-text\">Informa\u00e7\u00f5es t\u00e9cnicas<\/span>\n\t\t\t\t\t<\/span>\n\t\t\t\t\t<\/a>\n\t\t\t\t\t\t\t\t<\/div>\n\t\t\t\t<div class=\"elementor-element elementor-element-334b4a3 elementor-align-left elementor-widget elementor-widget-button\" data-id=\"334b4a3\" data-element_type=\"widget\" data-widget_type=\"button.default\">\n\t\t\t\t\t\t\t\t\t\t<a class=\"elementor-button elementor-button-link elementor-size-sm\" href=\"#contate\">\n\t\t\t\t\t\t<span class=\"elementor-button-content-wrapper\">\n\t\t\t\t\t\t<span class=\"elementor-button-icon\">\n\t\t\t\t<svg aria-hidden=\"true\" class=\"e-font-icon-svg e-fas-arrow-right\" viewBox=\"0 0 448 512\" xmlns=\"http:\/\/www.w3.org\/2000\/svg\"><path d=\"M190.5 66.9l22.2-22.2c9.4-9.4 24.6-9.4 33.9 0L441 239c9.4 9.4 9.4 24.6 0 33.9L246.6 467.3c-9.4 9.4-24.6 9.4-33.9 0l-22.2-22.2c-9.5-9.5-9.3-25 .4-34.3L311.4 296H24c-13.3 0-24-10.7-24-24v-32c0-13.3 10.7-24 24-24h287.4L190.9 101.2c-9.8-9.3-10-24.8-.4-34.3z\"><\/path><\/svg>\t\t\t<\/span>\n\t\t\t\t\t\t\t\t\t<span class=\"elementor-button-text\">Contate um especialista Messer<\/span>\n\t\t\t\t\t<\/span>\n\t\t\t\t\t<\/a>\n\t\t\t\t\t\t\t\t<\/div>\n\t\t\t\t<div class=\"elementor-element elementor-element-ef7080b elementor-align-left elementor-widget elementor-widget-button\" data-id=\"ef7080b\" data-element_type=\"widget\" data-widget_type=\"button.default\">\n\t\t\t\t\t\t\t\t\t\t<a class=\"elementor-button elementor-button-link elementor-size-sm\" href=\"#historia\">\n\t\t\t\t\t\t<span class=\"elementor-button-content-wrapper\">\n\t\t\t\t\t\t<span class=\"elementor-button-icon\">\n\t\t\t\t<svg aria-hidden=\"true\" class=\"e-font-icon-svg e-fas-arrow-right\" viewBox=\"0 0 448 512\" xmlns=\"http:\/\/www.w3.org\/2000\/svg\"><path d=\"M190.5 66.9l22.2-22.2c9.4-9.4 24.6-9.4 33.9 0L441 239c9.4 9.4 9.4 24.6 0 33.9L246.6 467.3c-9.4 9.4-24.6 9.4-33.9 0l-22.2-22.2c-9.5-9.5-9.3-25 .4-34.3L311.4 296H24c-13.3 0-24-10.7-24-24v-32c0-13.3 10.7-24 24-24h287.4L190.9 101.2c-9.8-9.3-10-24.8-.4-34.3z\"><\/path><\/svg>\t\t\t<\/span>\n\t\t\t\t\t\t\t\t\t<span class=\"elementor-button-text\">Hist\u00f3ria do g\u00e1s<\/span>\n\t\t\t\t\t<\/span>\n\t\t\t\t\t<\/a>\n\t\t\t\t\t\t\t\t<\/div>\n\t\t\t\t\t<\/div>\n\t\t<\/div>\n\t\t\t\t<div class=\"elementor-column elementor-col-50 elementor-top-column elementor-element elementor-element-ff1a9d2\" data-id=\"ff1a9d2\" data-element_type=\"column\">\n\t\t\t<div class=\"elementor-widget-wrap elementor-element-populated\">\n\t\t\t\t\t\t<div class=\"elementor-element elementor-element-4818195 elementor-widget elementor-widget-image\" data-id=\"4818195\" data-element_type=\"widget\" data-widget_type=\"image.default\">\n\t\t\t\t\t\t\t\t\t\t\t\t\t\t\t<img fetchpriority=\"high\" decoding=\"async\" width=\"600\" height=\"520\" src=\"https:\/\/www.fabricac.com.br\/messer\/wp-content\/uploads\/2024\/10\/oxigenio.webp\" class=\"attachment-large size-large wp-image-3076\" alt=\"\" srcset=\"https:\/\/www.fabricac.com.br\/messer\/wp-content\/uploads\/2024\/10\/oxigenio.webp 600w, https:\/\/www.fabricac.com.br\/messer\/wp-content\/uploads\/2024\/10\/oxigenio-300x260.webp 300w\" sizes=\"(max-width: 600px) 100vw, 600px\" \/>\t\t\t\t\t\t\t\t\t\t\t\t\t\t\t<\/div>\n\t\t\t\t\t<\/div>\n\t\t<\/div>\n\t\t\t\t\t<\/div>\n\t\t<\/section>\n\t\t<div class=\"elementor-element elementor-element-c6d05ab e-flex e-con-boxed e-con e-parent\" data-id=\"c6d05ab\" data-element_type=\"container\" id=\"segmentos\" data-settings=\"{&quot;background_background&quot;:&quot;classic&quot;}\">\n\t\t\t\t\t<div class=\"e-con-inner\">\n\t\t<div class=\"elementor-element elementor-element-b76d786 e-con-full e-flex e-con e-child\" data-id=\"b76d786\" data-element_type=\"container\">\n\t\t\t\t<div class=\"elementor-element elementor-element-324ca68 lined-title elementor-widget elementor-widget-heading\" data-id=\"324ca68\" data-element_type=\"widget\" data-widget_type=\"heading.default\">\n\t\t\t\t\t<h2 class=\"elementor-heading-title elementor-size-default\">Onde \u00e9 utilizado?<\/h2>\t\t\t\t<\/div>\n\t\t\t\t<div class=\"elementor-element elementor-element-7963d3f elementor-widget elementor-widget-text-editor\" data-id=\"7963d3f\" data-element_type=\"widget\" data-widget_type=\"text-editor.default\">\n\t\t\t\t\t\t\t\t\t<ul>\n<li>\n<p><strong>Alimentos:&nbsp;<\/strong>mant\u00e9m a cor de produtos de carne vermelha fresca, e evita as condi\u00e7\u00f5es anaer\u00f3bicas de peixes frescos e frutos do mar por meio de embalagem de Atmosfera Modificada.<\/p>\n<\/li>\n<li>\n<p><strong>Piscicultura:<\/strong>&nbsp;\u00e9 usado para oxigenar tanques de cria\u00e7\u00e3o de peixes.<\/p>\n<\/li>\n<li>\n<p><strong>Res\u00edduos na \u00c1gua:<\/strong>&nbsp;melhora o tratamento de res\u00edduos presentes na \u00e1gua (lamas, odores, energia, etc.), al\u00e9m de diminuir a quantidade de emiss\u00f5es de incinera\u00e7\u00e3o.<\/p>\n<\/li>\n<li>\n<p><strong>Hospitalar:&nbsp;<\/strong>\u00e9 utilizado em tratamentos m\u00e9dicos diversos, principalmente para corrigir doen\u00e7as relacionadas \u00e0 hip\u00f3xia (oxigena\u00e7\u00e3o tecidual inadequada).<\/p>\n<\/li>\n<li>\n<p><strong>Laboratorial:<\/strong>&nbsp;usado em misturas de gases de calibra\u00e7\u00e3o para a ind\u00fastria petroqu\u00edmica, monitoramento de emiss\u00f5es ambientais, monitores de higiene industrial e analisadores de tra\u00e7os de impurezas. Tamb\u00e9m \u00e9 usado para medir propriedades calorim\u00e9tricas de hidrocarbonetos ou carv\u00e3o e de rea\u00e7\u00f5es de oxida\u00e7\u00e3o.<\/p>\n<\/li>\n<li>\n<p><strong>Fabrica\u00e7\u00e3o de Vidros:<\/strong>&nbsp;limita a emiss\u00e3o de \u00f3xidos de nitrog\u00eanio no material do vidro, por meio de processos de oxicombust\u00e3o.<\/p>\n<\/li>\n<li>\n<p><strong>Ind\u00fastria Aeron\u00e1utica:<\/strong>&nbsp;uso em m\u00e1scaras de oxig\u00eanio em aeronaves comerciais e militares.<\/p>\n<\/li>\n<li>\n<p><strong>Metal mec\u00e2nica:<\/strong>&nbsp;Nos processso oxicombust\u00edveis, no corte plasma e como g\u00e1s de assist\u00eancia no processo laser<\/p>\n<\/li>\n<li>\n<p><strong>Ind\u00fastria Qu\u00edmica:<\/strong>&nbsp;Confere aumento de rendimento em processos qu\u00edmicos e em produ\u00e7\u00f5es de \u00e1cidos inorganicos,. Pode atuar tanto no tratamento de efluentes em processos biologicos, quanto para alta oxida\u00e7\u00e3o de materia org\u00e2nica.&nbsp;<\/p>\n<\/li>\n<li>\n<p><strong>Componentes Eletr\u00f4nicos:<\/strong>&nbsp;usado para oxidar materiais colo sil\u00edcio, e para fazer a deposi\u00e7\u00e3o qu\u00edmica em fase vapor (CVD).<\/p>\n<\/li>\n<\/ul>\t\t\t\t\t\t\t\t<\/div>\n\t\t\t\t<\/div>\n\t\t\t\t\t<\/div>\n\t\t\t\t<\/div>\n\t\t<div class=\"elementor-element elementor-element-ccf5d6d row-boxed e-flex e-con-boxed e-con e-parent\" data-id=\"ccf5d6d\" data-element_type=\"container\" id=\"informacoes\">\n\t\t\t\t\t<div class=\"e-con-inner\">\n\t\t<div class=\"elementor-element elementor-element-2ecdc94 e-con-full e-flex e-con e-child\" data-id=\"2ecdc94\" data-element_type=\"container\">\n\t\t\t\t<div class=\"elementor-element elementor-element-4fc0240 lined-title elementor-widget elementor-widget-heading\" data-id=\"4fc0240\" data-element_type=\"widget\" data-widget_type=\"heading.default\">\n\t\t\t\t\t<h2 class=\"elementor-heading-title elementor-size-default\">Informa\u00e7\u00f5es t\u00e9cnicas<\/h2>\t\t\t\t<\/div>\n\t\t\t\t<\/div>\n\t\t\t\t\t<\/div>\n\t\t\t\t<\/div>\n\t\t<div class=\"elementor-element elementor-element-95e149e row-boxed e-flex e-con-boxed e-con e-parent\" data-id=\"95e149e\" data-element_type=\"container\">\n\t\t\t\t\t<div class=\"e-con-inner\">\n\t\t<div class=\"elementor-element elementor-element-cbf2c86 e-con-full e-flex e-con e-child\" data-id=\"cbf2c86\" data-element_type=\"container\">\n\t\t\t\t<div class=\"elementor-element elementor-element-f6c15b5 elementor-widget elementor-widget-html\" data-id=\"f6c15b5\" data-element_type=\"widget\" data-widget_type=\"html.default\">\n\t\t\t\t\t<style>\ntable {border-spacing: 2px!important;\nborder-collapse: inherit;\nfont-size: 16px;\n}\ntd{\npadding: 15px!important;\nline-height: 20px!important;}\n\n<\/style>\n\n<table width=\"100%\" border=\"0\" cellpadding=\"5\" cellspacing=\"3\">\n  <tr>\n    <td width=\"50%\">S\u00edmbolo At\u00f4mico<\/td>\n    <td width=\"50%\" valign=\"top\">O<sub>2<\/sub><\/td>\n  <\/tr>\n  <tr>\n    <td width=\"50%\">N\u00famero At\u00f4mico<\/td>\n    <td width=\"50%\" valign=\"top\">8<\/td>\n  <\/tr>\n  <tr>\n    <td width=\"50%\">S\u00e9rie Qu\u00edmica<\/td>\n    <td width=\"50%\" valign=\"top\">N\u00e3o-metal<\/td>\n  <\/tr>\n  <tr>\n    <td width=\"50%\">Estado Natural<\/td>\n    <td width=\"50%\" valign=\"top\">Gasoso<\/td>\n  <\/tr>\n  <tr>\n    <td width=\"50%\">Massa At\u00f4mica<\/td>\n    <td width=\"50%\" valign=\"top\">16 u<\/td>\n  <\/tr>\n  <tr>\n    <td width=\"50%\">Massa Espec\u00edfica<\/td>\n    <td width=\"50%\" valign=\"top\">1,326 kg\/m3<\/td>\n  <\/tr>\n  <tr>\n    <td width=\"50%\">Volume Espec\u00edfico<\/td>\n    <td width=\"50%\" valign=\"top\">0,76 m3\/kg<\/td>\n  <\/tr>\n<\/table>\t\t\t\t<\/div>\n\t\t\t\t<\/div>\n\t\t<div class=\"elementor-element elementor-element-28c5e09 e-con-full e-flex e-con e-child\" data-id=\"28c5e09\" data-element_type=\"container\">\n\t\t\t\t<div class=\"elementor-element elementor-element-48dc6d2 elementor-widget elementor-widget-html\" data-id=\"48dc6d2\" data-element_type=\"widget\" data-widget_type=\"html.default\">\n\t\t\t\t\t<style>\ntable {border-spacing: 2px!important;\nborder-collapse: inherit;\nfont-size: 16px;\n}\ntd{\npadding: 15px!important;\nline-height: 20px!important;}\n\n<\/style>\n\n<table width=\"100%\" border=\"0\" cellpadding=\"5\" cellspacing=\"3\">\n  <tbody>\n  <tr>\n    <td width=\"50%\">Peso Molecular<\/td>\n    <td width=\"50%\" valign=\"top\">32,00 g\/mol<\/td>\n  <\/tr>\n  <tr>\n    <td width=\"50%\">Densidade Relativa<\/td>\n    <td width=\"50%\" valign=\"top\">1,10<\/td>\n  <\/tr>\n  <tr>\n    <td width=\"50%\">Temperatura Cr\u00edtica<\/td>\n    <td width=\"50%\" valign=\"top\">-118 \u00b0C<\/td>\n  <\/tr>\n  <tr>\n    <td width=\"50%\">Ponto de Fus\u00e3o<\/td>\n    <td width=\"50%\" valign=\"top\">-219 \u00b0C<\/td>\n  <\/tr>\n  <tr>\n    <td width=\"50%\">Ponto de Ebuli\u00e7\u00e3o<\/td>\n    <td width=\"50%\" valign=\"top\">-183 \u00b0C<\/td>\n  <\/tr>\n  <tr>\n    <td width=\"50%\">Inflam\u00e1vel?<\/td>\n    <td width=\"50%\" valign=\"top\">N\u00e3o<\/td>\n  <\/tr>\n  <tr>\n    <td width=\"50%\">Toxidez<\/td>\n    <td width=\"50%\" valign=\"top\">Baixa<\/td>\n  <\/tr>\n<\/tbody><\/table>\t\t\t\t<\/div>\n\t\t\t\t<\/div>\n\t\t\t\t\t<\/div>\n\t\t\t\t<\/div>\n\t\t\t\t<section class=\"elementor-section elementor-top-section elementor-element elementor-element-cc6155e elementor-section-stretched elementor-section-boxed elementor-section-height-default elementor-section-height-default\" data-id=\"cc6155e\" data-element_type=\"section\" id=\"contate\" data-settings=\"{&quot;stretch_section&quot;:&quot;section-stretched&quot;,&quot;background_background&quot;:&quot;classic&quot;}\">\n\t\t\t\t\t\t<div class=\"elementor-container elementor-column-gap-extended\">\n\t\t\t\t\t<div class=\"elementor-column elementor-col-100 elementor-top-column elementor-element elementor-element-d8044f9\" data-id=\"d8044f9\" data-element_type=\"column\">\n\t\t\t<div class=\"elementor-widget-wrap elementor-element-populated\">\n\t\t\t\t\t\t<div class=\"elementor-element elementor-element-17bbd80 lined-title elementor-widget elementor-widget-heading\" data-id=\"17bbd80\" data-element_type=\"widget\" data-widget_type=\"heading.default\">\n\t\t\t\t\t<h2 class=\"elementor-heading-title elementor-size-default\">Entre em contato com o time de especialistas Messer<\/h2>\t\t\t\t<\/div>\n\t\t\t\t<div class=\"elementor-element elementor-element-8ff06e4 elementor-widget elementor-widget-html\" data-id=\"8ff06e4\" data-element_type=\"widget\" data-widget_type=\"html.default\">\n\t\t\t\t\t<iframe src=\"https:\/\/www.lojamesser.com\/s\/novo-cliente\" width=\"100%\" height=\"750\" allowfullscreen><\/iframe>\r\n<script>\r\ndocument.addEventListener( 'wpcf7mailsent', function( event ) {\r\n    location = 'https:\/\/www.messer-br.com\/contato-obrigado';\r\n}, false );\r\n<\/script>\t\t\t\t<\/div>\n\t\t\t\t\t<\/div>\n\t\t<\/div>\n\t\t\t\t\t<\/div>\n\t\t<\/section>\n\t\t\t\t<section class=\"elementor-section elementor-top-section elementor-element elementor-element-54985ad elementor-section-stretched elementor-section-boxed elementor-section-height-default elementor-section-height-default\" data-id=\"54985ad\" data-element_type=\"section\" id=\"historia\" data-settings=\"{&quot;stretch_section&quot;:&quot;section-stretched&quot;,&quot;background_background&quot;:&quot;classic&quot;}\">\n\t\t\t\t\t\t<div class=\"elementor-container elementor-column-gap-extended\">\n\t\t\t\t\t<div class=\"elementor-column elementor-col-100 elementor-top-column elementor-element elementor-element-5b9dadd\" data-id=\"5b9dadd\" data-element_type=\"column\">\n\t\t\t<div class=\"elementor-widget-wrap elementor-element-populated\">\n\t\t\t\t\t\t<div class=\"elementor-element elementor-element-017e5e1 lined-title elementor-widget elementor-widget-heading\" data-id=\"017e5e1\" data-element_type=\"widget\" data-widget_type=\"heading.default\">\n\t\t\t\t\t<h2 class=\"elementor-heading-title elementor-size-default\">Hist\u00f3ria do G\u00e1s<\/h2>\t\t\t\t<\/div>\n\t\t\t\t<div class=\"elementor-element elementor-element-b4a56bd elementor-widget elementor-widget-text-editor\" data-id=\"b4a56bd\" data-element_type=\"widget\" data-widget_type=\"text-editor.default\">\n\t\t\t\t\t\t\t\t\t<p>O oxig\u00eanio \u00e9 um elemento qu\u00edmico encontrado em seu estado gasoso na temperatura ambiente. Representa (em peso) 46% da crosta terrestre, 89% da \u00e1gua terrestre e 62% do corpo humano (na forma de mol\u00e9culas). Em sua forma mais conhecida, constitui 21% da atmosfera.<\/p><p>\u00c9 um g\u00e1s sem cor (incolor), sem odor (inodoro), sem sabor (ins\u00edpido), e tem pouca solubilidade na \u00e1gua. A maior parte do oxig\u00eanio produzido no planeta Terra vem do mar, atrav\u00e9s de algas verdes e cianobact\u00e9rias, respons\u00e1veis por cerca de 70%, e das plantas terrestres, que produzem 30%.<\/p><p>Os animais e os seres humanos consomem oxig\u00eanio durante a respira\u00e7\u00e3o, enquanto as plantas emitem o g\u00e1s no processo de fotoss\u00edntese. Esse processo de interdepend\u00eancia recebe o nome de ciclo do oxig\u00eanio.<\/p><p>O oxig\u00eanio foi descoberto por Joseph Priestley, no ano de 1774. Posteriormente, em 1777, Antoine Laurent de Lavoisier foi o respons\u00e1vel por cunhar o nome atual do elemento qu\u00edmico, deixando ent\u00e3o de ser chamado de \u201car essencial\u201d. O nome oxig\u00eanio \u00e9 derivado dos termos gregos oxis, (\u00e1cido) e genes (produtor).<\/p>\t\t\t\t\t\t\t\t<\/div>\n\t\t\t\t\t<\/div>\n\t\t<\/div>\n\t\t\t\t\t<\/div>\n\t\t<\/section>\n\t\t\t\t<\/div>\n\t\t","protected":false},"excerpt":{"rendered":"<p>Oxig\u00eanio O oxig\u00eanio \u00e9 um dos gases com mais ampla atua\u00e7\u00e3o no mercado. Utilizado na conserva\u00e7\u00e3o de alimentos, tratamento de \u00e1gua, em diversos tratamentos de sa\u00fade, exames\u00a0laboratoriais, metal mec\u00e2nica e ind\u00fastria produtiva em geral. Formas de Distribui\u00e7\u00e3o: O\u00a0oxig\u00eanio \u00e9 fornecido em estado l\u00edquido ou gasoso, envasado em cilindros, cestas, tanques ou por meio de gasodutos. [&hellip;]<\/p>\n","protected":false},"author":1,"featured_media":0,"parent":2812,"menu_order":0,"comment_status":"closed","ping_status":"closed","template":"","meta":{"footnotes":""},"class_list":["post-3070","page","type-page","status-publish","hentry"],"_links":{"self":[{"href":"https:\/\/www.fabricac.com.br\/messer\/wp-json\/wp\/v2\/pages\/3070","targetHints":{"allow":["GET"]}}],"collection":[{"href":"https:\/\/www.fabricac.com.br\/messer\/wp-json\/wp\/v2\/pages"}],"about":[{"href":"https:\/\/www.fabricac.com.br\/messer\/wp-json\/wp\/v2\/types\/page"}],"author":[{"embeddable":true,"href":"https:\/\/www.fabricac.com.br\/messer\/wp-json\/wp\/v2\/users\/1"}],"replies":[{"embeddable":true,"href":"https:\/\/www.fabricac.com.br\/messer\/wp-json\/wp\/v2\/comments?post=3070"}],"version-history":[{"count":28,"href":"https:\/\/www.fabricac.com.br\/messer\/wp-json\/wp\/v2\/pages\/3070\/revisions"}],"predecessor-version":[{"id":12849,"href":"https:\/\/www.fabricac.com.br\/messer\/wp-json\/wp\/v2\/pages\/3070\/revisions\/12849"}],"up":[{"embeddable":true,"href":"https:\/\/www.fabricac.com.br\/messer\/wp-json\/wp\/v2\/pages\/2812"}],"wp:attachment":[{"href":"https:\/\/www.fabricac.com.br\/messer\/wp-json\/wp\/v2\/media?parent=3070"}],"curies":[{"name":"wp","href":"https:\/\/api.w.org\/{rel}","templated":true}]}}