{"id":3063,"date":"2024-10-29T10:39:12","date_gmt":"2024-10-29T13:39:12","guid":{"rendered":"https:\/\/www.fabricac.com.br\/messer\/?page_id=3063"},"modified":"2025-10-24T10:10:40","modified_gmt":"2025-10-24T13:10:40","slug":"nitrogenio","status":"publish","type":"page","link":"https:\/\/www.fabricac.com.br\/messer\/produtos\/nitrogenio\/","title":{"rendered":"Nitrog\u00eanio"},"content":{"rendered":"\t\t<div data-elementor-type=\"wp-page\" data-elementor-id=\"3063\" class=\"elementor elementor-3063\" data-elementor-post-type=\"page\">\n\t\t\t\t<div class=\"elementor-element elementor-element-e64dd0a e-con-full e-flex e-con e-parent\" data-id=\"e64dd0a\" data-element_type=\"container\" data-settings=\"{&quot;background_background&quot;:&quot;classic&quot;}\">\n\t\t<div class=\"elementor-element elementor-element-604847f e-con-full e-flex e-con e-child\" data-id=\"604847f\" data-element_type=\"container\">\n\t\t\t\t<div class=\"elementor-element elementor-element-5625dd9 elementor-widget elementor-widget-image\" data-id=\"5625dd9\" data-element_type=\"widget\" data-widget_type=\"image.default\">\n\t\t\t\t\t\t\t\t\t\t\t\t\t\t\t<img decoding=\"async\" width=\"150\" height=\"150\" src=\"https:\/\/www.fabricac.com.br\/messer\/wp-content\/uploads\/2024\/10\/elemento-n-150x150.webp\" class=\"attachment-thumbnail size-thumbnail wp-image-3120\" alt=\"\" srcset=\"https:\/\/www.fabricac.com.br\/messer\/wp-content\/uploads\/2024\/10\/elemento-n-150x150.webp 150w, https:\/\/www.fabricac.com.br\/messer\/wp-content\/uploads\/2024\/10\/elemento-n.webp 200w\" sizes=\"(max-width: 150px) 100vw, 150px\" \/>\t\t\t\t\t\t\t\t\t\t\t\t\t\t\t<\/div>\n\t\t\t\t<\/div>\n\t\t\t\t<\/div>\n\t\t\t\t<section class=\"elementor-section elementor-top-section elementor-element elementor-element-8d23c5c row-boxed elementor-section-boxed elementor-section-height-default elementor-section-height-default\" data-id=\"8d23c5c\" data-element_type=\"section\" id=\"top\">\n\t\t\t\t\t\t<div class=\"elementor-container elementor-column-gap-default\">\n\t\t\t\t\t<div class=\"elementor-column elementor-col-50 elementor-top-column elementor-element elementor-element-0fd6cf0\" data-id=\"0fd6cf0\" data-element_type=\"column\">\n\t\t\t<div class=\"elementor-widget-wrap elementor-element-populated\">\n\t\t\t\t\t\t<div class=\"elementor-element elementor-element-206b8d3 lined-title elementor-widget elementor-widget-heading\" data-id=\"206b8d3\" data-element_type=\"widget\" data-widget_type=\"heading.default\">\n\t\t\t\t\t<h2 class=\"elementor-heading-title elementor-size-default\">Nitrog\u00eanio<\/h2>\t\t\t\t<\/div>\n\t\t\t\t<div class=\"elementor-element elementor-element-885d917 elementor-widget elementor-widget-text-editor\" data-id=\"885d917\" data-element_type=\"widget\" data-widget_type=\"text-editor.default\">\n\t\t\t\t\t\t\t\t\t<p>O nitrog\u00eanio \u00e9 um dos gases com mais ampla atua\u00e7\u00e3o no mercado. Utilizado no controle atmosf\u00e9rico e congelamento de alimentos, em processos hospitalares de criopreserva\u00e7\u00e3o, exames, testes laboratoriais, e na ind\u00faistria em geral, em processos como\u00a0<span style=\"color: #777777;\">tratamento t\u00e9rmico, corte a laser, monitoramento ambiental, produ\u00e7\u00e3o de componentes eletr\u00f4nicos e fabrica\u00e7\u00e3o de vidros.<\/span><\/p>\t\t\t\t\t\t\t\t<\/div>\n\t\t\t\t<div class=\"elementor-element elementor-element-0aa97d4 elementor-widget elementor-widget-text-editor\" data-id=\"0aa97d4\" data-element_type=\"widget\" data-widget_type=\"text-editor.default\">\n\t\t\t\t\t\t\t\t\t<p><b>Formas de Distribui\u00e7\u00e3o:<\/b> O\u00a0<span style=\"color: #666666;\">nitrog\u00eanio \u00e9 fornecido em estado l\u00edquido ou gasoso, envasado em cilindros, cestas, tanques ou por meio de gasodutos.<\/span><\/p>\t\t\t\t\t\t\t\t<\/div>\n\t\t\t\t<div class=\"elementor-element elementor-element-5886973 elementor-align-left elementor-mobile-align-left elementor-widget elementor-widget-button\" data-id=\"5886973\" data-element_type=\"widget\" data-widget_type=\"button.default\">\n\t\t\t\t\t\t\t\t\t\t<a class=\"elementor-button elementor-button-link elementor-size-xs\" href=\"#segmentos\">\n\t\t\t\t\t\t<span class=\"elementor-button-content-wrapper\">\n\t\t\t\t\t\t<span class=\"elementor-button-icon\">\n\t\t\t\t<svg aria-hidden=\"true\" class=\"e-font-icon-svg e-fas-arrow-right\" viewBox=\"0 0 448 512\" xmlns=\"http:\/\/www.w3.org\/2000\/svg\"><path d=\"M190.5 66.9l22.2-22.2c9.4-9.4 24.6-9.4 33.9 0L441 239c9.4 9.4 9.4 24.6 0 33.9L246.6 467.3c-9.4 9.4-24.6 9.4-33.9 0l-22.2-22.2c-9.5-9.5-9.3-25 .4-34.3L311.4 296H24c-13.3 0-24-10.7-24-24v-32c0-13.3 10.7-24 24-24h287.4L190.9 101.2c-9.8-9.3-10-24.8-.4-34.3z\"><\/path><\/svg>\t\t\t<\/span>\n\t\t\t\t\t\t\t\t\t<span class=\"elementor-button-text\">Segmentos onde o g\u00e1s \u00e9 utilizado<\/span>\n\t\t\t\t\t<\/span>\n\t\t\t\t\t<\/a>\n\t\t\t\t\t\t\t\t<\/div>\n\t\t\t\t<div class=\"elementor-element elementor-element-471bd1e elementor-align-left elementor-widget elementor-widget-button\" data-id=\"471bd1e\" data-element_type=\"widget\" data-widget_type=\"button.default\">\n\t\t\t\t\t\t\t\t\t\t<a class=\"elementor-button elementor-button-link elementor-size-xs\" href=\"#informacoes\">\n\t\t\t\t\t\t<span class=\"elementor-button-content-wrapper\">\n\t\t\t\t\t\t<span class=\"elementor-button-icon\">\n\t\t\t\t<svg aria-hidden=\"true\" class=\"e-font-icon-svg e-fas-arrow-right\" viewBox=\"0 0 448 512\" xmlns=\"http:\/\/www.w3.org\/2000\/svg\"><path d=\"M190.5 66.9l22.2-22.2c9.4-9.4 24.6-9.4 33.9 0L441 239c9.4 9.4 9.4 24.6 0 33.9L246.6 467.3c-9.4 9.4-24.6 9.4-33.9 0l-22.2-22.2c-9.5-9.5-9.3-25 .4-34.3L311.4 296H24c-13.3 0-24-10.7-24-24v-32c0-13.3 10.7-24 24-24h287.4L190.9 101.2c-9.8-9.3-10-24.8-.4-34.3z\"><\/path><\/svg>\t\t\t<\/span>\n\t\t\t\t\t\t\t\t\t<span class=\"elementor-button-text\">Informa\u00e7\u00f5es t\u00e9cnicas<\/span>\n\t\t\t\t\t<\/span>\n\t\t\t\t\t<\/a>\n\t\t\t\t\t\t\t\t<\/div>\n\t\t\t\t<div class=\"elementor-element elementor-element-334b4a3 elementor-align-left elementor-widget elementor-widget-button\" data-id=\"334b4a3\" data-element_type=\"widget\" data-widget_type=\"button.default\">\n\t\t\t\t\t\t\t\t\t\t<a class=\"elementor-button elementor-button-link elementor-size-sm\" href=\"#contate\">\n\t\t\t\t\t\t<span class=\"elementor-button-content-wrapper\">\n\t\t\t\t\t\t<span class=\"elementor-button-icon\">\n\t\t\t\t<svg aria-hidden=\"true\" class=\"e-font-icon-svg e-fas-arrow-right\" viewBox=\"0 0 448 512\" xmlns=\"http:\/\/www.w3.org\/2000\/svg\"><path d=\"M190.5 66.9l22.2-22.2c9.4-9.4 24.6-9.4 33.9 0L441 239c9.4 9.4 9.4 24.6 0 33.9L246.6 467.3c-9.4 9.4-24.6 9.4-33.9 0l-22.2-22.2c-9.5-9.5-9.3-25 .4-34.3L311.4 296H24c-13.3 0-24-10.7-24-24v-32c0-13.3 10.7-24 24-24h287.4L190.9 101.2c-9.8-9.3-10-24.8-.4-34.3z\"><\/path><\/svg>\t\t\t<\/span>\n\t\t\t\t\t\t\t\t\t<span class=\"elementor-button-text\">Contate um especialista Messer<\/span>\n\t\t\t\t\t<\/span>\n\t\t\t\t\t<\/a>\n\t\t\t\t\t\t\t\t<\/div>\n\t\t\t\t<div class=\"elementor-element elementor-element-ef7080b elementor-align-left elementor-widget elementor-widget-button\" data-id=\"ef7080b\" data-element_type=\"widget\" data-widget_type=\"button.default\">\n\t\t\t\t\t\t\t\t\t\t<a class=\"elementor-button elementor-button-link elementor-size-sm\" href=\"#historia\">\n\t\t\t\t\t\t<span class=\"elementor-button-content-wrapper\">\n\t\t\t\t\t\t<span class=\"elementor-button-icon\">\n\t\t\t\t<svg aria-hidden=\"true\" class=\"e-font-icon-svg e-fas-arrow-right\" viewBox=\"0 0 448 512\" xmlns=\"http:\/\/www.w3.org\/2000\/svg\"><path d=\"M190.5 66.9l22.2-22.2c9.4-9.4 24.6-9.4 33.9 0L441 239c9.4 9.4 9.4 24.6 0 33.9L246.6 467.3c-9.4 9.4-24.6 9.4-33.9 0l-22.2-22.2c-9.5-9.5-9.3-25 .4-34.3L311.4 296H24c-13.3 0-24-10.7-24-24v-32c0-13.3 10.7-24 24-24h287.4L190.9 101.2c-9.8-9.3-10-24.8-.4-34.3z\"><\/path><\/svg>\t\t\t<\/span>\n\t\t\t\t\t\t\t\t\t<span class=\"elementor-button-text\">Hist\u00f3ria do g\u00e1s<\/span>\n\t\t\t\t\t<\/span>\n\t\t\t\t\t<\/a>\n\t\t\t\t\t\t\t\t<\/div>\n\t\t\t\t\t<\/div>\n\t\t<\/div>\n\t\t\t\t<div class=\"elementor-column elementor-col-50 elementor-top-column elementor-element elementor-element-ff1a9d2\" data-id=\"ff1a9d2\" data-element_type=\"column\">\n\t\t\t<div class=\"elementor-widget-wrap elementor-element-populated\">\n\t\t\t\t\t\t<div class=\"elementor-element elementor-element-4818195 elementor-widget elementor-widget-image\" data-id=\"4818195\" data-element_type=\"widget\" data-widget_type=\"image.default\">\n\t\t\t\t\t\t\t\t\t\t\t\t\t\t\t<img fetchpriority=\"high\" decoding=\"async\" width=\"600\" height=\"440\" src=\"https:\/\/www.fabricac.com.br\/messer\/wp-content\/uploads\/2025\/09\/messer-congelamento.jpg\" class=\"attachment-large size-large wp-image-4490\" alt=\"\" srcset=\"https:\/\/www.fabricac.com.br\/messer\/wp-content\/uploads\/2025\/09\/messer-congelamento.jpg 600w, https:\/\/www.fabricac.com.br\/messer\/wp-content\/uploads\/2025\/09\/messer-congelamento-300x220.jpg 300w\" sizes=\"(max-width: 600px) 100vw, 600px\" \/>\t\t\t\t\t\t\t\t\t\t\t\t\t\t\t<\/div>\n\t\t\t\t\t<\/div>\n\t\t<\/div>\n\t\t\t\t\t<\/div>\n\t\t<\/section>\n\t\t<div class=\"elementor-element elementor-element-c6d05ab e-flex e-con-boxed e-con e-parent\" data-id=\"c6d05ab\" data-element_type=\"container\" id=\"segmentos\" data-settings=\"{&quot;background_background&quot;:&quot;classic&quot;}\">\n\t\t\t\t\t<div class=\"e-con-inner\">\n\t\t<div class=\"elementor-element elementor-element-b76d786 e-con-full e-flex e-con e-child\" data-id=\"b76d786\" data-element_type=\"container\">\n\t\t\t\t<div class=\"elementor-element elementor-element-324ca68 lined-title elementor-widget elementor-widget-heading\" data-id=\"324ca68\" data-element_type=\"widget\" data-widget_type=\"heading.default\">\n\t\t\t\t\t<h2 class=\"elementor-heading-title elementor-size-default\">Onde \u00e9 utilizado?<\/h2>\t\t\t\t<\/div>\n\t\t\t\t<div class=\"elementor-element elementor-element-7963d3f elementor-widget elementor-widget-text-editor\" data-id=\"7963d3f\" data-element_type=\"widget\" data-widget_type=\"text-editor.default\">\n\t\t\t\t\t\t\t\t\t<ul class=\"list-style-texto\">\n<li><strong>Ind\u00fastria Qu\u00edmica: <\/strong>O nitrog\u00eanio \u00e9 usado para purga, secagem ou inertiza\u00e7\u00e3o em reatores qu\u00edmicos. \u00c9 tamb\u00e9m um g\u00e1s de balan\u00e7o das misturas de gases de calibra\u00e7\u00e3o para sistemas de monitoramento ambiental e misturas de gases de higiene industrial. E promove a recupera\u00e7\u00e3o de compostos organicos vol\u00e1teis que s\u00e3o emitidos industrialmente.<\/li>\n<li><strong>Alimentos:<\/strong>&nbsp;\u00e9 usado para resfriar, congelar ou controlar a temperatura de produtos aliment\u00edcios, seja durante o transporte ou na distribui\u00e7\u00e3o. Pode tamb\u00e9m ser usado no processo de Atmosfera Modificada.<\/li>\n<li><strong>Hospitalar:<\/strong>&nbsp;\u00e9 usado para crio-dermatologia e criopreserva\u00e7\u00e3o. \u00c9 tamb\u00e9m um componente de misturas gasosas inaladas para teste de fun\u00e7\u00e3o pulmonar.<\/li>\n<li><strong>Laboratorial:&nbsp;<\/strong>o nitrog\u00eanio \u00e9 usado como g\u00e1s de arraste na cromatografia gasosa e como g\u00e1s zero em diversos analisadores.<\/li>\n<li><strong>Ind\u00fastria Aeron\u00e1utica:<\/strong>&nbsp;\u00e9 usado para tratamento t\u00e9rmico, corte a laser. Os pneus com nitrog\u00eanio t\u00eam vida \u00fatil maior.<\/li>\n<li><strong>Metalmec\u00e2nica:&nbsp;<\/strong>\u00e9 usado para tratamento t\u00e9rmico, soldagem de ligas especiais e no corte a laser. Os pneus com nitrog\u00eanio t\u00eam uma vida \u00fatil maior.<\/li>\n<li><strong>Fabrica\u00e7\u00e3o de Vidros:<\/strong>&nbsp;quando combinado com o hidrog\u00eanio, o nitrog\u00eanio cria uma atmosfera redutora sobre o banho de estanho no processo de produ\u00e7\u00e3o de vidros.<\/li>\n<li><strong>Componentes Eletr\u00f4nicos:<\/strong>&nbsp;\u00e9 usado para criar uma atmosfera inerte para evitar a oxida\u00e7\u00e3o durante a soldagem por onda ou processo de soldagem por refluxo.<\/li>\n<\/ul>\t\t\t\t\t\t\t\t<\/div>\n\t\t\t\t<\/div>\n\t\t\t\t\t<\/div>\n\t\t\t\t<\/div>\n\t\t<div class=\"elementor-element elementor-element-ccf5d6d row-boxed e-flex e-con-boxed e-con e-parent\" data-id=\"ccf5d6d\" data-element_type=\"container\" id=\"informacoes\">\n\t\t\t\t\t<div class=\"e-con-inner\">\n\t\t<div class=\"elementor-element elementor-element-2ecdc94 e-con-full e-flex e-con e-child\" data-id=\"2ecdc94\" data-element_type=\"container\">\n\t\t\t\t<div class=\"elementor-element elementor-element-4fc0240 lined-title elementor-widget elementor-widget-heading\" data-id=\"4fc0240\" data-element_type=\"widget\" data-widget_type=\"heading.default\">\n\t\t\t\t\t<h2 class=\"elementor-heading-title elementor-size-default\">Informa\u00e7\u00f5es t\u00e9cnicas<\/h2>\t\t\t\t<\/div>\n\t\t\t\t<\/div>\n\t\t\t\t\t<\/div>\n\t\t\t\t<\/div>\n\t\t<div class=\"elementor-element elementor-element-95e149e row-boxed e-flex e-con-boxed e-con e-parent\" data-id=\"95e149e\" data-element_type=\"container\">\n\t\t\t\t\t<div class=\"e-con-inner\">\n\t\t<div class=\"elementor-element elementor-element-cbf2c86 e-con-full e-flex e-con e-child\" data-id=\"cbf2c86\" data-element_type=\"container\">\n\t\t\t\t<div class=\"elementor-element elementor-element-f6c15b5 elementor-widget elementor-widget-html\" data-id=\"f6c15b5\" data-element_type=\"widget\" data-widget_type=\"html.default\">\n\t\t\t\t\t<style>\ntable {border-spacing: 2px!important;\nborder-collapse: inherit;\nfont-size: 16px;\n}\ntd{\npadding: 15px!important;\nline-height: 20px!important;}\n\n<\/style>\n\n<table width=\"100%\" border=\"0\" cellpadding=\"5\" cellspacing=\"3\">\n  <tr>\n    <td width=\"50%\">S\u00edmbolo At\u00f4mico<\/td>\n    <td width=\"50%\" valign=\"top\">N<\/td>\n  <\/tr>\n  <tr>\n    <td width=\"50%\">N\u00famero At\u00f4mico<\/td>\n    <td width=\"50%\" valign=\"top\">7<\/td>\n  <\/tr>\n  <tr>\n    <td width=\"50%\">S\u00e9rie Qu\u00edmica<\/td>\n    <td width=\"50%\" valign=\"top\">N\u00e3o-metal<\/td>\n  <\/tr>\n  <tr>\n    <td width=\"50%\">Estado Natural<\/td>\n    <td width=\"50%\" valign=\"top\">Gasoso<\/td>\n  <\/tr>\n  <tr>\n    <td width=\"50%\">Massa At\u00f4mica<\/td>\n    <td width=\"50%\" valign=\"top\">14 u<\/td>\n  <\/tr>\n  <tr>\n    <td width=\"50%\">Massa Espec\u00edfica<\/td>\n    <td width=\"50%\" valign=\"top\">1,153 kg\/m3<\/td>\n  <\/tr>\n  <tr>\n    <td width=\"50%\">Volume Espec\u00edfico<\/td>\n    <td width=\"50%\" valign=\"top\">0,86 m3\/kg<\/td>\n  <\/tr>\n<\/table>\t\t\t\t<\/div>\n\t\t\t\t<\/div>\n\t\t<div class=\"elementor-element elementor-element-28c5e09 e-con-full e-flex e-con e-child\" data-id=\"28c5e09\" data-element_type=\"container\">\n\t\t\t\t<div class=\"elementor-element elementor-element-48dc6d2 elementor-widget elementor-widget-html\" data-id=\"48dc6d2\" data-element_type=\"widget\" data-widget_type=\"html.default\">\n\t\t\t\t\t<style>\ntable {border-spacing: 2px!important;\nborder-collapse: inherit;\nfont-size: 16px;\n}\ntd{\npadding: 15px!important;\nline-height: 20px!important;}\n\n<\/style>\n\n<table width=\"100%\" border=\"0\" cellpadding=\"5\" cellspacing=\"3\">\n  <tbody>\n  <tr>\n    <td width=\"50%\">Peso Molecular<\/td>\n    <td width=\"50%\" valign=\"top\">28,01 g\/mol<\/td>\n  <\/tr>\n  <tr>\n    <td width=\"50%\">Densidade Relativa<\/td>\n    <td width=\"50%\" valign=\"top\">0,97<\/td>\n  <\/tr>\n  <tr>\n    <td width=\"50%\">Temperatura Cr\u00edtica<\/td>\n    <td width=\"50%\" valign=\"top\">-147 \u00b0C<\/td>\n  <\/tr>\n  <tr>\n    <td width=\"50%\">Ponto de Fus\u00e3o<\/td>\n    <td width=\"50%\" valign=\"top\">-210 \u00b0C<\/td>\n  <\/tr>\n  <tr>\n    <td width=\"50%\">Ponto de Ebuli\u00e7\u00e3o<\/td>\n    <td width=\"50%\" valign=\"top\">-196 \u00b0C<\/td>\n  <\/tr>\n  <tr>\n    <td width=\"50%\">Inflam\u00e1vel?<\/td>\n    <td width=\"50%\" valign=\"top\">N\u00e3o<\/td>\n  <\/tr>\n  <tr>\n    <td width=\"50%\">Toxidez<\/td>\n    <td width=\"50%\" valign=\"top\">Baixa<\/td>\n  <\/tr>\n<\/tbody><\/table>\t\t\t\t<\/div>\n\t\t\t\t<\/div>\n\t\t\t\t\t<\/div>\n\t\t\t\t<\/div>\n\t\t\t\t<section class=\"elementor-section elementor-top-section elementor-element elementor-element-cc6155e elementor-section-stretched elementor-section-boxed elementor-section-height-default elementor-section-height-default\" data-id=\"cc6155e\" data-element_type=\"section\" id=\"contate\" data-settings=\"{&quot;stretch_section&quot;:&quot;section-stretched&quot;,&quot;background_background&quot;:&quot;classic&quot;}\">\n\t\t\t\t\t\t<div class=\"elementor-container elementor-column-gap-extended\">\n\t\t\t\t\t<div class=\"elementor-column elementor-col-100 elementor-top-column elementor-element elementor-element-d8044f9\" data-id=\"d8044f9\" data-element_type=\"column\">\n\t\t\t<div class=\"elementor-widget-wrap elementor-element-populated\">\n\t\t\t\t\t\t<div class=\"elementor-element elementor-element-17bbd80 lined-title elementor-widget elementor-widget-heading\" data-id=\"17bbd80\" data-element_type=\"widget\" data-widget_type=\"heading.default\">\n\t\t\t\t\t<h2 class=\"elementor-heading-title elementor-size-default\">Entre em contato com o time de especialistas Messer<\/h2>\t\t\t\t<\/div>\n\t\t\t\t<div class=\"elementor-element elementor-element-8ff06e4 elementor-widget elementor-widget-html\" data-id=\"8ff06e4\" data-element_type=\"widget\" data-widget_type=\"html.default\">\n\t\t\t\t\t<iframe src=\"https:\/\/www.lojamesser.com\/s\/novo-cliente\" width=\"100%\" height=\"750\" allowfullscreen><\/iframe>\r\n<script>\r\ndocument.addEventListener( 'wpcf7mailsent', function( event ) {\r\n    location = 'https:\/\/www.messer-br.com\/contato-obrigado';\r\n}, false );\r\n<\/script>\t\t\t\t<\/div>\n\t\t\t\t\t<\/div>\n\t\t<\/div>\n\t\t\t\t\t<\/div>\n\t\t<\/section>\n\t\t\t\t<section class=\"elementor-section elementor-top-section elementor-element elementor-element-54985ad elementor-section-stretched elementor-section-boxed elementor-section-height-default elementor-section-height-default\" data-id=\"54985ad\" data-element_type=\"section\" id=\"historia\" data-settings=\"{&quot;stretch_section&quot;:&quot;section-stretched&quot;,&quot;background_background&quot;:&quot;classic&quot;}\">\n\t\t\t\t\t\t<div class=\"elementor-container elementor-column-gap-extended\">\n\t\t\t\t\t<div class=\"elementor-column elementor-col-100 elementor-top-column elementor-element elementor-element-5b9dadd\" data-id=\"5b9dadd\" data-element_type=\"column\">\n\t\t\t<div class=\"elementor-widget-wrap elementor-element-populated\">\n\t\t\t\t\t\t<div class=\"elementor-element elementor-element-017e5e1 lined-title elementor-widget elementor-widget-heading\" data-id=\"017e5e1\" data-element_type=\"widget\" data-widget_type=\"heading.default\">\n\t\t\t\t\t<h2 class=\"elementor-heading-title elementor-size-default\">Hist\u00f3ria do G\u00e1s<\/h2>\t\t\t\t<\/div>\n\t\t\t\t<div class=\"elementor-element elementor-element-b4a56bd elementor-widget elementor-widget-text-editor\" data-id=\"b4a56bd\" data-element_type=\"widget\" data-widget_type=\"text-editor.default\">\n\t\t\t\t\t\t\t\t\t<p>O nitrog\u00eanio \u00e9 estimado como sendo o s\u00e9timo elemento qu\u00edmico em maior abund\u00e2ncia total na Via L\u00e1ctea e no Sistema Solar. O nitrog\u00eanio ocorre em todos os organismos, principalmente nos amino\u00e1cidos.<\/p><p>O corpo humano cont\u00e9m cerca de 3% de nitrog\u00eanio em massa, sendo ele o quarto elemento mais abundante no corpo depois do oxig\u00eanio, carbono e hidrog\u00eanio. O ciclo do nitrog\u00eanio descreve o movimento do elemento do ar para a biosfera.<\/p><p>O nitrog\u00eanio foi descoberto e isolado pela primeira vez em 1772, pelo m\u00e9dico escoc\u00eas Daniel Rutherford. Embora Carl Wilhelm Scheele e Henry Cavendish o tivessem feito de forma independente mais ou menos na mesma \u00e9poca, Rutherford geralmente e quem recebe o cr\u00e9dito porque seu trabalho foi publicado primeiro.<\/p><p>O nome nitrog\u00e8ne foi sugerido pelo qu\u00edmico franc\u00eas Jean-Antoine-Claude Chaptal em 1790, quando foi descoberto que o nitrog\u00eanio estava presente no \u00e1cido n\u00edtrico e os nitratos.<\/p><p>Antoine Lavoisier sugeriu em seu lugar o nome azoto, do grego antigo \u201csem vida&#8221;, pois \u00e9 um g\u00e1s asfixiante; esse nome \u00e9 usado em muitas l\u00ednguas, como franc\u00eas, italiano, russo, romeno, portugu\u00eas e turco, e aparece nos nomes em ingl\u00eas de alguns compostos de nitrog\u00eanio, como a hidrazina.<\/p>\t\t\t\t\t\t\t\t<\/div>\n\t\t\t\t\t<\/div>\n\t\t<\/div>\n\t\t\t\t\t<\/div>\n\t\t<\/section>\n\t\t\t\t<\/div>\n\t\t","protected":false},"excerpt":{"rendered":"<p>Nitrog\u00eanio O nitrog\u00eanio \u00e9 um dos gases com mais ampla atua\u00e7\u00e3o no mercado. Utilizado no controle atmosf\u00e9rico e congelamento de alimentos, em processos hospitalares de criopreserva\u00e7\u00e3o, exames, testes laboratoriais, e na ind\u00faistria em geral, em processos como\u00a0tratamento t\u00e9rmico, corte a laser, monitoramento ambiental, produ\u00e7\u00e3o de componentes eletr\u00f4nicos e fabrica\u00e7\u00e3o de vidros. Formas de Distribui\u00e7\u00e3o: O\u00a0nitrog\u00eanio [&hellip;]<\/p>\n","protected":false},"author":1,"featured_media":0,"parent":2812,"menu_order":0,"comment_status":"closed","ping_status":"closed","template":"","meta":{"footnotes":""},"class_list":["post-3063","page","type-page","status-publish","hentry"],"_links":{"self":[{"href":"https:\/\/www.fabricac.com.br\/messer\/wp-json\/wp\/v2\/pages\/3063","targetHints":{"allow":["GET"]}}],"collection":[{"href":"https:\/\/www.fabricac.com.br\/messer\/wp-json\/wp\/v2\/pages"}],"about":[{"href":"https:\/\/www.fabricac.com.br\/messer\/wp-json\/wp\/v2\/types\/page"}],"author":[{"embeddable":true,"href":"https:\/\/www.fabricac.com.br\/messer\/wp-json\/wp\/v2\/users\/1"}],"replies":[{"embeddable":true,"href":"https:\/\/www.fabricac.com.br\/messer\/wp-json\/wp\/v2\/comments?post=3063"}],"version-history":[{"count":34,"href":"https:\/\/www.fabricac.com.br\/messer\/wp-json\/wp\/v2\/pages\/3063\/revisions"}],"predecessor-version":[{"id":12846,"href":"https:\/\/www.fabricac.com.br\/messer\/wp-json\/wp\/v2\/pages\/3063\/revisions\/12846"}],"up":[{"embeddable":true,"href":"https:\/\/www.fabricac.com.br\/messer\/wp-json\/wp\/v2\/pages\/2812"}],"wp:attachment":[{"href":"https:\/\/www.fabricac.com.br\/messer\/wp-json\/wp\/v2\/media?parent=3063"}],"curies":[{"name":"wp","href":"https:\/\/api.w.org\/{rel}","templated":true}]}}