{"id":3037,"date":"2024-10-28T17:38:30","date_gmt":"2024-10-28T20:38:30","guid":{"rendered":"https:\/\/www.fabricac.com.br\/messer\/?page_id=3037"},"modified":"2025-10-24T10:10:27","modified_gmt":"2025-10-24T13:10:27","slug":"helio","status":"publish","type":"page","link":"https:\/\/www.fabricac.com.br\/messer\/produtos\/helio\/","title":{"rendered":"H\u00e9lio"},"content":{"rendered":"\t\t<div data-elementor-type=\"wp-page\" data-elementor-id=\"3037\" class=\"elementor elementor-3037\" data-elementor-post-type=\"page\">\n\t\t\t\t<div class=\"elementor-element elementor-element-e64dd0a e-con-full e-flex e-con e-parent\" data-id=\"e64dd0a\" data-element_type=\"container\" data-settings=\"{&quot;background_background&quot;:&quot;classic&quot;}\">\n\t\t<div class=\"elementor-element elementor-element-604847f e-con-full e-flex e-con e-child\" data-id=\"604847f\" data-element_type=\"container\">\n\t\t\t\t<div class=\"elementor-element elementor-element-5625dd9 elementor-widget elementor-widget-image\" data-id=\"5625dd9\" data-element_type=\"widget\" data-widget_type=\"image.default\">\n\t\t\t\t\t\t\t\t\t\t\t\t\t\t\t<img decoding=\"async\" width=\"150\" height=\"150\" src=\"https:\/\/www.fabricac.com.br\/messer\/wp-content\/uploads\/2024\/10\/elemento-he-150x150.webp\" class=\"attachment-thumbnail size-thumbnail wp-image-3119\" alt=\"\" srcset=\"https:\/\/www.fabricac.com.br\/messer\/wp-content\/uploads\/2024\/10\/elemento-he-150x150.webp 150w, https:\/\/www.fabricac.com.br\/messer\/wp-content\/uploads\/2024\/10\/elemento-he.webp 200w\" sizes=\"(max-width: 150px) 100vw, 150px\" \/>\t\t\t\t\t\t\t\t\t\t\t\t\t\t\t<\/div>\n\t\t\t\t<\/div>\n\t\t\t\t<\/div>\n\t\t\t\t<section class=\"elementor-section elementor-top-section elementor-element elementor-element-8d23c5c row-boxed elementor-section-boxed elementor-section-height-default elementor-section-height-default\" data-id=\"8d23c5c\" data-element_type=\"section\" id=\"top\">\n\t\t\t\t\t\t<div class=\"elementor-container elementor-column-gap-default\">\n\t\t\t\t\t<div class=\"elementor-column elementor-col-50 elementor-top-column elementor-element elementor-element-0fd6cf0\" data-id=\"0fd6cf0\" data-element_type=\"column\">\n\t\t\t<div class=\"elementor-widget-wrap elementor-element-populated\">\n\t\t\t\t\t\t<div class=\"elementor-element elementor-element-206b8d3 lined-title elementor-widget elementor-widget-heading\" data-id=\"206b8d3\" data-element_type=\"widget\" data-widget_type=\"heading.default\">\n\t\t\t\t\t<h2 class=\"elementor-heading-title elementor-size-default\">H\u00e9lio<\/h2>\t\t\t\t<\/div>\n\t\t\t\t<div class=\"elementor-element elementor-element-885d917 elementor-widget elementor-widget-text-editor\" data-id=\"885d917\" data-element_type=\"widget\" data-widget_type=\"text-editor.default\">\n\t\t\t\t\t\t\t\t\t<p>Utilizado em exames hospitalares, enchimento de bal\u00f5es, equipamentos de mergulho e ind\u00fastria de alta precis\u00e3o, como por exemplo explora\u00e7\u00e3o espacial, fibra \u00f3tica, componentes eletr\u00f4nicos e na soldagem de ligas n\u00e3o ferrosas.<\/p>\t\t\t\t\t\t\t\t<\/div>\n\t\t\t\t<div class=\"elementor-element elementor-element-0aa97d4 elementor-widget elementor-widget-text-editor\" data-id=\"0aa97d4\" data-element_type=\"widget\" data-widget_type=\"text-editor.default\">\n\t\t\t\t\t\t\t\t\t<p><b>Formas de Distribui\u00e7\u00e3o:<\/b> O h\u00e9lio \u00e9\u00a0<span style=\"color: #666666;\">fornecido em estado l\u00edquido ou gasoso, envasado em cilindros, cestas e dewars.<\/span><\/p>\t\t\t\t\t\t\t\t<\/div>\n\t\t\t\t<div class=\"elementor-element elementor-element-5886973 elementor-align-left elementor-mobile-align-left elementor-widget elementor-widget-button\" data-id=\"5886973\" data-element_type=\"widget\" data-widget_type=\"button.default\">\n\t\t\t\t\t\t\t\t\t\t<a class=\"elementor-button elementor-button-link elementor-size-xs\" href=\"#segmentos\">\n\t\t\t\t\t\t<span class=\"elementor-button-content-wrapper\">\n\t\t\t\t\t\t<span class=\"elementor-button-icon\">\n\t\t\t\t<svg aria-hidden=\"true\" class=\"e-font-icon-svg e-fas-arrow-right\" viewBox=\"0 0 448 512\" xmlns=\"http:\/\/www.w3.org\/2000\/svg\"><path d=\"M190.5 66.9l22.2-22.2c9.4-9.4 24.6-9.4 33.9 0L441 239c9.4 9.4 9.4 24.6 0 33.9L246.6 467.3c-9.4 9.4-24.6 9.4-33.9 0l-22.2-22.2c-9.5-9.5-9.3-25 .4-34.3L311.4 296H24c-13.3 0-24-10.7-24-24v-32c0-13.3 10.7-24 24-24h287.4L190.9 101.2c-9.8-9.3-10-24.8-.4-34.3z\"><\/path><\/svg>\t\t\t<\/span>\n\t\t\t\t\t\t\t\t\t<span class=\"elementor-button-text\">Segmentos onde o g\u00e1s \u00e9 utilizado<\/span>\n\t\t\t\t\t<\/span>\n\t\t\t\t\t<\/a>\n\t\t\t\t\t\t\t\t<\/div>\n\t\t\t\t<div class=\"elementor-element elementor-element-471bd1e elementor-align-left elementor-widget elementor-widget-button\" data-id=\"471bd1e\" data-element_type=\"widget\" data-widget_type=\"button.default\">\n\t\t\t\t\t\t\t\t\t\t<a class=\"elementor-button elementor-button-link elementor-size-xs\" href=\"#informacoes\">\n\t\t\t\t\t\t<span class=\"elementor-button-content-wrapper\">\n\t\t\t\t\t\t<span class=\"elementor-button-icon\">\n\t\t\t\t<svg aria-hidden=\"true\" class=\"e-font-icon-svg e-fas-arrow-right\" viewBox=\"0 0 448 512\" xmlns=\"http:\/\/www.w3.org\/2000\/svg\"><path d=\"M190.5 66.9l22.2-22.2c9.4-9.4 24.6-9.4 33.9 0L441 239c9.4 9.4 9.4 24.6 0 33.9L246.6 467.3c-9.4 9.4-24.6 9.4-33.9 0l-22.2-22.2c-9.5-9.5-9.3-25 .4-34.3L311.4 296H24c-13.3 0-24-10.7-24-24v-32c0-13.3 10.7-24 24-24h287.4L190.9 101.2c-9.8-9.3-10-24.8-.4-34.3z\"><\/path><\/svg>\t\t\t<\/span>\n\t\t\t\t\t\t\t\t\t<span class=\"elementor-button-text\">Informa\u00e7\u00f5es t\u00e9cnicas<\/span>\n\t\t\t\t\t<\/span>\n\t\t\t\t\t<\/a>\n\t\t\t\t\t\t\t\t<\/div>\n\t\t\t\t<div class=\"elementor-element elementor-element-334b4a3 elementor-align-left elementor-widget elementor-widget-button\" data-id=\"334b4a3\" data-element_type=\"widget\" data-widget_type=\"button.default\">\n\t\t\t\t\t\t\t\t\t\t<a class=\"elementor-button elementor-button-link elementor-size-sm\" href=\"#contate\">\n\t\t\t\t\t\t<span class=\"elementor-button-content-wrapper\">\n\t\t\t\t\t\t<span class=\"elementor-button-icon\">\n\t\t\t\t<svg aria-hidden=\"true\" class=\"e-font-icon-svg e-fas-arrow-right\" viewBox=\"0 0 448 512\" xmlns=\"http:\/\/www.w3.org\/2000\/svg\"><path d=\"M190.5 66.9l22.2-22.2c9.4-9.4 24.6-9.4 33.9 0L441 239c9.4 9.4 9.4 24.6 0 33.9L246.6 467.3c-9.4 9.4-24.6 9.4-33.9 0l-22.2-22.2c-9.5-9.5-9.3-25 .4-34.3L311.4 296H24c-13.3 0-24-10.7-24-24v-32c0-13.3 10.7-24 24-24h287.4L190.9 101.2c-9.8-9.3-10-24.8-.4-34.3z\"><\/path><\/svg>\t\t\t<\/span>\n\t\t\t\t\t\t\t\t\t<span class=\"elementor-button-text\">Contate um especialista Messer<\/span>\n\t\t\t\t\t<\/span>\n\t\t\t\t\t<\/a>\n\t\t\t\t\t\t\t\t<\/div>\n\t\t\t\t<div class=\"elementor-element elementor-element-ef7080b elementor-align-left elementor-widget elementor-widget-button\" data-id=\"ef7080b\" data-element_type=\"widget\" data-widget_type=\"button.default\">\n\t\t\t\t\t\t\t\t\t\t<a class=\"elementor-button elementor-button-link elementor-size-sm\" href=\"#historia\">\n\t\t\t\t\t\t<span class=\"elementor-button-content-wrapper\">\n\t\t\t\t\t\t<span class=\"elementor-button-icon\">\n\t\t\t\t<svg aria-hidden=\"true\" class=\"e-font-icon-svg e-fas-arrow-right\" viewBox=\"0 0 448 512\" xmlns=\"http:\/\/www.w3.org\/2000\/svg\"><path d=\"M190.5 66.9l22.2-22.2c9.4-9.4 24.6-9.4 33.9 0L441 239c9.4 9.4 9.4 24.6 0 33.9L246.6 467.3c-9.4 9.4-24.6 9.4-33.9 0l-22.2-22.2c-9.5-9.5-9.3-25 .4-34.3L311.4 296H24c-13.3 0-24-10.7-24-24v-32c0-13.3 10.7-24 24-24h287.4L190.9 101.2c-9.8-9.3-10-24.8-.4-34.3z\"><\/path><\/svg>\t\t\t<\/span>\n\t\t\t\t\t\t\t\t\t<span class=\"elementor-button-text\">Hist\u00f3ria do g\u00e1s<\/span>\n\t\t\t\t\t<\/span>\n\t\t\t\t\t<\/a>\n\t\t\t\t\t\t\t\t<\/div>\n\t\t\t\t\t<\/div>\n\t\t<\/div>\n\t\t\t\t<div class=\"elementor-column elementor-col-50 elementor-top-column elementor-element elementor-element-ff1a9d2\" data-id=\"ff1a9d2\" data-element_type=\"column\">\n\t\t\t<div class=\"elementor-widget-wrap elementor-element-populated\">\n\t\t\t\t\t\t<div class=\"elementor-element elementor-element-4818195 elementor-widget elementor-widget-image\" data-id=\"4818195\" data-element_type=\"widget\" data-widget_type=\"image.default\">\n\t\t\t\t\t\t\t\t\t\t\t\t\t\t\t<img fetchpriority=\"high\" decoding=\"async\" width=\"600\" height=\"400\" src=\"https:\/\/www.fabricac.com.br\/messer\/wp-content\/uploads\/2024\/10\/helio2.webp\" class=\"attachment-large size-large wp-image-3049\" alt=\"\" srcset=\"https:\/\/www.fabricac.com.br\/messer\/wp-content\/uploads\/2024\/10\/helio2.webp 600w, https:\/\/www.fabricac.com.br\/messer\/wp-content\/uploads\/2024\/10\/helio2-300x200.webp 300w\" sizes=\"(max-width: 600px) 100vw, 600px\" \/>\t\t\t\t\t\t\t\t\t\t\t\t\t\t\t<\/div>\n\t\t\t\t\t<\/div>\n\t\t<\/div>\n\t\t\t\t\t<\/div>\n\t\t<\/section>\n\t\t<div class=\"elementor-element elementor-element-c6d05ab e-flex e-con-boxed e-con e-parent\" data-id=\"c6d05ab\" data-element_type=\"container\" id=\"segmentos\" data-settings=\"{&quot;background_background&quot;:&quot;classic&quot;}\">\n\t\t\t\t\t<div class=\"e-con-inner\">\n\t\t<div class=\"elementor-element elementor-element-b76d786 e-con-full e-flex e-con e-child\" data-id=\"b76d786\" data-element_type=\"container\">\n\t\t\t\t<div class=\"elementor-element elementor-element-324ca68 lined-title elementor-widget elementor-widget-heading\" data-id=\"324ca68\" data-element_type=\"widget\" data-widget_type=\"heading.default\">\n\t\t\t\t\t<h2 class=\"elementor-heading-title elementor-size-default\">Onde \u00e9 utilizado?<\/h2>\t\t\t\t<\/div>\n\t\t\t\t<div class=\"elementor-element elementor-element-7963d3f elementor-widget elementor-widget-text-editor\" data-id=\"7963d3f\" data-element_type=\"widget\" data-widget_type=\"text-editor.default\">\n\t\t\t\t\t\t\t\t\t<ul>\n<li><strong>Hospitalar:<\/strong>&nbsp;o g\u00e1s \u00e9 usado para resfriar o im\u00e3 dos scanners de resson\u00e2ncia magn\u00e9tica, de modo a garantir o bom funcionamento do equipamento.<\/li>\n<li><strong>Laboratorial:<\/strong>&nbsp;O h\u00e9lio \u00e9 principalmente usado em cromatografia gasosa e como fluido de resfriamento para os \u00edm\u00e3s de MRI, NMR ou EPR quando no estado l\u00edquido.<\/li>\n<li><strong>Enchimento de Bal\u00f5es:<\/strong>&nbsp;O h\u00e9lio \u00e9 usado para o enchimento de bal\u00f5es para eventos, meteorol\u00f3gicos e de pesquisa, al\u00e9m de tamb\u00e9m ser usado em dirig\u00edveis.<\/li>\n<li><strong>Equipamentos de Mergulhos:<\/strong>&nbsp;Quando misturado com o oxig\u00eanio em tanques de mergulho, ele previne contra o efeito narc\u00f3tico do nitrog\u00eanio que ocorre em \u00e1guas profundas, sendo muito \u00fatil para trabalhos submarinos.<\/li>\n<li><strong>Fabrica\u00e7\u00e3o de Fibras \u00d3ticas:<\/strong>&nbsp;O g\u00e1s \u00e9 utilizado para criar pr\u00e9-moldes de vidro altamente purificados, com os quais as fibras s\u00e3o feitas. Ele tamb\u00e9m \u00e9 importante para o processo de resfriamento, garantindo a fabrica\u00e7\u00e3o das fibras possa ser em alta velocidade.<\/li>\n<li><strong>Explora\u00e7\u00e3o Espacial:<\/strong>&nbsp;O h\u00e9lio \u00e9 utilizado para a pressuriza\u00e7\u00e3o de tubula\u00e7\u00f5es e tanques de sat\u00e9lites e foguetes, e para evitar superaquecimento.<\/li>\n<li><strong>Componentes Eletr\u00f4nicos:<\/strong>&nbsp;\u00c9 usado no processo de purga, decapagem, pulveriza\u00e7\u00e3o cat\u00f3dica, detec\u00e7\u00e3o de vazamento, t\u00eampera, controle de temperatura da \u00e1gua durante processos de deposi\u00e7\u00e3o cr\u00edticos e resfriamento de ferramentas ap\u00f3s etapas de limpeza em alta temperatura.<\/li>\n<li><strong>Solda:<\/strong>&nbsp;\u00c9 usado como g\u00e1s de prote\u00e7\u00e3o para soldagem ao arco el\u00e9trico, sendo usado tanto puro quanto em misturas com arg\u00f4nio para soldagens TIG e MIG. Em certas situa\u00e7\u00f5es, \u00e9 mais vantajoso do que o arg\u00f4nio como g\u00e1s de prote\u00e7\u00e3o para soldagens a arco, uma vez que produz mais calor no arco para uma mesma pot\u00eancia.<\/li>\n<li><b>Corte<\/b>: Componente das misturas de gera\u00e7\u00e3o da luz nas m\u00e1quinas laser de CO2.<\/li>\n<\/ul>\t\t\t\t\t\t\t\t<\/div>\n\t\t\t\t<\/div>\n\t\t\t\t\t<\/div>\n\t\t\t\t<\/div>\n\t\t<div class=\"elementor-element elementor-element-ccf5d6d row-boxed e-flex e-con-boxed e-con e-parent\" data-id=\"ccf5d6d\" data-element_type=\"container\" id=\"informacoes\">\n\t\t\t\t\t<div class=\"e-con-inner\">\n\t\t<div class=\"elementor-element elementor-element-2ecdc94 e-con-full e-flex e-con e-child\" data-id=\"2ecdc94\" data-element_type=\"container\">\n\t\t\t\t<div class=\"elementor-element elementor-element-4fc0240 lined-title elementor-widget elementor-widget-heading\" data-id=\"4fc0240\" data-element_type=\"widget\" data-widget_type=\"heading.default\">\n\t\t\t\t\t<h2 class=\"elementor-heading-title elementor-size-default\">Informa\u00e7\u00f5es t\u00e9cnicas<\/h2>\t\t\t\t<\/div>\n\t\t\t\t<\/div>\n\t\t\t\t\t<\/div>\n\t\t\t\t<\/div>\n\t\t<div class=\"elementor-element elementor-element-95e149e row-boxed e-flex e-con-boxed e-con e-parent\" data-id=\"95e149e\" data-element_type=\"container\">\n\t\t\t\t\t<div class=\"e-con-inner\">\n\t\t<div class=\"elementor-element elementor-element-cbf2c86 e-con-full e-flex e-con e-child\" data-id=\"cbf2c86\" data-element_type=\"container\">\n\t\t\t\t<div class=\"elementor-element elementor-element-f6c15b5 elementor-widget elementor-widget-html\" data-id=\"f6c15b5\" data-element_type=\"widget\" data-widget_type=\"html.default\">\n\t\t\t\t\t<style>\ntable {border-spacing: 2px!important;\nborder-collapse: inherit;\nfont-size: 16px;\n}\ntd{\npadding: 15px!important;\nline-height: 20px!important;}\n\n<\/style>\n\n<table width=\"100%\" border=\"0\" cellpadding=\"5\" cellspacing=\"3\">\n  <tr>\n    <td width=\"50%\">S\u00edmbolo At\u00f4mico<\/td>\n    <td width=\"50%\" valign=\"top\">He<\/td>\n  <\/tr>\n  <tr>\n    <td width=\"50%\">N\u00famero At\u00f4mico<\/td>\n    <td width=\"50%\" valign=\"top\">2<\/td>\n  <\/tr>\n  <tr>\n    <td width=\"50%\">S\u00e9rie Qu\u00edmica<\/td>\n    <td width=\"50%\" valign=\"top\">Gases Nobres<\/td>\n  <\/tr>\n  <tr>\n    <td width=\"50%\">Estado Natural<\/td>\n    <td width=\"50%\" valign=\"top\">Gasoso<\/td>\n  <\/tr>\n  <tr>\n    <td width=\"50%\">Massa At\u00f4mica<\/td>\n    <td width=\"50%\" valign=\"top\">4,00 u<\/td>\n  <\/tr>\n  <tr>\n    <td width=\"50%\">Massa Espec\u00edfica<\/td>\n    <td width=\"50%\" valign=\"top\">0,165 kg\/m3<\/td>\n  <\/tr>\n  <tr>\n    <td width=\"50%\">Volume Espec\u00edfico<\/td>\n    <td width=\"50%\" valign=\"top\">6,04 m3\/kg<\/td>\n  <\/tr>\n<\/table>\t\t\t\t<\/div>\n\t\t\t\t<\/div>\n\t\t<div class=\"elementor-element elementor-element-28c5e09 e-con-full e-flex e-con e-child\" data-id=\"28c5e09\" data-element_type=\"container\">\n\t\t\t\t<div class=\"elementor-element elementor-element-48dc6d2 elementor-widget elementor-widget-html\" data-id=\"48dc6d2\" data-element_type=\"widget\" data-widget_type=\"html.default\">\n\t\t\t\t\t<style>\ntable {border-spacing: 2px!important;\nborder-collapse: inherit;\nfont-size: 16px;\n}\ntd{\npadding: 15px!important;\nline-height: 20px!important;}\n\n<\/style>\n\n<table width=\"100%\" border=\"0\" cellpadding=\"5\" cellspacing=\"3\">\n  <tbody>\n  <tr>\n    <td width=\"50%\">Peso Molecular<\/td>\n    <td width=\"50%\" valign=\"top\">4,00 g\/mol<\/td>\n  <\/tr>\n  <tr>\n    <td width=\"50%\">Densidade Relativa<\/td>\n    <td width=\"50%\" valign=\"top\">0,14<\/td>\n  <\/tr>\n  <tr>\n    <td width=\"50%\">Temperatura Cr\u00edtica<\/td>\n    <td width=\"50%\" valign=\"top\">-267,9 \u00b0C<\/td>\n  <\/tr>\n  <tr>\n    <td width=\"50%\">Ponto de Fus\u00e3o<\/td>\n    <td width=\"50%\" valign=\"top\">-272 \u00b0C<\/td>\n  <\/tr>\n  <tr>\n    <td width=\"50%\">Ponto de Ebuli\u00e7\u00e3o<\/td>\n    <td width=\"50%\" valign=\"top\">-268,92 \u00b0C<\/td>\n  <\/tr>\n  <tr>\n    <td width=\"50%\">Inflam\u00e1vel?<\/td>\n    <td width=\"50%\" valign=\"top\">N\u00e3o<\/td>\n  <\/tr>\n  <tr>\n    <td width=\"50%\">Toxidez<\/td>\n    <td width=\"50%\" valign=\"top\">Baixa<\/td>\n  <\/tr>\n<\/tbody><\/table>\t\t\t\t<\/div>\n\t\t\t\t<\/div>\n\t\t\t\t\t<\/div>\n\t\t\t\t<\/div>\n\t\t\t\t<section class=\"elementor-section elementor-top-section elementor-element elementor-element-cc6155e elementor-section-stretched elementor-section-boxed elementor-section-height-default elementor-section-height-default\" data-id=\"cc6155e\" data-element_type=\"section\" id=\"contate\" data-settings=\"{&quot;stretch_section&quot;:&quot;section-stretched&quot;,&quot;background_background&quot;:&quot;classic&quot;}\">\n\t\t\t\t\t\t<div class=\"elementor-container elementor-column-gap-extended\">\n\t\t\t\t\t<div class=\"elementor-column elementor-col-100 elementor-top-column elementor-element elementor-element-d8044f9\" data-id=\"d8044f9\" data-element_type=\"column\">\n\t\t\t<div class=\"elementor-widget-wrap elementor-element-populated\">\n\t\t\t\t\t\t<div class=\"elementor-element elementor-element-17bbd80 lined-title elementor-widget elementor-widget-heading\" data-id=\"17bbd80\" data-element_type=\"widget\" data-widget_type=\"heading.default\">\n\t\t\t\t\t<h2 class=\"elementor-heading-title elementor-size-default\">Entre em contato com o time de especialistas Messer<\/h2>\t\t\t\t<\/div>\n\t\t\t\t<div class=\"elementor-element elementor-element-8ff06e4 elementor-widget elementor-widget-html\" data-id=\"8ff06e4\" data-element_type=\"widget\" data-widget_type=\"html.default\">\n\t\t\t\t\t<iframe src=\"https:\/\/www.lojamesser.com\/s\/novo-cliente\" width=\"100%\" height=\"750\" allowfullscreen><\/iframe>\r\n<script>\r\ndocument.addEventListener( 'wpcf7mailsent', function( event ) {\r\n    location = 'https:\/\/www.messer-br.com\/contato-obrigado';\r\n}, false );\r\n<\/script>\t\t\t\t<\/div>\n\t\t\t\t\t<\/div>\n\t\t<\/div>\n\t\t\t\t\t<\/div>\n\t\t<\/section>\n\t\t\t\t<section class=\"elementor-section elementor-top-section elementor-element elementor-element-54985ad elementor-section-stretched elementor-section-boxed elementor-section-height-default elementor-section-height-default\" data-id=\"54985ad\" data-element_type=\"section\" id=\"historia\" data-settings=\"{&quot;stretch_section&quot;:&quot;section-stretched&quot;,&quot;background_background&quot;:&quot;classic&quot;}\">\n\t\t\t\t\t\t<div class=\"elementor-container elementor-column-gap-extended\">\n\t\t\t\t\t<div class=\"elementor-column elementor-col-100 elementor-top-column elementor-element elementor-element-5b9dadd\" data-id=\"5b9dadd\" data-element_type=\"column\">\n\t\t\t<div class=\"elementor-widget-wrap elementor-element-populated\">\n\t\t\t\t\t\t<div class=\"elementor-element elementor-element-017e5e1 lined-title elementor-widget elementor-widget-heading\" data-id=\"017e5e1\" data-element_type=\"widget\" data-widget_type=\"heading.default\">\n\t\t\t\t\t<h2 class=\"elementor-heading-title elementor-size-default\">Hist\u00f3ria do G\u00e1s<\/h2>\t\t\t\t<\/div>\n\t\t\t\t<div class=\"elementor-element elementor-element-b4a56bd elementor-widget elementor-widget-text-editor\" data-id=\"b4a56bd\" data-element_type=\"widget\" data-widget_type=\"text-editor.default\">\n\t\t\t\t\t\t\t\t\t<p>O h\u00e9lio \u00e9 um g\u00e1s nobre, que em temperatura ambiente encontra-se no estado gasoso. \u00c9 um g\u00e1s de \u00e1tomo \u00fanico (monoat\u00f4mico), sem cor (incolor) e sem odor (inodoro). Possui o menor ponto de evapora\u00e7\u00e3o de todos os elementos qu\u00edmicos, e s\u00f3 pode ser solidificado sob press\u00f5es muito grandes.<\/p><p>\u00c9 o segundo elemento qu\u00edmico em maior abund\u00e2ncia no universo, atr\u00e1s apenas do hidrog\u00eanio. Entretanto, na atmosfera terrestre, encontram-se apenas tra\u00e7os desse g\u00e1s, provenientes da desintegra\u00e7\u00e3o de outros elementos qu\u00edmicos.<\/p><p>Esse g\u00e1s tem o ponto de solidifica\u00e7\u00e3o mais baixo dentre todos os elementos qu\u00edmicos, sendo o \u00fanico l\u00edquido que n\u00e3o pode solidificar-se baixando a temperatura, j\u00e1 que permanece no estado l\u00edquido no zero absoluto \u00e0 press\u00e3o normal.<\/p><p>Trata-se de um g\u00e1s inerte (ou seja, que n\u00e3o reage com os demais elementos qu\u00edmicos), mas se for submetido a grande press\u00e3o, juntamente com o s\u00f3dio, ele formar\u00e1 um novo composto qu\u00edmico, chamado helida de s\u00f3dio ou Na2He, o qual \u00e9 est\u00e1vel em alta press\u00e3o, e com liga\u00e7\u00f5es relativamente fortes.<\/p><p>O h\u00e9lio foi descoberto de forma independente, pelo franc\u00eas Pierre Janssen, e pelo ingl\u00eas Norman Lockyer, em 1868, ao analisarem o cromosfera solar durante um eclipse solar ocorrido naquele ano, encontrando uma linha de emiss\u00e3o de um elemento desconhecido.<\/p><p>Edward Frankland confirmou os resultados de Janssen e prop\u00f4s o nome helium para o novo elemento, em honra ao deus grego do sol (H\u00e9lio) com o sufixo -ium.<\/p>\t\t\t\t\t\t\t\t<\/div>\n\t\t\t\t\t<\/div>\n\t\t<\/div>\n\t\t\t\t\t<\/div>\n\t\t<\/section>\n\t\t\t\t<\/div>\n\t\t","protected":false},"excerpt":{"rendered":"<p>H\u00e9lio Utilizado em exames hospitalares, enchimento de bal\u00f5es, equipamentos de mergulho e ind\u00fastria de alta precis\u00e3o, como por exemplo explora\u00e7\u00e3o espacial, fibra \u00f3tica, componentes eletr\u00f4nicos e na soldagem de ligas n\u00e3o ferrosas. Formas de Distribui\u00e7\u00e3o: O h\u00e9lio \u00e9\u00a0fornecido em estado l\u00edquido ou gasoso, envasado em cilindros, cestas e dewars. Segmentos onde o g\u00e1s \u00e9 utilizado [&hellip;]<\/p>\n","protected":false},"author":1,"featured_media":0,"parent":2812,"menu_order":0,"comment_status":"closed","ping_status":"closed","template":"","meta":{"footnotes":""},"class_list":["post-3037","page","type-page","status-publish","hentry"],"_links":{"self":[{"href":"https:\/\/www.fabricac.com.br\/messer\/wp-json\/wp\/v2\/pages\/3037","targetHints":{"allow":["GET"]}}],"collection":[{"href":"https:\/\/www.fabricac.com.br\/messer\/wp-json\/wp\/v2\/pages"}],"about":[{"href":"https:\/\/www.fabricac.com.br\/messer\/wp-json\/wp\/v2\/types\/page"}],"author":[{"embeddable":true,"href":"https:\/\/www.fabricac.com.br\/messer\/wp-json\/wp\/v2\/users\/1"}],"replies":[{"embeddable":true,"href":"https:\/\/www.fabricac.com.br\/messer\/wp-json\/wp\/v2\/comments?post=3037"}],"version-history":[{"count":40,"href":"https:\/\/www.fabricac.com.br\/messer\/wp-json\/wp\/v2\/pages\/3037\/revisions"}],"predecessor-version":[{"id":12840,"href":"https:\/\/www.fabricac.com.br\/messer\/wp-json\/wp\/v2\/pages\/3037\/revisions\/12840"}],"up":[{"embeddable":true,"href":"https:\/\/www.fabricac.com.br\/messer\/wp-json\/wp\/v2\/pages\/2812"}],"wp:attachment":[{"href":"https:\/\/www.fabricac.com.br\/messer\/wp-json\/wp\/v2\/media?parent=3037"}],"curies":[{"name":"wp","href":"https:\/\/api.w.org\/{rel}","templated":true}]}}