{"id":3025,"date":"2024-10-28T17:01:23","date_gmt":"2024-10-28T20:01:23","guid":{"rendered":"https:\/\/www.fabricac.com.br\/messer\/?page_id=3025"},"modified":"2025-10-24T10:10:18","modified_gmt":"2025-10-24T13:10:18","slug":"acetileno","status":"publish","type":"page","link":"https:\/\/www.fabricac.com.br\/messer\/produtos\/acetileno\/","title":{"rendered":"Acetileno"},"content":{"rendered":"\t\t<div data-elementor-type=\"wp-page\" data-elementor-id=\"3025\" class=\"elementor elementor-3025\" data-elementor-post-type=\"page\">\n\t\t\t\t<div class=\"elementor-element elementor-element-e64dd0a e-con-full e-flex e-con e-parent\" data-id=\"e64dd0a\" data-element_type=\"container\" data-settings=\"{&quot;background_background&quot;:&quot;classic&quot;}\">\n\t\t<div class=\"elementor-element elementor-element-604847f e-con-full e-flex e-con e-child\" data-id=\"604847f\" data-element_type=\"container\">\n\t\t\t\t<div class=\"elementor-element elementor-element-5625dd9 elementor-widget elementor-widget-image\" data-id=\"5625dd9\" data-element_type=\"widget\" data-widget_type=\"image.default\">\n\t\t\t\t\t\t\t\t\t\t\t\t\t\t\t<img decoding=\"async\" width=\"150\" height=\"150\" src=\"https:\/\/www.fabricac.com.br\/messer\/wp-content\/uploads\/2024\/10\/elemento-c2h2-150x150.webp\" class=\"attachment-thumbnail size-thumbnail wp-image-3116\" alt=\"\" srcset=\"https:\/\/www.fabricac.com.br\/messer\/wp-content\/uploads\/2024\/10\/elemento-c2h2-150x150.webp 150w, https:\/\/www.fabricac.com.br\/messer\/wp-content\/uploads\/2024\/10\/elemento-c2h2.webp 200w\" sizes=\"(max-width: 150px) 100vw, 150px\" \/>\t\t\t\t\t\t\t\t\t\t\t\t\t\t\t<\/div>\n\t\t\t\t<\/div>\n\t\t\t\t<\/div>\n\t\t\t\t<section class=\"elementor-section elementor-top-section elementor-element elementor-element-8d23c5c row-boxed elementor-section-boxed elementor-section-height-default elementor-section-height-default\" data-id=\"8d23c5c\" data-element_type=\"section\" id=\"top\">\n\t\t\t\t\t\t<div class=\"elementor-container elementor-column-gap-default\">\n\t\t\t\t\t<div class=\"elementor-column elementor-col-50 elementor-top-column elementor-element elementor-element-0fd6cf0\" data-id=\"0fd6cf0\" data-element_type=\"column\">\n\t\t\t<div class=\"elementor-widget-wrap elementor-element-populated\">\n\t\t\t\t\t\t<div class=\"elementor-element elementor-element-206b8d3 lined-title elementor-widget elementor-widget-heading\" data-id=\"206b8d3\" data-element_type=\"widget\" data-widget_type=\"heading.default\">\n\t\t\t\t\t<h2 class=\"elementor-heading-title elementor-size-default\">Acetileno<\/h2>\t\t\t\t<\/div>\n\t\t\t\t<div class=\"elementor-element elementor-element-885d917 elementor-widget elementor-widget-text-editor\" data-id=\"885d917\" data-element_type=\"widget\" data-widget_type=\"text-editor.default\">\n\t\t\t\t\t\t\t\t\t<p>Utilizado no corte e aquecimento no segmento metal mecanico, na produ\u00e7\u00e3o de vidros, metais, componentes eletr\u00f4nicos e na sa\u00fade, sendo em hospitais e laborat\u00f3rios.<\/p>\t\t\t\t\t\t\t\t<\/div>\n\t\t\t\t<div class=\"elementor-element elementor-element-0aa97d4 elementor-widget elementor-widget-text-editor\" data-id=\"0aa97d4\" data-element_type=\"widget\" data-widget_type=\"text-editor.default\">\n\t\t\t\t\t\t\t\t\t<p><b>Formas de Distribui\u00e7\u00e3o:<\/b> O acetileno \u00e9 fornecido em estado gasoso, envasado em cilindros, cestas e carretas.<\/p>\t\t\t\t\t\t\t\t<\/div>\n\t\t\t\t<div class=\"elementor-element elementor-element-5886973 elementor-align-left elementor-mobile-align-left elementor-widget elementor-widget-button\" data-id=\"5886973\" data-element_type=\"widget\" data-widget_type=\"button.default\">\n\t\t\t\t\t\t\t\t\t\t<a class=\"elementor-button elementor-button-link elementor-size-xs\" href=\"#segmentos\">\n\t\t\t\t\t\t<span class=\"elementor-button-content-wrapper\">\n\t\t\t\t\t\t<span class=\"elementor-button-icon\">\n\t\t\t\t<svg aria-hidden=\"true\" class=\"e-font-icon-svg e-fas-arrow-right\" viewBox=\"0 0 448 512\" xmlns=\"http:\/\/www.w3.org\/2000\/svg\"><path d=\"M190.5 66.9l22.2-22.2c9.4-9.4 24.6-9.4 33.9 0L441 239c9.4 9.4 9.4 24.6 0 33.9L246.6 467.3c-9.4 9.4-24.6 9.4-33.9 0l-22.2-22.2c-9.5-9.5-9.3-25 .4-34.3L311.4 296H24c-13.3 0-24-10.7-24-24v-32c0-13.3 10.7-24 24-24h287.4L190.9 101.2c-9.8-9.3-10-24.8-.4-34.3z\"><\/path><\/svg>\t\t\t<\/span>\n\t\t\t\t\t\t\t\t\t<span class=\"elementor-button-text\">Segmentos onde o g\u00e1s \u00e9 utilizado<\/span>\n\t\t\t\t\t<\/span>\n\t\t\t\t\t<\/a>\n\t\t\t\t\t\t\t\t<\/div>\n\t\t\t\t<div class=\"elementor-element elementor-element-471bd1e elementor-align-left elementor-widget elementor-widget-button\" data-id=\"471bd1e\" data-element_type=\"widget\" data-widget_type=\"button.default\">\n\t\t\t\t\t\t\t\t\t\t<a class=\"elementor-button elementor-button-link elementor-size-xs\" href=\"#informacoes\">\n\t\t\t\t\t\t<span class=\"elementor-button-content-wrapper\">\n\t\t\t\t\t\t<span class=\"elementor-button-icon\">\n\t\t\t\t<svg aria-hidden=\"true\" class=\"e-font-icon-svg e-fas-arrow-right\" viewBox=\"0 0 448 512\" xmlns=\"http:\/\/www.w3.org\/2000\/svg\"><path d=\"M190.5 66.9l22.2-22.2c9.4-9.4 24.6-9.4 33.9 0L441 239c9.4 9.4 9.4 24.6 0 33.9L246.6 467.3c-9.4 9.4-24.6 9.4-33.9 0l-22.2-22.2c-9.5-9.5-9.3-25 .4-34.3L311.4 296H24c-13.3 0-24-10.7-24-24v-32c0-13.3 10.7-24 24-24h287.4L190.9 101.2c-9.8-9.3-10-24.8-.4-34.3z\"><\/path><\/svg>\t\t\t<\/span>\n\t\t\t\t\t\t\t\t\t<span class=\"elementor-button-text\">Informa\u00e7\u00f5es t\u00e9cnicas<\/span>\n\t\t\t\t\t<\/span>\n\t\t\t\t\t<\/a>\n\t\t\t\t\t\t\t\t<\/div>\n\t\t\t\t<div class=\"elementor-element elementor-element-334b4a3 elementor-align-left elementor-widget elementor-widget-button\" data-id=\"334b4a3\" data-element_type=\"widget\" data-widget_type=\"button.default\">\n\t\t\t\t\t\t\t\t\t\t<a class=\"elementor-button elementor-button-link elementor-size-sm\" href=\"#contate\">\n\t\t\t\t\t\t<span class=\"elementor-button-content-wrapper\">\n\t\t\t\t\t\t<span class=\"elementor-button-icon\">\n\t\t\t\t<svg aria-hidden=\"true\" class=\"e-font-icon-svg e-fas-arrow-right\" viewBox=\"0 0 448 512\" xmlns=\"http:\/\/www.w3.org\/2000\/svg\"><path d=\"M190.5 66.9l22.2-22.2c9.4-9.4 24.6-9.4 33.9 0L441 239c9.4 9.4 9.4 24.6 0 33.9L246.6 467.3c-9.4 9.4-24.6 9.4-33.9 0l-22.2-22.2c-9.5-9.5-9.3-25 .4-34.3L311.4 296H24c-13.3 0-24-10.7-24-24v-32c0-13.3 10.7-24 24-24h287.4L190.9 101.2c-9.8-9.3-10-24.8-.4-34.3z\"><\/path><\/svg>\t\t\t<\/span>\n\t\t\t\t\t\t\t\t\t<span class=\"elementor-button-text\">Contate um especialista Messer<\/span>\n\t\t\t\t\t<\/span>\n\t\t\t\t\t<\/a>\n\t\t\t\t\t\t\t\t<\/div>\n\t\t\t\t<div class=\"elementor-element elementor-element-ef7080b elementor-align-left elementor-widget elementor-widget-button\" data-id=\"ef7080b\" data-element_type=\"widget\" data-widget_type=\"button.default\">\n\t\t\t\t\t\t\t\t\t\t<a class=\"elementor-button elementor-button-link elementor-size-sm\" href=\"#historia\">\n\t\t\t\t\t\t<span class=\"elementor-button-content-wrapper\">\n\t\t\t\t\t\t<span class=\"elementor-button-icon\">\n\t\t\t\t<svg aria-hidden=\"true\" class=\"e-font-icon-svg e-fas-arrow-right\" viewBox=\"0 0 448 512\" xmlns=\"http:\/\/www.w3.org\/2000\/svg\"><path d=\"M190.5 66.9l22.2-22.2c9.4-9.4 24.6-9.4 33.9 0L441 239c9.4 9.4 9.4 24.6 0 33.9L246.6 467.3c-9.4 9.4-24.6 9.4-33.9 0l-22.2-22.2c-9.5-9.5-9.3-25 .4-34.3L311.4 296H24c-13.3 0-24-10.7-24-24v-32c0-13.3 10.7-24 24-24h287.4L190.9 101.2c-9.8-9.3-10-24.8-.4-34.3z\"><\/path><\/svg>\t\t\t<\/span>\n\t\t\t\t\t\t\t\t\t<span class=\"elementor-button-text\">Hist\u00f3ria do g\u00e1s<\/span>\n\t\t\t\t\t<\/span>\n\t\t\t\t\t<\/a>\n\t\t\t\t\t\t\t\t<\/div>\n\t\t\t\t\t<\/div>\n\t\t<\/div>\n\t\t\t\t<div class=\"elementor-column elementor-col-50 elementor-top-column elementor-element elementor-element-ff1a9d2\" data-id=\"ff1a9d2\" data-element_type=\"column\">\n\t\t\t<div class=\"elementor-widget-wrap elementor-element-populated\">\n\t\t\t\t\t\t<div class=\"elementor-element elementor-element-4818195 elementor-widget elementor-widget-image\" data-id=\"4818195\" data-element_type=\"widget\" data-widget_type=\"image.default\">\n\t\t\t\t\t\t\t\t\t\t\t\t\t\t\t<img fetchpriority=\"high\" decoding=\"async\" width=\"600\" height=\"400\" src=\"https:\/\/www.fabricac.com.br\/messer\/wp-content\/uploads\/2025\/02\/messer-macarico.webp\" class=\"attachment-large size-large wp-image-3900\" alt=\"\" srcset=\"https:\/\/www.fabricac.com.br\/messer\/wp-content\/uploads\/2025\/02\/messer-macarico.webp 600w, https:\/\/www.fabricac.com.br\/messer\/wp-content\/uploads\/2025\/02\/messer-macarico-300x200.webp 300w\" sizes=\"(max-width: 600px) 100vw, 600px\" \/>\t\t\t\t\t\t\t\t\t\t\t\t\t\t\t<\/div>\n\t\t\t\t\t<\/div>\n\t\t<\/div>\n\t\t\t\t\t<\/div>\n\t\t<\/section>\n\t\t<div class=\"elementor-element elementor-element-c6d05ab e-flex e-con-boxed e-con e-parent\" data-id=\"c6d05ab\" data-element_type=\"container\" id=\"segmentos\" data-settings=\"{&quot;background_background&quot;:&quot;classic&quot;}\">\n\t\t\t\t\t<div class=\"e-con-inner\">\n\t\t<div class=\"elementor-element elementor-element-b76d786 e-con-full e-flex e-con e-child\" data-id=\"b76d786\" data-element_type=\"container\">\n\t\t\t\t<div class=\"elementor-element elementor-element-324ca68 lined-title elementor-widget elementor-widget-heading\" data-id=\"324ca68\" data-element_type=\"widget\" data-widget_type=\"heading.default\">\n\t\t\t\t\t<h2 class=\"elementor-heading-title elementor-size-default\">Onde \u00e9 utilizado?<\/h2>\t\t\t\t<\/div>\n\t\t\t\t<div class=\"elementor-element elementor-element-7963d3f elementor-widget elementor-widget-text-editor\" data-id=\"7963d3f\" data-element_type=\"widget\" data-widget_type=\"text-editor.default\">\n\t\t\t\t\t\t\t\t\t<ul>\n<li><strong>Hospitalar:&nbsp;<\/strong>\u00e9 um componente de uma mistura gasosa usada para teste de diagn\u00f3stico de fun\u00e7\u00e3o pulmonar.<\/li>\n<li><strong>Laboratorial:<\/strong>&nbsp;\u00e9 usado como g\u00e1s combust\u00edvel em espectrofotometria de absor\u00e7\u00e3o at\u00f4mica.<\/li>\n<li><strong>Componentes Eletr\u00f4nicos:&nbsp;<\/strong>\u00e9 usado como precursor da m\u00e1scara dura de carbono amorfo na Deposi\u00e7\u00e3o Qu\u00edmica de Vapor Aprimorada com Plasma (PECVD). Tamb\u00e9m \u00e9 uma fonte de carbono em alguns filmes de carbo-nitreto de sil\u00edcio.<\/li>\n<li><strong>Fabrica\u00e7\u00e3o de Vidros:&nbsp;<\/strong>\u00e9 usado para lubrificar os moldes usados nos processos de fabrica\u00e7\u00e3o de garrafas de vidro. Uma camada de fuligem fina \u00e9 aplicada no molde de vidro, de modo que o artigo de vidro possa ser facilmente separado do molde ap\u00f3s o resfriamento.<\/li>\n<li style=\"font-size: 18px;\"><span style=\"font-weight: bolder;\">Metalmec\u00e2nica:&nbsp;<\/span>usado nos processos manuais ou mecanizados, como soldagem, brasagem, corte, endireitamento de chapa ou aquecimento.<\/li>\n<li style=\"list-style-type: none;\">&nbsp;<\/li>\n<\/ul>\t\t\t\t\t\t\t\t<\/div>\n\t\t\t\t<\/div>\n\t\t\t\t\t<\/div>\n\t\t\t\t<\/div>\n\t\t<div class=\"elementor-element elementor-element-ccf5d6d row-boxed e-flex e-con-boxed e-con e-parent\" data-id=\"ccf5d6d\" data-element_type=\"container\" id=\"informacoes\">\n\t\t\t\t\t<div class=\"e-con-inner\">\n\t\t<div class=\"elementor-element elementor-element-2ecdc94 e-con-full e-flex e-con e-child\" data-id=\"2ecdc94\" data-element_type=\"container\">\n\t\t\t\t<div class=\"elementor-element elementor-element-4fc0240 lined-title elementor-widget elementor-widget-heading\" data-id=\"4fc0240\" data-element_type=\"widget\" data-widget_type=\"heading.default\">\n\t\t\t\t\t<h2 class=\"elementor-heading-title elementor-size-default\">Informa\u00e7\u00f5es t\u00e9cnicas<\/h2>\t\t\t\t<\/div>\n\t\t\t\t<\/div>\n\t\t\t\t\t<\/div>\n\t\t\t\t<\/div>\n\t\t<div class=\"elementor-element elementor-element-95e149e row-boxed e-flex e-con-boxed e-con e-parent\" data-id=\"95e149e\" data-element_type=\"container\">\n\t\t\t\t\t<div class=\"e-con-inner\">\n\t\t<div class=\"elementor-element elementor-element-cbf2c86 e-con-full e-flex e-con e-child\" data-id=\"cbf2c86\" data-element_type=\"container\">\n\t\t\t\t<div class=\"elementor-element elementor-element-f6c15b5 elementor-widget elementor-widget-html\" data-id=\"f6c15b5\" data-element_type=\"widget\" data-widget_type=\"html.default\">\n\t\t\t\t\t<style>\ntable {border-spacing: 2px!important;\nborder-collapse: inherit;\nfont-size: 16px;\n}\ntd{\npadding: 15px!important;\nline-height: 20px!important;}\n\n<\/style>\n\n<table width=\"100%\" border=\"0\" cellpadding=\"5\" cellspacing=\"3\">\n  <tr>\n    <td width=\"50%\">S\u00edmbolo At\u00f4mico<\/td>\n    <td width=\"50%\" valign=\"top\">C<sub>2<\/sub>H<sub>2<\/sub><\/td>\n  <\/tr>\n  <tr>\n    <td width=\"50%\">N\u00famero At\u00f4mico<\/td>\n    <td width=\"50%\" valign=\"top\">N\u00e3o possui<\/td>\n  <\/tr>\n  <tr>\n    <td width=\"50%\">S\u00e9rie Qu\u00edmica<\/td>\n    <td width=\"50%\" valign=\"top\">Composto Qu\u00edmico<\/td>\n  <\/tr>\n  <tr>\n    <td width=\"50%\">Estado Natural<\/td>\n    <td width=\"50%\" valign=\"top\">Gasoso<\/td>\n  <\/tr>\n  <tr>\n    <td width=\"50%\">Massa At\u00f4mica<\/td>\n    <td width=\"50%\" valign=\"top\">26,04<\/td>\n  <\/tr>\n  <tr>\n    <td width=\"50%\">Massa Espec\u00edfica<\/td>\n    <td width=\"50%\" valign=\"top\">1,1716 kg\/m3<\/td>\n  <\/tr>\n  <tr>\n    <td width=\"50%\">Volume Espec\u00edfico<\/td>\n    <td width=\"50%\" valign=\"top\">0,92 m3\/kg<\/td>\n  <\/tr>\n<\/table>\t\t\t\t<\/div>\n\t\t\t\t<\/div>\n\t\t<div class=\"elementor-element elementor-element-28c5e09 e-con-full e-flex e-con e-child\" data-id=\"28c5e09\" data-element_type=\"container\">\n\t\t\t\t<div class=\"elementor-element elementor-element-48dc6d2 elementor-widget elementor-widget-html\" data-id=\"48dc6d2\" data-element_type=\"widget\" data-widget_type=\"html.default\">\n\t\t\t\t\t<style>\ntable {border-spacing: 2px!important;\nborder-collapse: inherit;\nfont-size: 16px;\n}\ntd{\npadding: 15px!important;\nline-height: 20px!important;}\n\n<\/style>\n\n<table width=\"100%\" border=\"0\" cellpadding=\"5\" cellspacing=\"3\">\n  <tbody>\n  <tr>\n    <td width=\"50%\">Peso Molecular<\/td>\n    <td width=\"50%\" valign=\"top\">26,04 g\/mol<\/td>\n  <\/tr>\n  <tr>\n    <td width=\"50%\">Densidade Relativa<\/td>\n    <td width=\"50%\" valign=\"top\">0,91<\/td>\n  <\/tr>\n  <tr>\n    <td width=\"50%\">Temperatura Cr\u00edtica<\/td>\n    <td width=\"50%\" valign=\"top\">36,3 \u00b0C<\/td>\n  <\/tr>\n  <tr>\n    <td width=\"50%\">Ponto de Fus\u00e3o<\/td>\n    <td width=\"50%\" valign=\"top\">-80,8 \u00b0C<\/td>\n  <\/tr>\n  <tr>\n    <td width=\"50%\">Ponto de Ebuli\u00e7\u00e3o<\/td>\n    <td width=\"50%\" valign=\"top\">-84 \u00b0C<\/td>\n  <\/tr>\n  <tr>\n    <td width=\"50%\">Inflam\u00e1vel?<\/td>\n    <td width=\"50%\" valign=\"top\">Sim<\/td>\n  <\/tr>\n  <tr>\n    <td width=\"50%\">Toxidez<\/td>\n    <td width=\"50%\" valign=\"top\">Baixa<\/td>\n  <\/tr>\n<\/tbody><\/table>\t\t\t\t<\/div>\n\t\t\t\t<\/div>\n\t\t\t\t\t<\/div>\n\t\t\t\t<\/div>\n\t\t\t\t<section class=\"elementor-section elementor-top-section elementor-element elementor-element-cc6155e elementor-section-stretched elementor-section-boxed elementor-section-height-default elementor-section-height-default\" data-id=\"cc6155e\" data-element_type=\"section\" id=\"contate\" data-settings=\"{&quot;stretch_section&quot;:&quot;section-stretched&quot;,&quot;background_background&quot;:&quot;classic&quot;}\">\n\t\t\t\t\t\t<div class=\"elementor-container elementor-column-gap-extended\">\n\t\t\t\t\t<div class=\"elementor-column elementor-col-100 elementor-top-column elementor-element elementor-element-d8044f9\" data-id=\"d8044f9\" data-element_type=\"column\">\n\t\t\t<div class=\"elementor-widget-wrap elementor-element-populated\">\n\t\t\t\t\t\t<div class=\"elementor-element elementor-element-17bbd80 lined-title elementor-widget elementor-widget-heading\" data-id=\"17bbd80\" data-element_type=\"widget\" data-widget_type=\"heading.default\">\n\t\t\t\t\t<h2 class=\"elementor-heading-title elementor-size-default\">Entre em contato com o time de especialistas Messer<\/h2>\t\t\t\t<\/div>\n\t\t\t\t<div class=\"elementor-element elementor-element-8ff06e4 elementor-widget elementor-widget-html\" data-id=\"8ff06e4\" data-element_type=\"widget\" data-widget_type=\"html.default\">\n\t\t\t\t\t<iframe src=\"https:\/\/www.lojamesser.com\/s\/novo-cliente\" width=\"100%\" height=\"750\" allowfullscreen><\/iframe>\r\n<script>\r\ndocument.addEventListener( 'wpcf7mailsent', function( event ) {\r\n    location = 'https:\/\/www.messer-br.com\/contato-obrigado';\r\n}, false );\r\n<\/script>\t\t\t\t<\/div>\n\t\t\t\t\t<\/div>\n\t\t<\/div>\n\t\t\t\t\t<\/div>\n\t\t<\/section>\n\t\t\t\t<section class=\"elementor-section elementor-top-section elementor-element elementor-element-54985ad elementor-section-stretched elementor-section-boxed elementor-section-height-default elementor-section-height-default\" data-id=\"54985ad\" data-element_type=\"section\" id=\"historia\" data-settings=\"{&quot;stretch_section&quot;:&quot;section-stretched&quot;,&quot;background_background&quot;:&quot;classic&quot;}\">\n\t\t\t\t\t\t<div class=\"elementor-container elementor-column-gap-extended\">\n\t\t\t\t\t<div class=\"elementor-column elementor-col-100 elementor-top-column elementor-element elementor-element-5b9dadd\" data-id=\"5b9dadd\" data-element_type=\"column\">\n\t\t\t<div class=\"elementor-widget-wrap elementor-element-populated\">\n\t\t\t\t\t\t<div class=\"elementor-element elementor-element-017e5e1 lined-title elementor-widget elementor-widget-heading\" data-id=\"017e5e1\" data-element_type=\"widget\" data-widget_type=\"heading.default\">\n\t\t\t\t\t<h2 class=\"elementor-heading-title elementor-size-default\">Hist\u00f3ria do G\u00e1s<\/h2>\t\t\t\t<\/div>\n\t\t\t\t<div class=\"elementor-element elementor-element-b4a56bd elementor-widget elementor-widget-text-editor\" data-id=\"b4a56bd\" data-element_type=\"widget\" data-widget_type=\"text-editor.default\">\n\t\t\t\t\t\t\t\t\t<p>O acetileno \u00e9 um g\u00e1s sem colora\u00e7\u00e3o (incolor), inst\u00e1vel, altamente combust\u00edvel, e que produz uma chama de elevada temperatura (mais de 3000\u00b0 C). Em sua forma pura, o acetileno tem um cheiro agrad\u00e1vel, mas quando h\u00e1 a presen\u00e7a de impurezas em sua composi\u00e7\u00e3o, apresenta um odor irritante.<\/p><p>Ele \u00e9 um composto que faz parte da classe dos alcinos, que s\u00e3o hidrocarbonetos ac\u00edclicos, insaturados com uma liga\u00e7\u00e3o tripla. Trata-se de um g\u00e1s muito inst\u00e1vel, que sob pequenas compress\u00f5es se decomp\u00f5e com muita facilidade, liberando a energia armazenada nele.<\/p><p>Sendo um composto gasoso, o acetileno \u00e0 temperatura ambiente n\u00e3o apresenta cor, podendo ser dissolvido em \u00e1gua. Al\u00e9m de tamb\u00e9m ser sol\u00favel em alguns tipos de solventes org\u00e2nicos polares como o \u00e1lcool e o \u00e9ter.<\/p><p>Possui ponto de fus\u00e3o e temperatura de ebuli\u00e7\u00e3o relativamente pr\u00f3ximas, em cerca de -84\u00baC. Assim como parte dos alcinos, possui alto poder de reatividade, potencializado em ambiente atmosf\u00e9rico que tenha a presen\u00e7a de halog\u00eanios, oxig\u00eanio, cobre, merc\u00fario e prata.<\/p><p>Considerado um tipo de mat\u00e9ria-prima com muita versatilidade dentro das f\u00e1bricas, o acetileno faz parte da produ\u00e7\u00e3o dos seguintes materiais: os explosivos, os solventes usados em ind\u00fastrias e pl\u00e1sticos de borracha sint\u00e9tica.<\/p><p>Al\u00e9m disso, \u00e9 tamb\u00e9m aproveitado na s\u00edntese de compostos org\u00e2nicos como \u00e1cido ac\u00e9tico e \u00e1lcool et\u00edlico. A sua obten\u00e7\u00e3o ocorre por do calc\u00e1rio e o carv\u00e3o de pedra, chamada de hulha- combust\u00edvel f\u00f3ssil originado a partir da decomposi\u00e7\u00e3o de materiais em florestas antigas, todos esses materiais s\u00e3o encontrados em abund\u00e2ncia no meio ambiente.<\/p><p>A descoberta desse composto ocorreu no s\u00e9culo XIX, no ano de 1836, sendo considerado uma das mais importantes mat\u00e9rias-primas na sintetiza\u00e7\u00e3o de muitos compostos org\u00e2nicos utilizados em ind\u00fastrias, dentre os quais est\u00e3o o \u00e1cido ac\u00e9tico, pl\u00e1sticos, al\u00e9m das borrachas sint\u00e9ticas.<\/p><p>O acetileno \u00e9 fornecido em estado l\u00edquido ou gasoso, envasado em cilindros, tanques ou por meio de gasodutos.<\/p>\t\t\t\t\t\t\t\t<\/div>\n\t\t\t\t\t<\/div>\n\t\t<\/div>\n\t\t\t\t\t<\/div>\n\t\t<\/section>\n\t\t\t\t<\/div>\n\t\t","protected":false},"excerpt":{"rendered":"<p>Acetileno Utilizado no corte e aquecimento no segmento metal mecanico, na produ\u00e7\u00e3o de vidros, metais, componentes eletr\u00f4nicos e na sa\u00fade, sendo em hospitais e laborat\u00f3rios. Formas de Distribui\u00e7\u00e3o: O acetileno \u00e9 fornecido em estado gasoso, envasado em cilindros, cestas e carretas. Segmentos onde o g\u00e1s \u00e9 utilizado Informa\u00e7\u00f5es t\u00e9cnicas Contate um especialista Messer Hist\u00f3ria do [&hellip;]<\/p>\n","protected":false},"author":1,"featured_media":0,"parent":2812,"menu_order":0,"comment_status":"closed","ping_status":"closed","template":"","meta":{"footnotes":""},"class_list":["post-3025","page","type-page","status-publish","hentry"],"_links":{"self":[{"href":"https:\/\/www.fabricac.com.br\/messer\/wp-json\/wp\/v2\/pages\/3025","targetHints":{"allow":["GET"]}}],"collection":[{"href":"https:\/\/www.fabricac.com.br\/messer\/wp-json\/wp\/v2\/pages"}],"about":[{"href":"https:\/\/www.fabricac.com.br\/messer\/wp-json\/wp\/v2\/types\/page"}],"author":[{"embeddable":true,"href":"https:\/\/www.fabricac.com.br\/messer\/wp-json\/wp\/v2\/users\/1"}],"replies":[{"embeddable":true,"href":"https:\/\/www.fabricac.com.br\/messer\/wp-json\/wp\/v2\/comments?post=3025"}],"version-history":[{"count":40,"href":"https:\/\/www.fabricac.com.br\/messer\/wp-json\/wp\/v2\/pages\/3025\/revisions"}],"predecessor-version":[{"id":12837,"href":"https:\/\/www.fabricac.com.br\/messer\/wp-json\/wp\/v2\/pages\/3025\/revisions\/12837"}],"up":[{"embeddable":true,"href":"https:\/\/www.fabricac.com.br\/messer\/wp-json\/wp\/v2\/pages\/2812"}],"wp:attachment":[{"href":"https:\/\/www.fabricac.com.br\/messer\/wp-json\/wp\/v2\/media?parent=3025"}],"curies":[{"name":"wp","href":"https:\/\/api.w.org\/{rel}","templated":true}]}}