{"id":12470,"date":"2025-10-22T11:26:45","date_gmt":"2025-10-22T14:26:45","guid":{"rendered":"https:\/\/www.fabricac.com.br\/messer\/?page_id=12470"},"modified":"2025-10-22T11:27:20","modified_gmt":"2025-10-22T14:27:20","slug":"termos-de-uso","status":"publish","type":"page","link":"https:\/\/www.fabricac.com.br\/messer\/sobre\/termos-de-uso\/","title":{"rendered":"Termos de Uso"},"content":{"rendered":"\t\t<div data-elementor-type=\"wp-page\" data-elementor-id=\"12470\" class=\"elementor elementor-12470\" data-elementor-post-type=\"page\">\n\t\t\t\t<div class=\"elementor-element elementor-element-e64dd0a e-con-full e-flex e-con e-parent\" data-id=\"e64dd0a\" data-element_type=\"container\" data-settings=\"{&quot;background_background&quot;:&quot;classic&quot;}\">\n\t\t<div class=\"elementor-element elementor-element-604847f e-con-full e-flex e-con e-child\" data-id=\"604847f\" data-element_type=\"container\">\n\t\t\t\t<div class=\"elementor-element elementor-element-69759bd elementor-widget elementor-widget-heading\" data-id=\"69759bd\" data-element_type=\"widget\" data-widget_type=\"heading.default\">\n\t\t\t\t\t<h2 class=\"elementor-heading-title elementor-size-default\">Termos e Condi\u00e7\u00f5es de Uso<\/h2>\t\t\t\t<\/div>\n\t\t\t\t<div class=\"elementor-element elementor-element-87816ba elementor-widget elementor-widget-hfe-breadcrumbs-widget\" data-id=\"87816ba\" data-element_type=\"widget\" data-widget_type=\"hfe-breadcrumbs-widget.default\">\n\t\t\t\t<div class=\"elementor-widget-container\">\n\t\t\t\t\t<nav aria-label=\"Breadcrumb\"><ul class=\"hfe-breadcrumbs hfe-breadcrumbs-show-home\"><li class=\"hfe-breadcrumbs-item hfe-breadcrumbs-first\"><span class=\"hfe-breadcrumbs-home-icon\"><\/span><a href=\"https:\/\/www.fabricac.com.br\/messer\"><span class=\"hfe-breadcrumbs-text\">Home<\/span><\/a><\/li><\/ul><\/nav>\t\t\t\t<\/div>\n\t\t\t\t<\/div>\n\t\t\t\t<\/div>\n\t\t\t\t<\/div>\n\t\t<div class=\"elementor-element elementor-element-b440aa0 e-flex e-con-boxed e-con e-parent\" data-id=\"b440aa0\" data-element_type=\"container\" data-settings=\"{&quot;background_background&quot;:&quot;classic&quot;}\">\n\t\t\t\t\t<div class=\"e-con-inner\">\n\t\t<div class=\"elementor-element elementor-element-0514f98 e-con-full e-flex e-con e-child\" data-id=\"0514f98\" data-element_type=\"container\">\n\t\t\t\t<div class=\"elementor-element elementor-element-dbf4155 elementor-widget__width-inherit elementor-widget elementor-widget-text-editor\" data-id=\"dbf4155\" data-element_type=\"widget\" data-widget_type=\"text-editor.default\">\n\t\t\t\t\t\t\t\t\t<div class=\"kc-elm kc-css-952621 kc_row kc_row_inner\"><div class=\"kc-elm kc-css-374774 kc_col-sm-10 kc_column_inner kc_col-sm-10\"><div class=\"kc_wrapper kc-col-inner-container\"><div class=\"kc-elm kc-css-993886 kc-raw-code\"><p><strong>ESCOPO E DEFINI\u00c7\u00d5ES<\/strong><\/p><p>1.1. Estes Termos e Condi\u00e7\u00f5es de Uso (\u201cTermos\u201d) regem o acesso e uso deste site. Por favor, leia estes Termos cuidadosamente. Ao acessar ou usar este site, ou clicando para aceitar ou concordar com os Termos de Uso quando esta op\u00e7\u00e3o for disponibilizada para voc\u00ea, Voc\u00ea concorda que Voc\u00ea e, se aplic\u00e1vel, sua Entidade est\u00e3o vinculados a estes Termos, incluindo a Pol\u00edtica de Privacidade estabelecida na se\u00e7\u00e3o 7 abaixo, e, se aplic\u00e1vel, Voc\u00ea declara e garante \u00e0 Messer que est\u00e1 autorizado a acessar e usar este site em nome da Entidade e que tem autoridade para vincular a Entidade a estes Termos. Se voc\u00ea n\u00e3o quiser concordar com estes Termos ou com a Pol\u00edtica de Privacidade, voc\u00ea n\u00e3o deve acessar ou usar o Site.<\/p><p>1.2. Este site \u00e9 oferecido e est\u00e1 dispon\u00edvel para usu\u00e1rios com 18 anos de idade ou mais e residentes no Brasil, incluindo qualquer um de seus territ\u00f3rios ou possess\u00f5es. Al\u00e9m disso, ao utilizar este site, voc\u00ea declara e garante que tem idade legal para formar um contrato vinculativo com a Messer e atender a todos os requisitos de elegibilidade anteriores. Se voc\u00ea n\u00e3o atender a todos esses requisitos, n\u00e3o dever\u00e1 acessar ou usar o site.<\/p><p>1.3. \u201cEntidade\u201d significa a pessoa (por exemplo, corpora\u00e7\u00e3o, indiv\u00edduo, parceria, etc.), se houver, representada pelo indiv\u00edduo que usa este site; \u201cMesser\u201d significa a Messer Gases Brasil e suas subsidi\u00e1rias e afiliadas; \u201cProdutos\u201d significa qualquer produto oferecido para venda neste site; \u201cUsu\u00e1rio\u201d significa Entidade e Voc\u00ea, ou apenas Voc\u00ea, se n\u00e3o houver Entidade aplic\u00e1vel; e \u201cVoc\u00ea&#8221; significa o indiv\u00edduo que usa este site.<\/p><p><strong>ACESSO E USO<\/strong><\/p><p>2.1. Sujeito aos termos e condi\u00e7\u00f5es destes Termos, a Messer concede ao Usu\u00e1rio um direito limitado, intransfer\u00edvel, n\u00e3o exclusivo e limitado de acessar e usar este Site para acessar informa\u00e7\u00f5es sobre a Messer, interagir com a Messer e adquirir Produtos da Messer (\u201cObjetivo\u201d), sob risco exclusivo do Usu\u00e1rio. A Messer pode suspender ou rescindir esse direito a qualquer momento.<\/p><p><strong>PROPRIEDADE INTELECTUAL<\/strong><\/p><p>3.1. A Messer \u00e9 o propriet\u00e1rio ou o usu\u00e1rio autorizado de todas as informa\u00e7\u00f5es, aplicativos, textos, imagens, gr\u00e1ficos, fotos, anima\u00e7\u00f5es, m\u00fasicas, sons e outros conte\u00fados e materiais contidos ou exibidos neste site e todo o c\u00f3digo relacionado fornecido por meio deste site, e quaisquer modifica\u00e7\u00f5es, atualiza\u00e7\u00f5es, upgrades, c\u00f3pias, trabalhos derivados, aprimoramentos ou personaliza\u00e7\u00f5es do precedente (coletivamente, \u201cConte\u00fado&#8221;), incluindo todas as patentes, pedidos de patentes, inven\u00e7\u00f5es, direitos autorais, obras, marcas registradas, nomes comerciais, marcas de servi\u00e7o, segredos comerciais, direitos de publicidade e outras propriedades intelectuais ou direitos de propriedade sobre o Conte\u00fado, e todas as inscri\u00e7\u00f5es e aplica\u00e7\u00f5es para qualquer um dos itens acima. Todos os direitos n\u00e3o expressamente concedidos ao Usu\u00e1rio nestes Termos s\u00e3o expressamente reservados para a Messer ou suas afiliadas ou licenciantes. O usu\u00e1rio n\u00e3o deve causar ou permitir, e n\u00e3o deve facilitar a outro para causar ou permitir, que o conte\u00fado seja usado, copiado, republicado, incorporado em outro site, reproduzido, transmitido, distribu\u00eddo, adaptado, comunicado ao p\u00fablico, carregado, postado, utilizado para criar um trabalho derivado ou explorado de qualquer outra forma sem o consentimento pr\u00e9vio por escrito da Messer ou do seu licenciador. \u201cMesser&#8221;, \u201cMesser Americas&#8221;, \u201cMesser Group&#8221;, todos os logotipos relacionados a Messer, outras marcas relacionadas e outras marcas relacionadas que possam aparecer neste site s\u00e3o marcas comerciais ou nomes comerciais da Messer, suas empresas controladoras ou suas afiliadas. Todas as outras marcas comerciais e logotipos usados neste site, com ou sem atribui\u00e7\u00e3o, s\u00e3o marcas comerciais ou nomes comerciais de seus respectivos propriet\u00e1rios.<\/p><p><strong>INFORMA\u00c7\u00d5ES DO PRODUTO<\/strong><\/p><p>4.1. A Messer pode enviar ao Usu\u00e1rio, por correio eletr\u00f4nico ou outros meios, informa\u00e7\u00f5es relativas \u00e0 Messer e aos Produtos, incluindo informa\u00e7\u00f5es de seguran\u00e7a do produto (coletivamente, \u201cInforma\u00e7\u00f5es do Produto\u201d).<\/p><p><strong>HYPERLINKS<\/strong><\/p><p>5.1. Este site pode conter links para sites de terceiros (\u201cHyperlinks&#8221;) que n\u00e3o s\u00e3o de propriedade ou controlados pela Messer. Todas os Hyperlinks s\u00e3o fornecidos apenas por conveni\u00eancia e n\u00e3o constituem um endosso da Messer. A Messer n\u00e3o \u00e9 respons\u00e1vel pela disponibilidade ou pelo conte\u00fado de quaisquer sites de terceiros, nem pelas pr\u00e1ticas de quaisquer sites de terceiros com rela\u00e7\u00e3o \u00e0 coleta, uso ou divulga\u00e7\u00e3o de informa\u00e7\u00f5es pessoais. O uso dos Hyperlinks \u00e9 de risco exclusivo do usu\u00e1rio.<\/p><p><strong>ALTERA\u00c7\u00d5ES<\/strong><\/p><p>6.1. A Messer pode alterar, suspender, descontinuar, impor limites ou restringir o acesso a todo ou parte deste site ou de seu conte\u00fado a qualquer momento. Al\u00e9m disso, a Messer pode modificar estes Termos a qualquer momento, com efeito imediato ap\u00f3s a publica\u00e7\u00e3o neste site. Modifica\u00e7\u00f5es a estes Termos ser\u00e3o identificadas por uma altera\u00e7\u00e3o na data de revis\u00e3o. O usu\u00e1rio \u00e9 respons\u00e1vel por revisar estes Termos periodicamente. O uso continuado do usu\u00e1rio deste site ap\u00f3s qualquer modifica\u00e7\u00e3o aos Termos constitui a aceita\u00e7\u00e3o do usu\u00e1rio da modifica\u00e7\u00e3o.<\/p><p><strong>PRIVACIDADE<\/strong><\/p><p>7.1. De acordo com sua Pol\u00edtica de Privacidade de Dados, dispon\u00edvel em [inserir link para a pol\u00edtica na Intranet ou na Internet, conforme apropriado], a Messer pode coletar, usar e divulgar Informa\u00e7\u00f5es Pessoais (conforme definido na legisla\u00e7\u00e3o aplic\u00e1vel) do Usu\u00e1rio em conex\u00e3o com o uso do Usu\u00e1rio deste Site para fornecer acesso do Usu\u00e1rio ao Site, administrar o pedido, pagamento e conta do Usu\u00e1rio, responder perguntas ou solicita\u00e7\u00f5es do Usu\u00e1rio e identificar um Usu\u00e1rio, se necess\u00e1rio, para garantir o cumprimento dos contratos com a Entidade ou conforme exigido ou permitido pela lei aplic\u00e1vel. O arquivo contendo Informa\u00e7\u00f5es Pessoais ser\u00e1 mantido nas instala\u00e7\u00f5es ou nos servidores da Messer ou dos seus fornecedores de servi\u00e7os, e os funcion\u00e1rios da Messer ou os seus fornecedores de servi\u00e7os que o exijam para os fins das suas fun\u00e7\u00f5es ter\u00e3o acesso a este arquivo. Na medida prevista em lei, o indiv\u00edduo em quest\u00e3o pode solicitar acesso ao arquivo que cont\u00e9m suas Informa\u00e7\u00f5es Pessoais e solicitar as corre\u00e7\u00f5es necess\u00e1rias, entrando em contato com a Messer em: Messer North America, Inc., 200 Somerset Corporate Blvd., Suite 7000, Bridgewater, NJ, 08807, Aos cuidados: Departamento Jur\u00eddico. Ao enviar qualquer Informa\u00e7\u00e3o Pessoal em conex\u00e3o com o uso do Usu\u00e1rio deste Site, o Usu\u00e1rio declara e garante \u00e0 Messer que obteve o consentimento de qualquer indiv\u00edduo envolvido com a coleta, uso e divulga\u00e7\u00e3o de suas informa\u00e7\u00f5es pessoais conforme especificado nestes Termos.<\/p><p>7.2. A Messer tamb\u00e9m pode coletar, usar e divulgar Informa\u00e7\u00f5es Pessoais do Usu\u00e1rio em conex\u00e3o com o uso do Usu\u00e1rio deste site para desenvolver e melhorar este Site e para enviar informa\u00e7\u00f5es ao Usu\u00e1rio sobre os produtos e servi\u00e7os da Messer que a Messer acredita serem de interesse para o Usu\u00e1rio. O usu\u00e1rio pode desativar esse uso de Informa\u00e7\u00f5es Pessoais a qualquer momento, notificando por escrito a Messer no endere\u00e7o especificado na Se\u00e7\u00e3o 7.1.<\/p><p>7.3. A Messer pode usar cookies em rela\u00e7\u00e3o a este site. O usu\u00e1rio pode redefinir seu navegador para recusar cookies. No entanto, o usu\u00e1rio reconhece que isso pode afetar a funcionalidade adequada deste site.<\/p><p>7.4. O acesso a este site, a determinadas se\u00e7\u00f5es deste site e a determinados recursos oferecidos por este site podem exigir que voc\u00ea forne\u00e7a detalhes de registro ou outras informa\u00e7\u00f5es. Voc\u00ea representa e garante \u00e0 Messer que todas essas informa\u00e7\u00f5es est\u00e3o corretas, atuais e completas. Todas as informa\u00e7\u00f5es que Voc\u00ea fornecer para se registrar neste Site ou de outra forma, incluindo o uso de quaisquer recursos interativos neste Site, s\u00e3o regidas por estes Termos e nossa Pol\u00edtica de Privacidade de Dados, conforme possam ser alterados de tempos em tempos, e voc\u00ea concorda com Todas as a\u00e7\u00f5es que tomamos em rela\u00e7\u00e3o \u00e0s suas informa\u00e7\u00f5es, de acordo com estes Termos e nossa Pol\u00edtica de Privacidade de Dados.<\/p><p><strong>SEGURAN\u00c7A<\/strong><\/p><p>8.1. O processamento de dados ocorre pela Internet. Um protocolo SSL (secure socket layer) fornecer\u00e1 a criptografia de todas as transa\u00e7\u00f5es eletr\u00f4nicas importantes, incluindo o login e a compra. Os e-mails enviados n\u00e3o s\u00e3o criptografados.<\/p><p>8.2. O usu\u00e1rio reconhece que qualquer informa\u00e7\u00e3o divulgada pela Internet pode ser coletada, usada ou interceptada ilegalmente por terceiros. A Messer n\u00e3o \u00e9 respons\u00e1vel pela seguran\u00e7a de tais informa\u00e7\u00f5es.<\/p><p>8.3. O usu\u00e1rio pode receber um ID de usu\u00e1rio e uma senha para poder acessar este ou partes deste site. O ID do usu\u00e1rio e a senha s\u00e3o pessoais do Usu\u00e1rio, e o Usu\u00e1rio \u00e9 o \u00fanico respons\u00e1vel por proteger estritamente seu sigilo e por impedir qualquer acesso n\u00e3o autorizado ou uso deste Site usando o ID do usu\u00e1rio, senha ou outro identificador. O usu\u00e1rio notificar\u00e1 a Messer, por escrito, imediatamente ap\u00f3s tomar conhecimento: (1) de qualquer acesso n\u00e3o autorizado ou uso do ID de usu\u00e1rio ou senha; ou (2) que um representante registrado n\u00e3o deve mais ter permiss\u00e3o para acessar este site. A Messer pode desativar qualquer ID de usu\u00e1rio, senha ou outro identificador escolhido pelo Usu\u00e1rio ou fornecido pela Messer a qualquer momento, por qualquer motivo ou sem motivo, inclusive em conex\u00e3o com a suspens\u00e3o da Messer ou o t\u00e9rmino do acesso do usu\u00e1rio e direitos de uso na Se\u00e7\u00e3o 2.1., o exerc\u00edcio dos direitos da Messer nos termos da Se\u00e7\u00e3o 6.1.<\/p><p>8.4. Este site destina-se a ser utilizado apenas para o Objetivo. O usu\u00e1rio n\u00e3o deve usar este site para qualquer finalidade que seja impr\u00f3pria, ilegal, abusiva, ofensiva, difamat\u00f3ria, obscena ou amea\u00e7adora, ou de qualquer forma ilegal, ou de qualquer outra maneira que possa desabilitar, prejudicar, sobrecarregar ou danificar este site, ou que viola estes Termos. O usu\u00e1rio concorda em notificar imediatamente a Messer por escrito se suspeitar de qualquer atividade ilegal, fraudulenta ou abusiva, ou qualquer atividade que viole estes Termos.<\/p><p><strong>AVISO LEGAL<\/strong><\/p><p>9.1. Em toda a extens\u00e3o permitida por lei, este site, seu conte\u00fado, qualquer software disponibilizado neste site e as informa\u00e7\u00f5es do produto s\u00e3o fornecidos ao usu\u00e1rio \u201ccomo est\u00e3o&#8221; e sem garantias ou representa\u00e7\u00f5es de qualquer tipo, expressas ou impl\u00edcitas. Para evitar d\u00favidas, a Messer n\u00e3o garante ou declara que o Conte\u00fado ou as Informa\u00e7\u00f5es do produto s\u00e3o precisos, completos, corretamente sequenciados, sem erros tipogr\u00e1ficos, confi\u00e1veis ou oportunos, ou que este site ser\u00e1 ininterrupto ou livre de erros, elementos destrutivos, ou v\u00edrus.<\/p><p>9.2. A Messer n\u00e3o \u00e9 respons\u00e1vel por condutas difamat\u00f3rias, ofensivas, ou ilegais de outros usu\u00e1rios deste site ou de terceiros.<\/p><p><strong>LIMITA\u00c7\u00c3O DE DANOS<\/strong><\/p><p>10.1. Em todos os eventos, independentemente do fundamento legal (por exemplo, quebra de contrato ou garantia, neglig\u00eancia, responsabilidade estrita, responsabilidade extracontratual, infra\u00e7\u00e3o, etc.), NEM A MESSER NEM NENHUMA OUTRA PARTE ENVOLVIDA EM CRIAR, PRODUZIR OU ENTREGAR CONTE\u00daDO PARA ESTE SITE \u00c9 RESPONS\u00c1VEL POR QUAISQUER DANOS, INCLUINDO DANOS DIRETOS, ESPECIAIS, INDIRETOS, INCIDENTAIS, EXEMPLARES, CONSEQUENCIAIS OU PERDAS ECON\u00d4MICAS, INCLUINDO QUALQUER PERDA DE NEG\u00d3CIOS, PRODU\u00c7\u00c3O OU LUCROS DECORRENTES DO USO OU DA INCAPACIDADE DE USAR ESTE SITE, O CONTE\u00daDO, O CONTE\u00daDO EM QUALQUER SITE VINCULADO A ESTE SITE OU AS INFORMA\u00c7\u00d5ES DO PRODUTO.<\/p><p>10.2. Se a lei aplic\u00e1vel n\u00e3o permitir as limita\u00e7\u00f5es especificadas na Se\u00e7\u00e3o 10.1, ent\u00e3o o valor total dos danos que o Usu\u00e1rio poder\u00e1 recuperar da Messer resultantes de qualquer ocorr\u00eancia que surja em conex\u00e3o com o uso ou a incapacidade de usar este Site, Conte\u00fado, o conte\u00fado em qualquer site vinculado a este site, ou \u00e0s Informa\u00e7\u00f5es do produto, \u00e9 de um valor em Reais equivalente a US$ 1.000 (mil d\u00f3lares) no total.<\/p><p><strong>INDENIZA\u00c7\u00c3O<\/strong><\/p><p>11.1. O usu\u00e1rio indenizar\u00e1 os funcion\u00e1rios, diretores, executivos, afiliadas e controladoras da Messer por quaisquer danos, incluindo quaisquer custos de lit\u00edgio (por exemplo, honor\u00e1rios de advogados, custos de descoberta, etc.) baseados em qualquer fundamento legal (por exemplo, quebra de contrato ou garantia, neglig\u00eancia, responsabilidade estrita, responsabilidade extracontratual, etc.) que surja em conex\u00e3o com o uso pelo Usu\u00e1rio deste Site ou viola\u00e7\u00e3o destes Termos. A pedido de Messer, o Usu\u00e1rio fornecer\u00e1 \u00e0 Messer, a custo do Usu\u00e1rio, uma defesa legal para qualquer reclama\u00e7\u00e3o de terceiros contra a Messer por quaisquer danos que o Usu\u00e1rio seja respons\u00e1vel nos termos da senten\u00e7a anterior.<\/p><p><strong>ESCOLHA DE DIREITO, JURISDI\u00c7\u00c3O E DIVERSOS<\/strong><\/p><p>12.1. A ren\u00fancia de qualquer viola\u00e7\u00e3o destes Termos n\u00e3o constitui uma ren\u00fancia de qualquer viola\u00e7\u00e3o ou de outra viola\u00e7\u00e3o.<\/p><p>12.2. As leis brasileiras aplic\u00e1veis dever\u00e3o reger todos os assuntos relativos \u00e0 validade, constru\u00e7\u00e3o e efeito destes Termos, sem dar efeito (i) a quaisquer princ\u00edpios ou regras sobre conflito de leis que possam aplicar as leis de outra jurisdi\u00e7\u00e3o ou (ii) \u00e0 Conven\u00e7\u00e3o das Na\u00e7\u00f5es Unidas sobre Contratos de Compra e Venda Internacional de Mercadorias. Todos os lit\u00edgios decorrentes destes Termos ser\u00e3o encaminhados exclusivamente para os tribunais de jurisdi\u00e7\u00e3o competente na jurisdi\u00e7\u00e3o acima, e cada parte irrevogavelmente se submete \u00e0 jurisdi\u00e7\u00e3o exclusiva de tais tribunais.<\/p><p>12.3. Se qualquer cl\u00e1usula nestes Termos for ou tornar-se total ou parcialmente inv\u00e1lida, ilegal ou inexequ\u00edvel, as partes pretendem que tal cl\u00e1usula seja aplicada na medida em que for legal, exequ\u00edvel e v\u00e1lida, e para a validade, legalidade e aplicabilidade das restantes disposi\u00e7\u00f5es a n\u00e3o ser afetada.<\/p><p>12.4. As disposi\u00e7\u00f5es destes Termos relacionados a Propriedade Intelectual, Privacidade, Seguran\u00e7a, Isen\u00e7\u00e3o, Limita\u00e7\u00e3o de Danos e Indeniza\u00e7\u00e3o sobreviver\u00e3o ao t\u00e9rmino ou expira\u00e7\u00e3o destes Termos.<\/p><p>12.5. As partes solicitaram expressamente que estes Termos e quaisquer documentos relacionados sejam redigidos em portugu\u00eas.<\/p><\/div><\/div><\/div><\/div><div class=\"kc-elm kc-css-299107 kc_row kc_row_inner\"><div class=\"kc-elm kc-css-86635 kc_col-sm-12 kc_column_inner kc_col-sm-12\"><div class=\"kc_wrapper kc-col-inner-container\">\u00a0<\/div><\/div><\/div>\t\t\t\t\t\t\t\t<\/div>\n\t\t\t\t<\/div>\n\t\t\t\t\t<\/div>\n\t\t\t\t<\/div>\n\t\t\t\t<\/div>\n\t\t","protected":false},"excerpt":{"rendered":"<p>Termos e Condi\u00e7\u00f5es de Uso Home ESCOPO E DEFINI\u00c7\u00d5ES 1.1. Estes Termos e Condi\u00e7\u00f5es de Uso (\u201cTermos\u201d) regem o acesso e uso deste site. Por favor, leia estes Termos cuidadosamente. Ao acessar ou usar este site, ou clicando para aceitar ou concordar com os Termos de Uso quando esta op\u00e7\u00e3o for disponibilizada para voc\u00ea, Voc\u00ea [&hellip;]<\/p>\n","protected":false},"author":1,"featured_media":0,"parent":3517,"menu_order":0,"comment_status":"closed","ping_status":"closed","template":"","meta":{"footnotes":""},"class_list":["post-12470","page","type-page","status-publish","hentry"],"_links":{"self":[{"href":"https:\/\/www.fabricac.com.br\/messer\/wp-json\/wp\/v2\/pages\/12470","targetHints":{"allow":["GET"]}}],"collection":[{"href":"https:\/\/www.fabricac.com.br\/messer\/wp-json\/wp\/v2\/pages"}],"about":[{"href":"https:\/\/www.fabricac.com.br\/messer\/wp-json\/wp\/v2\/types\/page"}],"author":[{"embeddable":true,"href":"https:\/\/www.fabricac.com.br\/messer\/wp-json\/wp\/v2\/users\/1"}],"replies":[{"embeddable":true,"href":"https:\/\/www.fabricac.com.br\/messer\/wp-json\/wp\/v2\/comments?post=12470"}],"version-history":[{"count":4,"href":"https:\/\/www.fabricac.com.br\/messer\/wp-json\/wp\/v2\/pages\/12470\/revisions"}],"predecessor-version":[{"id":12474,"href":"https:\/\/www.fabricac.com.br\/messer\/wp-json\/wp\/v2\/pages\/12470\/revisions\/12474"}],"up":[{"embeddable":true,"href":"https:\/\/www.fabricac.com.br\/messer\/wp-json\/wp\/v2\/pages\/3517"}],"wp:attachment":[{"href":"https:\/\/www.fabricac.com.br\/messer\/wp-json\/wp\/v2\/media?parent=12470"}],"curies":[{"name":"wp","href":"https:\/\/api.w.org\/{rel}","templated":true}]}}