{"id":6679,"date":"2021-09-07T12:47:27","date_gmt":"2021-09-07T15:47:27","guid":{"rendered":"https:\/\/www.fabricac.com.br\/evento-clorosur\/?post_type=product&#038;p=6679"},"modified":"2021-10-18T09:35:07","modified_gmt":"2021-10-18T12:35:07","slug":"ingresso-unico","status":"publish","type":"product","link":"https:\/\/www.fabricac.com.br\/evento-clorosur\/produto\/ingresso-unico\/","title":{"rendered":"Ingresso \u00danico"},"content":{"rendered":"<ul>\n<li>Ingresso individual, para os dois dias de evento.<\/li>\n<li>Voc\u00ea receber\u00e1 as informa\u00e7\u00f5es em seu e-mail para impress\u00e3o e apresenta\u00e7\u00e3o no dia do evento.<\/li>\n<li>Cada ingresso \u00e9 pessoal e intransfer\u00edvel e deve ser adquirido no nome e CPF do titular.<\/li>\n<\/ul>\n","protected":false},"excerpt":{"rendered":"<ul>\n<li>Ingresso individual, para os dois dias de evento.<\/li>\n<li>Voc\u00ea receber\u00e1 as informa\u00e7\u00f5es em seu e-mail para impress\u00e3o e apresenta\u00e7\u00e3o no dia do evento.<\/li>\n<li>Cada ingresso \u00e9 pessoal e intransfer\u00edvel e deve ser adquirido no nome e CPF do titular.<\/li>\n<\/ul>\n","protected":false},"featured_media":6682,"template":"","meta":[],"product_cat":[73],"product_tag":[],"yoast_head":"<!-- This site is optimized with the Yoast SEO plugin v19.3 - https:\/\/yoast.com\/wordpress\/plugins\/seo\/ -->\n<title>Ingresso \u00danico - Clorosur<\/title>\n<meta name=\"robots\" content=\"index, follow, max-snippet:-1, max-image-preview:large, max-video-preview:-1\" \/>\n<link rel=\"canonical\" href=\"https:\/\/www.fabricac.com.br\/evento-clorosur\/produto\/ingresso-unico\/\" \/>\n<meta property=\"og:locale\" content=\"pt_BR\" \/>\n<meta property=\"og:type\" content=\"article\" \/>\n<meta property=\"og:title\" content=\"Ingresso \u00danico - Clorosur\" \/>\n<meta property=\"og:description\" content=\"Ingresso individual, para os dois dias de evento.  Voc\u00ea receber\u00e1 as informa\u00e7\u00f5es em seu e-mail para impress\u00e3o e apresenta\u00e7\u00e3o no dia do evento.  Cada ingresso \u00e9 pessoal e intransfer\u00edvel e deve ser adquirido no nome e CPF do titular.\" \/>\n<meta property=\"og:url\" content=\"https:\/\/www.fabricac.com.br\/evento-clorosur\/produto\/ingresso-unico\/\" \/>\n<meta property=\"og:site_name\" content=\"Clorosur\" \/>\n<meta property=\"article:modified_time\" content=\"2021-10-18T12:35:07+00:00\" \/>\n<meta property=\"og:image\" content=\"https:\/\/www.fabricac.com.br\/evento-clorosur\/wp-content\/uploads\/2021\/09\/ingressos1.jpg\" \/>\n\t<meta property=\"og:image:width\" content=\"1000\" \/>\n\t<meta property=\"og:image:height\" content=\"1000\" \/>\n\t<meta property=\"og:image:type\" content=\"image\/jpeg\" \/>\n<meta name=\"twitter:card\" content=\"summary_large_image\" \/>\n<meta name=\"twitter:label1\" content=\"Est. tempo de leitura\" \/>\n\t<meta name=\"twitter:data1\" content=\"1 minuto\" \/>\n<script type=\"application\/ld+json\" class=\"yoast-schema-graph\">{\"@context\":\"https:\/\/schema.org\",\"@graph\":[{\"@type\":\"Organization\",\"@id\":\"https:\/\/www.fabricac.com.br\/evento-clorosur\/#organization\",\"name\":\"Clorosur\",\"url\":\"https:\/\/www.fabricac.com.br\/evento-clorosur\/\",\"sameAs\":[],\"logo\":{\"@type\":\"ImageObject\",\"inLanguage\":\"pt-BR\",\"@id\":\"https:\/\/www.fabricac.com.br\/evento-clorosur\/#\/schema\/logo\/image\/\",\"url\":\"https:\/\/www.fabricac.com.br\/evento-clorosur\/wp-content\/uploads\/2022\/07\/cropped-CloroSur-logotipo.png\",\"contentUrl\":\"https:\/\/www.fabricac.com.br\/evento-clorosur\/wp-content\/uploads\/2022\/07\/cropped-CloroSur-logotipo.png\",\"width\":350,\"height\":84,\"caption\":\"Clorosur\"},\"image\":{\"@id\":\"https:\/\/www.fabricac.com.br\/evento-clorosur\/#\/schema\/logo\/image\/\"}},{\"@type\":\"WebSite\",\"@id\":\"https:\/\/www.fabricac.com.br\/evento-clorosur\/#website\",\"url\":\"https:\/\/www.fabricac.com.br\/evento-clorosur\/\",\"name\":\"Clorosur\",\"description\":\"Technical Seminar 2022\",\"publisher\":{\"@id\":\"https:\/\/www.fabricac.com.br\/evento-clorosur\/#organization\"},\"potentialAction\":[{\"@type\":\"SearchAction\",\"target\":{\"@type\":\"EntryPoint\",\"urlTemplate\":\"https:\/\/www.fabricac.com.br\/evento-clorosur\/?s={search_term_string}\"},\"query-input\":\"required name=search_term_string\"}],\"inLanguage\":\"pt-BR\"},{\"@type\":\"ImageObject\",\"inLanguage\":\"pt-BR\",\"@id\":\"https:\/\/www.fabricac.com.br\/evento-clorosur\/produto\/ingresso-unico\/#primaryimage\",\"url\":\"https:\/\/www.fabricac.com.br\/evento-clorosur\/wp-content\/uploads\/2021\/09\/ingressos1.jpg\",\"contentUrl\":\"https:\/\/www.fabricac.com.br\/evento-clorosur\/wp-content\/uploads\/2021\/09\/ingressos1.jpg\",\"width\":1000,\"height\":1000},{\"@type\":\"WebPage\",\"@id\":\"https:\/\/www.fabricac.com.br\/evento-clorosur\/produto\/ingresso-unico\/\",\"url\":\"https:\/\/www.fabricac.com.br\/evento-clorosur\/produto\/ingresso-unico\/\",\"name\":\"Ingresso \u00danico - Clorosur\",\"isPartOf\":{\"@id\":\"https:\/\/www.fabricac.com.br\/evento-clorosur\/#website\"},\"primaryImageOfPage\":{\"@id\":\"https:\/\/www.fabricac.com.br\/evento-clorosur\/produto\/ingresso-unico\/#primaryimage\"},\"datePublished\":\"2021-09-07T15:47:27+00:00\",\"dateModified\":\"2021-10-18T12:35:07+00:00\",\"breadcrumb\":{\"@id\":\"https:\/\/www.fabricac.com.br\/evento-clorosur\/produto\/ingresso-unico\/#breadcrumb\"},\"inLanguage\":\"pt-BR\",\"potentialAction\":[{\"@type\":\"ReadAction\",\"target\":[\"https:\/\/www.fabricac.com.br\/evento-clorosur\/produto\/ingresso-unico\/\"]}]},{\"@type\":\"BreadcrumbList\",\"@id\":\"https:\/\/www.fabricac.com.br\/evento-clorosur\/produto\/ingresso-unico\/#breadcrumb\",\"itemListElement\":[{\"@type\":\"ListItem\",\"position\":1,\"name\":\"In\u00edcio\",\"item\":\"https:\/\/www.fabricac.com.br\/evento-clorosur\/\"},{\"@type\":\"ListItem\",\"position\":2,\"name\":\"\"},{\"@type\":\"ListItem\",\"position\":3,\"name\":\"Ingresso \u00danico\"}]}]}<\/script>\n<!-- \/ Yoast SEO plugin. -->","yoast_head_json":{"title":"Ingresso \u00danico - Clorosur","robots":{"index":"index","follow":"follow","max-snippet":"max-snippet:-1","max-image-preview":"max-image-preview:large","max-video-preview":"max-video-preview:-1"},"canonical":"https:\/\/www.fabricac.com.br\/evento-clorosur\/produto\/ingresso-unico\/","og_locale":"pt_BR","og_type":"article","og_title":"Ingresso \u00danico - Clorosur","og_description":"Ingresso individual, para os dois dias de evento.  Voc\u00ea receber\u00e1 as informa\u00e7\u00f5es em seu e-mail para impress\u00e3o e apresenta\u00e7\u00e3o no dia do evento.  Cada ingresso \u00e9 pessoal e intransfer\u00edvel e deve ser adquirido no nome e CPF do titular.","og_url":"https:\/\/www.fabricac.com.br\/evento-clorosur\/produto\/ingresso-unico\/","og_site_name":"Clorosur","article_modified_time":"2021-10-18T12:35:07+00:00","og_image":[{"width":1000,"height":1000,"url":"https:\/\/www.fabricac.com.br\/evento-clorosur\/wp-content\/uploads\/2021\/09\/ingressos1.jpg","type":"image\/jpeg"}],"twitter_card":"summary_large_image","twitter_misc":{"Est. tempo de leitura":"1 minuto"},"schema":{"@context":"https:\/\/schema.org","@graph":[{"@type":"Organization","@id":"https:\/\/www.fabricac.com.br\/evento-clorosur\/#organization","name":"Clorosur","url":"https:\/\/www.fabricac.com.br\/evento-clorosur\/","sameAs":[],"logo":{"@type":"ImageObject","inLanguage":"pt-BR","@id":"https:\/\/www.fabricac.com.br\/evento-clorosur\/#\/schema\/logo\/image\/","url":"https:\/\/www.fabricac.com.br\/evento-clorosur\/wp-content\/uploads\/2022\/07\/cropped-CloroSur-logotipo.png","contentUrl":"https:\/\/www.fabricac.com.br\/evento-clorosur\/wp-content\/uploads\/2022\/07\/cropped-CloroSur-logotipo.png","width":350,"height":84,"caption":"Clorosur"},"image":{"@id":"https:\/\/www.fabricac.com.br\/evento-clorosur\/#\/schema\/logo\/image\/"}},{"@type":"WebSite","@id":"https:\/\/www.fabricac.com.br\/evento-clorosur\/#website","url":"https:\/\/www.fabricac.com.br\/evento-clorosur\/","name":"Clorosur","description":"Technical Seminar 2022","publisher":{"@id":"https:\/\/www.fabricac.com.br\/evento-clorosur\/#organization"},"potentialAction":[{"@type":"SearchAction","target":{"@type":"EntryPoint","urlTemplate":"https:\/\/www.fabricac.com.br\/evento-clorosur\/?s={search_term_string}"},"query-input":"required name=search_term_string"}],"inLanguage":"pt-BR"},{"@type":"ImageObject","inLanguage":"pt-BR","@id":"https:\/\/www.fabricac.com.br\/evento-clorosur\/produto\/ingresso-unico\/#primaryimage","url":"https:\/\/www.fabricac.com.br\/evento-clorosur\/wp-content\/uploads\/2021\/09\/ingressos1.jpg","contentUrl":"https:\/\/www.fabricac.com.br\/evento-clorosur\/wp-content\/uploads\/2021\/09\/ingressos1.jpg","width":1000,"height":1000},{"@type":"WebPage","@id":"https:\/\/www.fabricac.com.br\/evento-clorosur\/produto\/ingresso-unico\/","url":"https:\/\/www.fabricac.com.br\/evento-clorosur\/produto\/ingresso-unico\/","name":"Ingresso \u00danico - Clorosur","isPartOf":{"@id":"https:\/\/www.fabricac.com.br\/evento-clorosur\/#website"},"primaryImageOfPage":{"@id":"https:\/\/www.fabricac.com.br\/evento-clorosur\/produto\/ingresso-unico\/#primaryimage"},"datePublished":"2021-09-07T15:47:27+00:00","dateModified":"2021-10-18T12:35:07+00:00","breadcrumb":{"@id":"https:\/\/www.fabricac.com.br\/evento-clorosur\/produto\/ingresso-unico\/#breadcrumb"},"inLanguage":"pt-BR","potentialAction":[{"@type":"ReadAction","target":["https:\/\/www.fabricac.com.br\/evento-clorosur\/produto\/ingresso-unico\/"]}]},{"@type":"BreadcrumbList","@id":"https:\/\/www.fabricac.com.br\/evento-clorosur\/produto\/ingresso-unico\/#breadcrumb","itemListElement":[{"@type":"ListItem","position":1,"name":"In\u00edcio","item":"https:\/\/www.fabricac.com.br\/evento-clorosur\/"},{"@type":"ListItem","position":2,"name":""},{"@type":"ListItem","position":3,"name":"Ingresso \u00danico"}]}]}},"_links":{"self":[{"href":"https:\/\/www.fabricac.com.br\/evento-clorosur\/wp-json\/wp\/v2\/product\/6679"}],"collection":[{"href":"https:\/\/www.fabricac.com.br\/evento-clorosur\/wp-json\/wp\/v2\/product"}],"about":[{"href":"https:\/\/www.fabricac.com.br\/evento-clorosur\/wp-json\/wp\/v2\/types\/product"}],"version-history":[{"count":4,"href":"https:\/\/www.fabricac.com.br\/evento-clorosur\/wp-json\/wp\/v2\/product\/6679\/revisions"}],"predecessor-version":[{"id":6930,"href":"https:\/\/www.fabricac.com.br\/evento-clorosur\/wp-json\/wp\/v2\/product\/6679\/revisions\/6930"}],"wp:featuredmedia":[{"embeddable":true,"href":"https:\/\/www.fabricac.com.br\/evento-clorosur\/wp-json\/wp\/v2\/media\/6682"}],"wp:attachment":[{"href":"https:\/\/www.fabricac.com.br\/evento-clorosur\/wp-json\/wp\/v2\/media?parent=6679"}],"wp:term":[{"taxonomy":"product_cat","embeddable":true,"href":"https:\/\/www.fabricac.com.br\/evento-clorosur\/wp-json\/wp\/v2\/product_cat?post=6679"},{"taxonomy":"product_tag","embeddable":true,"href":"https:\/\/www.fabricac.com.br\/evento-clorosur\/wp-json\/wp\/v2\/product_tag?post=6679"}],"curies":[{"name":"wp","href":"https:\/\/api.w.org\/{rel}","templated":true}]}}