{"id":7988,"date":"2022-07-29T14:38:59","date_gmt":"2022-07-29T17:38:59","guid":{"rendered":"https:\/\/www.fabricac.com.br\/evento-clorosur\/?page_id=7988"},"modified":"2022-07-29T15:45:06","modified_gmt":"2022-07-29T18:45:06","slug":"registration","status":"publish","type":"page","link":"https:\/\/www.fabricac.com.br\/evento-clorosur\/registration\/","title":{"rendered":"Registration"},"content":{"rendered":"\t\t<div data-elementor-type=\"wp-page\" data-elementor-id=\"7988\" class=\"elementor elementor-7988\">\n\t\t\t\t\t\t\t\t\t<section class=\"elementor-section elementor-top-section elementor-element elementor-element-6a7c6e1 elementor-section-stretched elementor-section-boxed elementor-section-height-default elementor-section-height-default\" data-id=\"6a7c6e1\" data-element_type=\"section\" data-settings=\"{&quot;animation&quot;:&quot;none&quot;,&quot;stretch_section&quot;:&quot;section-stretched&quot;,&quot;background_background&quot;:&quot;classic&quot;}\">\n\t\t\t\t\t\t<div class=\"elementor-container elementor-column-gap-default\">\n\t\t\t\t\t<div class=\"elementor-column elementor-col-100 elementor-top-column elementor-element elementor-element-3238666\" data-id=\"3238666\" data-element_type=\"column\">\n\t\t\t<div class=\"elementor-widget-wrap elementor-element-populated\">\n\t\t\t\t\t\t\t\t<div class=\"elementor-element elementor-element-d7e7b4a elementor-widget elementor-widget-heading\" data-id=\"d7e7b4a\" data-element_type=\"widget\" data-widget_type=\"heading.default\">\n\t\t\t\t<div class=\"elementor-widget-container\">\n\t\t\t<h2 class=\"elementor-heading-title elementor-size-default\">Registration Fees<\/h2>\t\t<\/div>\n\t\t\t\t<\/div>\n\t\t\t\t\t<\/div>\n\t\t<\/div>\n\t\t\t\t\t\t\t<\/div>\n\t\t<\/section>\n\t\t\t\t<section class=\"elementor-section elementor-top-section elementor-element elementor-element-fa6035d elementor-section-full_width elementor-section-height-default elementor-section-height-default\" data-id=\"fa6035d\" data-element_type=\"section\" data-settings=\"{&quot;animation&quot;:&quot;none&quot;,&quot;background_background&quot;:&quot;classic&quot;}\">\n\t\t\t\t\t\t<div class=\"elementor-container elementor-column-gap-default\">\n\t\t\t\t\t<div class=\"elementor-column elementor-col-100 elementor-top-column elementor-element elementor-element-cbbf488\" data-id=\"cbbf488\" data-element_type=\"column\">\n\t\t\t<div class=\"elementor-widget-wrap elementor-element-populated\">\n\t\t\t\t\t\t\t\t<div class=\"elementor-element elementor-element-d4e1e6c elementor-widget elementor-widget-heading\" data-id=\"d4e1e6c\" data-element_type=\"widget\" data-widget_type=\"heading.default\">\n\t\t\t\t<div class=\"elementor-widget-container\">\n\t\t\t<h2 class=\"elementor-heading-title elementor-size-default\">Clorosur Members<\/h2>\t\t<\/div>\n\t\t\t\t<\/div>\n\t\t\t\t<div class=\"elementor-element elementor-element-5c7df18 elementor-widget elementor-widget-text-editor\" data-id=\"5c7df18\" data-element_type=\"widget\" data-widget_type=\"text-editor.default\">\n\t\t\t\t<div class=\"elementor-widget-container\">\n\t\t\t        <div class=\"elementor-text-editor elementor-clearfix\"><style>table td{padding-left:10px!important;} table {border-collapse: unset!important;}<\/style>\n<table border=\"0\" width=\"100%\" cellspacing=\"5\" cellpadding=\"10\">\n<tbody>\n<tr>\n<td bgcolor=\"#D5EEF7\" width=\"50%\">Before August 31<sup>st<\/sup><\/td>\n<td bgcolor=\"#D5EEF7\" width=\"50%\">US$ 400,00<\/td>\n<\/tr>\n<tr>\n<td bgcolor=\"#D5EEF7\">After August 31<sup>st<\/sup><\/td>\n<td bgcolor=\"#D5EEF7\">US$ 500,00<\/td>\n<\/tr>\n<\/tbody>\n<\/table><\/div>\n        \t\t<\/div>\n\t\t\t\t<\/div>\n\t\t\t\t<div class=\"elementor-element elementor-element-16ed74b elementor-widget elementor-widget-heading\" data-id=\"16ed74b\" data-element_type=\"widget\" data-widget_type=\"heading.default\">\n\t\t\t\t<div class=\"elementor-widget-container\">\n\t\t\t<h2 class=\"elementor-heading-title elementor-size-default\">Non Members<\/h2>\t\t<\/div>\n\t\t\t\t<\/div>\n\t\t\t\t<div class=\"elementor-element elementor-element-b260776 elementor-widget elementor-widget-text-editor\" data-id=\"b260776\" data-element_type=\"widget\" data-widget_type=\"text-editor.default\">\n\t\t\t\t<div class=\"elementor-widget-container\">\n\t\t\t        <div class=\"elementor-text-editor elementor-clearfix\"><p><style>table td{padding-left:10px!important;} table {border-collapse: unset!important;}<\/style><\/p><table border=\"0\" width=\"100%\" cellspacing=\"5\" cellpadding=\"10\"><tbody><tr><td bgcolor=\"#D5EEF7\" width=\"50%\">Before August 31<sup>st<\/sup><\/td><td bgcolor=\"#D5EEF7\" width=\"50%\">US$ 600,00<\/td><\/tr><tr><td bgcolor=\"#D5EEF7\">After August 31<sup>st<\/sup><\/td><td bgcolor=\"#D5EEF7\">US$ 750,00<\/td><\/tr><\/tbody><\/table><\/div>\n        \t\t<\/div>\n\t\t\t\t<\/div>\n\t\t\t\t<div class=\"elementor-element elementor-element-fe22ed1 elementor-widget elementor-widget-heading\" data-id=\"fe22ed1\" data-element_type=\"widget\" data-widget_type=\"heading.default\">\n\t\t\t\t<div class=\"elementor-widget-container\">\n\t\t\t<h2 class=\"elementor-heading-title elementor-size-default\">Hotel accommodation<\/h2>\t\t<\/div>\n\t\t\t\t<\/div>\n\t\t\t\t<div class=\"elementor-element elementor-element-f737ecd elementor-widget elementor-widget-text-editor\" data-id=\"f737ecd\" data-element_type=\"widget\" data-widget_type=\"text-editor.default\">\n\t\t\t\t<div class=\"elementor-widget-container\">\n\t\t\t        <div class=\"elementor-text-editor elementor-clearfix\"><p>Ap. Standard Single \u2013 All inclusive<br \/>Arrival date: Nov. 20 &#8211; 2022<br \/>Departure date: Nov. 23 &#8211; 2022<br \/>US$ 720<\/p><p><strong>(*) The registration fee must be paid along with the hosting fee.<\/strong><\/p><\/div>\n        \t\t<\/div>\n\t\t\t\t<\/div>\n\t\t\t\t<div class=\"elementor-element elementor-element-7e46124 elementor-widget elementor-widget-heading\" data-id=\"7e46124\" data-element_type=\"widget\" data-widget_type=\"heading.default\">\n\t\t\t\t<div class=\"elementor-widget-container\">\n\t\t\t<h2 class=\"elementor-heading-title elementor-size-default\">Preliminary agenda<\/h2>\t\t<\/div>\n\t\t\t\t<\/div>\n\t\t\t\t<div class=\"elementor-element elementor-element-9200a20 elementor-widget elementor-widget-heading\" data-id=\"9200a20\" data-element_type=\"widget\" data-widget_type=\"heading.default\">\n\t\t\t\t<div class=\"elementor-widget-container\">\n\t\t\t<h3 class=\"elementor-heading-title elementor-size-default\">Costa do Sau\u00edpe Resorts - Hotel Premium Sol<\/h3>\t\t<\/div>\n\t\t\t\t<\/div>\n\t\t\t\t<div class=\"elementor-element elementor-element-77b1ab7 elementor-widget elementor-widget-text-editor\" data-id=\"77b1ab7\" data-element_type=\"widget\" data-widget_type=\"text-editor.default\">\n\t\t\t\t<div class=\"elementor-widget-container\">\n\t\t\t        <div class=\"elementor-text-editor elementor-clearfix\"><style>table td{padding-left:10px!important;} table {border-collapse: unset!important;}<\/style>\n<table border=\"0\" cellspacing=\"3\" cellpadding=\"10\" width=\"100%\">\n  <tr>\n    <td width=\"15%\" bgcolor=\"#F8EFD3\"><p align=\"center\">Nov. 20, 2022<\/p><\/td>\n    <td width=\"20%\" bgcolor=\"#F8EFD3\"><p align=\"center\">04:00 PM \u2013 06:00 PM<\/p><\/td>\n    <td width=\"65%\" bgcolor=\"#F8EFD3\"><p>Arrival at    the Hotel Costa do Sau\u00edpe &#8211; Ala Sol \/ Badge delivery <\/p><\/td>\n  <\/tr>\n  <tr>\n    <td bgcolor=\"#F8EFD3\"><p align=\"center\">Nov. 21, 2022<\/p><\/td>\n    <td bgcolor=\"#F8EFD3\"><p align=\"center\">08:00 PM \u2013 12:00 NOON<\/p><\/td>\n    <td bgcolor=\"#F8EFD3\"><p>Visit to the Plant \u2013 Producer<\/p><\/td>\n  <\/tr>\n  <tr>\n    <td bgcolor=\"#F8EFD3\"><p align=\"center\">Nov. 21, 2022<\/p><\/td>\n    <td bgcolor=\"#F8EFD3\"><p align=\"center\">02:00 PM \u2013 05:00 PM<\/p><\/td>\n    <td bgcolor=\"#F8EFD3\"><p>Mercury    Workshop (mercury process producers only) <\/p><\/td>\n  <\/tr>\n  <tr>\n    <td bgcolor=\"#F8EFD3\"><p align=\"center\">Nov. 21, 2022<\/p><\/td>\n    <td bgcolor=\"#F8EFD3\"><p align=\"center\">07:30 PM \u2013 09:30 PM<\/p><\/td>\n    <td bgcolor=\"#F8EFD3\"><p>Welcome    Cocktail (Costa do Sau\u00edpe &#8211; Ala Terra &#8211; Tower Pool)<\/p><\/td>\n  <\/tr>\n  <tr>\n    <td bgcolor=\"#F8EFD3\"><p align=\"center\">Nov. 22, 2022<\/p><\/td>\n    <td bgcolor=\"#F8EFD3\"><p align=\"center\">08:00 AM \u2013 06:00 PM<\/p><\/td>\n    <td bgcolor=\"#F8EFD3\"><p>Technical    Seminar (Costa do Sau\u00edpe &#8211; Ala Sol \u2013 Room\u00a0    Ouro Preto)<\/p><\/td>\n  <\/tr>\n  <tr>\n    <td bgcolor=\"#F8EFD3\"><p align=\"center\">Nov. 22, 2022<\/p><\/td>\n    <td bgcolor=\"#F8EFD3\"><p align=\"center\">07:00 PM \u2013 10:00 PM<\/p><\/td>\n    <td bgcolor=\"#F8EFD3\"><p>Dinner at    the Costa do Sau\u00edpe &#8211; Ala Terra &#8211; Restaurant Ba\u00eaa<\/p><\/td>\n  <\/tr>\n  <tr>\n    <td bgcolor=\"#F8EFD3\"><p align=\"center\">Nov. 23, 2022<\/p><\/td>\n    <td bgcolor=\"#F8EFD3\"><p align=\"center\">08:00 AM \u2013 06:00 PM<\/p><\/td>\n    <td bgcolor=\"#F8EFD3\"><p>Safety Workshop (Sustainability) \n      \u00a0&#8211; Costa do Sau\u00edpe &#8211; Ala Sol \u2013 Room Ouro    Preto<\/p><\/td>\n  <\/tr>\n<\/table><\/div>\n        \t\t<\/div>\n\t\t\t\t<\/div>\n\t\t\t\t<div class=\"elementor-element elementor-element-7b67304 elementor-widget elementor-widget-heading\" data-id=\"7b67304\" data-element_type=\"widget\" data-widget_type=\"heading.default\">\n\t\t\t\t<div class=\"elementor-widget-container\">\n\t\t\t<h2 class=\"elementor-heading-title elementor-size-default\">Exhibitor<\/h2>\t\t<\/div>\n\t\t\t\t<\/div>\n\t\t\t\t<div class=\"elementor-element elementor-element-f8b1d74 elementor-widget elementor-widget-text-editor\" data-id=\"f8b1d74\" data-element_type=\"widget\" data-widget_type=\"text-editor.default\">\n\t\t\t\t<div class=\"elementor-widget-container\">\n\t\t\t        <div class=\"elementor-text-editor elementor-clearfix\"><p><strong>Table-Top Expo &#8211; US$ 2,000 (*)<br \/><\/strong>(Costa do Sau\u00edpe &#8211; Ala Sol \u2013 Room Ouro Preto)<\/p><p><strong>(*)<\/strong><strong> The exhibitor that is Clorosur Membership will be entitled to an inscription, individual and non-transferable.<\/strong><\/p><\/div>\n        \t\t<\/div>\n\t\t\t\t<\/div>\n\t\t\t\t<div class=\"elementor-element elementor-element-cb5d467 elementor-widget elementor-widget-heading\" data-id=\"cb5d467\" data-element_type=\"widget\" data-widget_type=\"heading.default\">\n\t\t\t\t<div class=\"elementor-widget-container\">\n\t\t\t<h2 class=\"elementor-heading-title elementor-size-default\">Payment by BANK DEPOSIT    <\/h2>\t\t<\/div>\n\t\t\t\t<\/div>\n\t\t\t\t<div class=\"elementor-element elementor-element-9da5587 elementor-widget elementor-widget-text-editor\" data-id=\"9da5587\" data-element_type=\"widget\" data-widget_type=\"text-editor.default\">\n\t\t\t\t<div class=\"elementor-widget-container\">\n\t\t\t        <div class=\"elementor-text-editor elementor-clearfix\"><p><b>Beneficiary Bank: Banco Santander (Brasil) S.A.<\/b><br \/><span style=\"font-size: 1rem;\">Beneficiary name:\u00a0 Associa\u00e7\u00e3o Latino Americana da Ind\u00fastria de Cloro, \u00c1lcalis e Derivados \u2013 CLOROSUR \u2013 CNPJ 02.876.284\/0001-00. <br \/>Avenida Chedid Jafet, 222 \u2013 Bloco C \u2013 4\u00ba andar \u2013 CEP 04551065 &#8211; S\u00e3o Paulo \u2013 SP \u2013 Brasil.<br \/><\/span><span style=\"font-size: 1rem;\">Ag\u00eancia n\u00ba 3984 \u2013 Conta n\u00ba 13.000025-3.<br \/><strong>Currency: USD<\/strong><br \/><br \/><\/span><\/p><\/div>\n        \t\t<\/div>\n\t\t\t\t<\/div>\n\t\t\t\t<section class=\"elementor-section elementor-inner-section elementor-element elementor-element-6cfb8c4 elementor-section-boxed elementor-section-height-default elementor-section-height-default\" data-id=\"6cfb8c4\" data-element_type=\"section\">\n\t\t\t\t\t\t<div class=\"elementor-container elementor-column-gap-default\">\n\t\t\t\t\t<div class=\"elementor-column elementor-col-100 elementor-inner-column elementor-element elementor-element-b138c2b\" data-id=\"b138c2b\" data-element_type=\"column\">\n\t\t\t<div class=\"elementor-widget-wrap elementor-element-populated\">\n\t\t\t\t\t\t\t\t<div class=\"elementor-element elementor-element-a821745 elementor-widget elementor-widget-heading\" data-id=\"a821745\" data-element_type=\"widget\" data-widget_type=\"heading.default\">\n\t\t\t\t<div class=\"elementor-widget-container\">\n\t\t\t<h2 class=\"elementor-heading-title elementor-size-default\">Please, a copy of the bank deposit receipt must be sent.<\/h2>\t\t<\/div>\n\t\t\t\t<\/div>\n\t\t\t\t<div class=\"elementor-element elementor-element-201d28f elementor-wpcf7-button-primary elementor-wpcf7-button-md elementor-widget elementor-widget-opal-contactform7\" data-id=\"201d28f\" data-element_type=\"widget\" data-widget_type=\"opal-contactform7.default\">\n\t\t\t\t<div class=\"elementor-widget-container\">\n\t\t\t<div role=\"form\" class=\"wpcf7\" id=\"wpcf7-f8007-o1\" lang=\"en-US\" dir=\"ltr\">\n<div class=\"screen-reader-response\"><p role=\"status\" aria-live=\"polite\" aria-atomic=\"true\"><\/p> <ul><\/ul><\/div>\n<form action=\"\/evento-clorosur\/wp-json\/wp\/v2\/pages\/7988#wpcf7-f8007-o1\" method=\"post\" class=\"wpcf7-form init\" enctype=\"multipart\/form-data\" novalidate=\"novalidate\" data-status=\"init\">\n<div style=\"display: none;\">\n<input type=\"hidden\" name=\"_wpcf7\" value=\"8007\" \/>\n<input type=\"hidden\" name=\"_wpcf7_version\" value=\"5.6.1\" \/>\n<input type=\"hidden\" name=\"_wpcf7_locale\" value=\"en_US\" \/>\n<input type=\"hidden\" name=\"_wpcf7_unit_tag\" value=\"wpcf7-f8007-o1\" \/>\n<input type=\"hidden\" name=\"_wpcf7_container_post\" value=\"0\" \/>\n<input type=\"hidden\" name=\"_wpcf7_posted_data_hash\" value=\"\" \/>\n<\/div>\n<div class=\"row\">\n<div class=\"col-md-12\">\n<div class=\"mb-3\">\n<span class=\"wpcf7-form-control-wrap\" data-name=\"your-company\"><input type=\"text\" name=\"your-company\" value=\"\" size=\"40\" class=\"wpcf7-form-control wpcf7-text wpcf7-validates-as-required\" aria-required=\"true\" aria-invalid=\"false\" placeholder=\"Company\" \/><\/span>\n<\/div>\n<\/div>\n<\/div>\n<div class=\"row\">\n<div class=\"col-md-12\">\n<div class=\"mb-3\">\n<span class=\"wpcf7-form-control-wrap\" data-name=\"your-participant\"><input type=\"text\" name=\"your-participant\" value=\"\" size=\"40\" class=\"wpcf7-form-control wpcf7-text wpcf7-validates-as-required\" aria-required=\"true\" aria-invalid=\"false\" placeholder=\"Participant\" \/><\/span>\n<\/div>\n<\/div>\n<\/div>\n<div class=\"row\">\n<div class=\"col-md-12\">\n<div class=\"mb-3\">\nExhibitor: <span class=\"wpcf7-form-control-wrap\" data-name=\"radio-442\"><span class=\"wpcf7-form-control wpcf7-radio\"><span class=\"wpcf7-list-item first\"><label><input type=\"radio\" name=\"radio-442\" value=\"Yes\" checked=\"checked\" \/><span class=\"wpcf7-list-item-label\">Yes<\/span><\/label><\/span><span class=\"wpcf7-list-item last\"><label><input type=\"radio\" name=\"radio-442\" value=\"No\" \/><span class=\"wpcf7-list-item-label\">No<\/span><\/label><\/span><\/span><\/span>\n<\/div>\n<\/div>\n<\/div>\n<div class=\"row\">\n<div class=\"col-md-12\">\n<div class=\"mb-3\">\n<span class=\"wpcf7-form-control-wrap\" data-name=\"file-910\"><input type=\"file\" name=\"file-910\" size=\"40\" class=\"wpcf7-form-control wpcf7-file wpcf7-validates-as-required\" accept=\".jpg,.pdf\" aria-required=\"true\" aria-invalid=\"false\" \/><\/span>\n<\/div>\n<\/div>\n<\/div>\n<div class=\"row\">\n<div class=\"col-md-12\">\n<div align=\"center\" style=\"margin:15px 0\"><button type=\"submit\" value=\"Submit\">ENVIAR<\/button><\/div>\n<\/div>\n<\/div>\n<div class=\"wpcf7-response-output\" aria-hidden=\"true\"><\/div><\/form><\/div>\t\t<\/div>\n\t\t\t\t<\/div>\n\t\t\t\t\t<\/div>\n\t\t<\/div>\n\t\t\t\t\t\t\t<\/div>\n\t\t<\/section>\n\t\t\t\t<div class=\"elementor-element elementor-element-2b013bd elementor-widget elementor-widget-heading\" data-id=\"2b013bd\" data-element_type=\"widget\" data-widget_type=\"heading.default\">\n\t\t\t\t<div class=\"elementor-widget-container\">\n\t\t\t<h2 class=\"elementor-heading-title elementor-size-default\">Payment by CREDIT CARD<\/h2>\t\t<\/div>\n\t\t\t\t<\/div>\n\t\t\t\t<div class=\"elementor-element elementor-element-bf1f015 elementor-widget elementor-widget-text-editor\" data-id=\"bf1f015\" data-element_type=\"widget\" data-widget_type=\"text-editor.default\">\n\t\t\t\t<div class=\"elementor-widget-container\">\n\t\t\t        <div class=\"elementor-text-editor elementor-clearfix\"><p>Access the link below<\/p><\/div>\n        \t\t<\/div>\n\t\t\t\t<\/div>\n\t\t\t\t<div class=\"elementor-element elementor-element-dfd1446 elementor-align-center elementor-button-primary elementor-widget elementor-widget-button\" data-id=\"dfd1446\" data-element_type=\"widget\" data-widget_type=\"button.default\">\n\t\t\t\t<div class=\"elementor-widget-container\">\n\t\t\t        <div class=\"elementor-button-wrapper\">\n            <a href=\"https:\/\/reloadviagens.webflow.io\/12-clorosur\" class=\"elementor-button-link elementor-button elementor-size-md\" target=\"_blank\" role=\"button\">\n                \t\t<span class=\"elementor-button-content-wrapper\">\n\t\t\t\t\t\t\t<span class=\"elementor-button-icon elementor-align-icon-right\">\n\t\t\t\t\t\t\t\t\t<i class=\"opal-icon-long-arrow-right\" aria-hidden=\"true\"><\/i>\n\t\t\t\t\t\t\t<\/span>\n\t\t\t\t\t\t<span class=\"elementor-button-text\">Click here to pay by credit card<\/span>\n\t\t<\/span>\n\t\t            <\/a>\n        <\/div>\n        \t\t<\/div>\n\t\t\t\t<\/div>\n\t\t\t\t\t<\/div>\n\t\t<\/div>\n\t\t\t\t\t\t\t<\/div>\n\t\t<\/section>\n\t\t\t\t\t\t\t<\/div>\n\t\t","protected":false},"excerpt":{"rendered":"<p>Registration Fees Clorosur Members Before August 31st US$ 400,00 After August 31st US$ 500,00 Non Members Before August 31st US$ 600,00 After August 31st US$ 750,00 Hotel accommodation Ap. Standard Single \u2013 All inclusiveArrival date: Nov. 20 &#8211; 2022Departure date: Nov. 23 &#8211; 2022US$ 720 (*) The registration fee must be paid along with the &hellip; <\/p>\n<p class=\"link-more\"><a href=\"https:\/\/www.fabricac.com.br\/evento-clorosur\/registration\/\" class=\"more-link\">Read More <span class=\"screen-reader-text\"> &#8220;Registration&#8221;<\/span><\/a><\/p>\n","protected":false},"author":1,"featured_media":0,"parent":0,"menu_order":0,"comment_status":"closed","ping_status":"closed","template":"elementor_header_footer","meta":[],"yoast_head":"<!-- This site is optimized with the Yoast SEO plugin v19.3 - https:\/\/yoast.com\/wordpress\/plugins\/seo\/ -->\n<title>Registration - Clorosur<\/title>\n<meta name=\"robots\" content=\"index, follow, max-snippet:-1, max-image-preview:large, max-video-preview:-1\" \/>\n<link rel=\"canonical\" href=\"https:\/\/www.fabricac.com.br\/evento-clorosur\/registration\/\" \/>\n<meta property=\"og:locale\" content=\"pt_BR\" \/>\n<meta property=\"og:type\" content=\"article\" \/>\n<meta property=\"og:title\" content=\"Registration - Clorosur\" \/>\n<meta property=\"og:description\" content=\"Registration Fees Clorosur Members Before August 31st US$ 400,00 After August 31st US$ 500,00 Non Members Before August 31st US$ 600,00 After August 31st US$ 750,00 Hotel accommodation Ap. Standard Single \u2013 All inclusiveArrival date: Nov. 20 &#8211; 2022Departure date: Nov. 23 &#8211; 2022US$ 720 (*) The registration fee must be paid along with the &hellip; Read More &quot;Registration&quot;\" \/>\n<meta property=\"og:url\" content=\"https:\/\/www.fabricac.com.br\/evento-clorosur\/registration\/\" \/>\n<meta property=\"og:site_name\" content=\"Clorosur\" \/>\n<meta property=\"article:modified_time\" content=\"2022-07-29T18:45:06+00:00\" \/>\n<meta name=\"twitter:card\" content=\"summary_large_image\" \/>\n<meta name=\"twitter:label1\" content=\"Est. tempo de leitura\" \/>\n\t<meta name=\"twitter:data1\" content=\"2 minutos\" \/>\n<script type=\"application\/ld+json\" class=\"yoast-schema-graph\">{\"@context\":\"https:\/\/schema.org\",\"@graph\":[{\"@type\":\"Organization\",\"@id\":\"https:\/\/www.fabricac.com.br\/evento-clorosur\/#organization\",\"name\":\"Clorosur\",\"url\":\"https:\/\/www.fabricac.com.br\/evento-clorosur\/\",\"sameAs\":[],\"logo\":{\"@type\":\"ImageObject\",\"inLanguage\":\"pt-BR\",\"@id\":\"https:\/\/www.fabricac.com.br\/evento-clorosur\/#\/schema\/logo\/image\/\",\"url\":\"https:\/\/www.fabricac.com.br\/evento-clorosur\/wp-content\/uploads\/2022\/07\/cropped-CloroSur-logotipo.png\",\"contentUrl\":\"https:\/\/www.fabricac.com.br\/evento-clorosur\/wp-content\/uploads\/2022\/07\/cropped-CloroSur-logotipo.png\",\"width\":350,\"height\":84,\"caption\":\"Clorosur\"},\"image\":{\"@id\":\"https:\/\/www.fabricac.com.br\/evento-clorosur\/#\/schema\/logo\/image\/\"}},{\"@type\":\"WebSite\",\"@id\":\"https:\/\/www.fabricac.com.br\/evento-clorosur\/#website\",\"url\":\"https:\/\/www.fabricac.com.br\/evento-clorosur\/\",\"name\":\"Clorosur\",\"description\":\"Technical Seminar 2022\",\"publisher\":{\"@id\":\"https:\/\/www.fabricac.com.br\/evento-clorosur\/#organization\"},\"potentialAction\":[{\"@type\":\"SearchAction\",\"target\":{\"@type\":\"EntryPoint\",\"urlTemplate\":\"https:\/\/www.fabricac.com.br\/evento-clorosur\/?s={search_term_string}\"},\"query-input\":\"required name=search_term_string\"}],\"inLanguage\":\"pt-BR\"},{\"@type\":\"WebPage\",\"@id\":\"https:\/\/www.fabricac.com.br\/evento-clorosur\/registration\/\",\"url\":\"https:\/\/www.fabricac.com.br\/evento-clorosur\/registration\/\",\"name\":\"Registration - Clorosur\",\"isPartOf\":{\"@id\":\"https:\/\/www.fabricac.com.br\/evento-clorosur\/#website\"},\"datePublished\":\"2022-07-29T17:38:59+00:00\",\"dateModified\":\"2022-07-29T18:45:06+00:00\",\"breadcrumb\":{\"@id\":\"https:\/\/www.fabricac.com.br\/evento-clorosur\/registration\/#breadcrumb\"},\"inLanguage\":\"pt-BR\",\"potentialAction\":[{\"@type\":\"ReadAction\",\"target\":[\"https:\/\/www.fabricac.com.br\/evento-clorosur\/registration\/\"]}]},{\"@type\":\"BreadcrumbList\",\"@id\":\"https:\/\/www.fabricac.com.br\/evento-clorosur\/registration\/#breadcrumb\",\"itemListElement\":[{\"@type\":\"ListItem\",\"position\":1,\"name\":\"In\u00edcio\",\"item\":\"https:\/\/www.fabricac.com.br\/evento-clorosur\/\"},{\"@type\":\"ListItem\",\"position\":2,\"name\":\"Registration\"}]}]}<\/script>\n<!-- \/ Yoast SEO plugin. -->","yoast_head_json":{"title":"Registration - Clorosur","robots":{"index":"index","follow":"follow","max-snippet":"max-snippet:-1","max-image-preview":"max-image-preview:large","max-video-preview":"max-video-preview:-1"},"canonical":"https:\/\/www.fabricac.com.br\/evento-clorosur\/registration\/","og_locale":"pt_BR","og_type":"article","og_title":"Registration - Clorosur","og_description":"Registration Fees Clorosur Members Before August 31st US$ 400,00 After August 31st US$ 500,00 Non Members Before August 31st US$ 600,00 After August 31st US$ 750,00 Hotel accommodation Ap. Standard Single \u2013 All inclusiveArrival date: Nov. 20 &#8211; 2022Departure date: Nov. 23 &#8211; 2022US$ 720 (*) The registration fee must be paid along with the &hellip; Read More \"Registration\"","og_url":"https:\/\/www.fabricac.com.br\/evento-clorosur\/registration\/","og_site_name":"Clorosur","article_modified_time":"2022-07-29T18:45:06+00:00","twitter_card":"summary_large_image","twitter_misc":{"Est. tempo de leitura":"2 minutos"},"schema":{"@context":"https:\/\/schema.org","@graph":[{"@type":"Organization","@id":"https:\/\/www.fabricac.com.br\/evento-clorosur\/#organization","name":"Clorosur","url":"https:\/\/www.fabricac.com.br\/evento-clorosur\/","sameAs":[],"logo":{"@type":"ImageObject","inLanguage":"pt-BR","@id":"https:\/\/www.fabricac.com.br\/evento-clorosur\/#\/schema\/logo\/image\/","url":"https:\/\/www.fabricac.com.br\/evento-clorosur\/wp-content\/uploads\/2022\/07\/cropped-CloroSur-logotipo.png","contentUrl":"https:\/\/www.fabricac.com.br\/evento-clorosur\/wp-content\/uploads\/2022\/07\/cropped-CloroSur-logotipo.png","width":350,"height":84,"caption":"Clorosur"},"image":{"@id":"https:\/\/www.fabricac.com.br\/evento-clorosur\/#\/schema\/logo\/image\/"}},{"@type":"WebSite","@id":"https:\/\/www.fabricac.com.br\/evento-clorosur\/#website","url":"https:\/\/www.fabricac.com.br\/evento-clorosur\/","name":"Clorosur","description":"Technical Seminar 2022","publisher":{"@id":"https:\/\/www.fabricac.com.br\/evento-clorosur\/#organization"},"potentialAction":[{"@type":"SearchAction","target":{"@type":"EntryPoint","urlTemplate":"https:\/\/www.fabricac.com.br\/evento-clorosur\/?s={search_term_string}"},"query-input":"required name=search_term_string"}],"inLanguage":"pt-BR"},{"@type":"WebPage","@id":"https:\/\/www.fabricac.com.br\/evento-clorosur\/registration\/","url":"https:\/\/www.fabricac.com.br\/evento-clorosur\/registration\/","name":"Registration - Clorosur","isPartOf":{"@id":"https:\/\/www.fabricac.com.br\/evento-clorosur\/#website"},"datePublished":"2022-07-29T17:38:59+00:00","dateModified":"2022-07-29T18:45:06+00:00","breadcrumb":{"@id":"https:\/\/www.fabricac.com.br\/evento-clorosur\/registration\/#breadcrumb"},"inLanguage":"pt-BR","potentialAction":[{"@type":"ReadAction","target":["https:\/\/www.fabricac.com.br\/evento-clorosur\/registration\/"]}]},{"@type":"BreadcrumbList","@id":"https:\/\/www.fabricac.com.br\/evento-clorosur\/registration\/#breadcrumb","itemListElement":[{"@type":"ListItem","position":1,"name":"In\u00edcio","item":"https:\/\/www.fabricac.com.br\/evento-clorosur\/"},{"@type":"ListItem","position":2,"name":"Registration"}]}]}},"_links":{"self":[{"href":"https:\/\/www.fabricac.com.br\/evento-clorosur\/wp-json\/wp\/v2\/pages\/7988"}],"collection":[{"href":"https:\/\/www.fabricac.com.br\/evento-clorosur\/wp-json\/wp\/v2\/pages"}],"about":[{"href":"https:\/\/www.fabricac.com.br\/evento-clorosur\/wp-json\/wp\/v2\/types\/page"}],"author":[{"embeddable":true,"href":"https:\/\/www.fabricac.com.br\/evento-clorosur\/wp-json\/wp\/v2\/users\/1"}],"replies":[{"embeddable":true,"href":"https:\/\/www.fabricac.com.br\/evento-clorosur\/wp-json\/wp\/v2\/comments?post=7988"}],"version-history":[{"count":17,"href":"https:\/\/www.fabricac.com.br\/evento-clorosur\/wp-json\/wp\/v2\/pages\/7988\/revisions"}],"predecessor-version":[{"id":8014,"href":"https:\/\/www.fabricac.com.br\/evento-clorosur\/wp-json\/wp\/v2\/pages\/7988\/revisions\/8014"}],"wp:attachment":[{"href":"https:\/\/www.fabricac.com.br\/evento-clorosur\/wp-json\/wp\/v2\/media?parent=7988"}],"curies":[{"name":"wp","href":"https:\/\/api.w.org\/{rel}","templated":true}]}}