{"id":9516,"date":"2022-09-02T15:14:09","date_gmt":"2022-09-02T18:14:09","guid":{"rendered":"https:\/\/www.fabricac.com.br\/clorosur2\/?page_id=9516"},"modified":"2022-09-02T15:15:43","modified_gmt":"2022-09-02T18:15:43","slug":"hipoclorito-de-sodio","status":"publish","type":"page","link":"https:\/\/www.fabricac.com.br\/clorosur2\/es\/hipoclorito-de-sodio\/","title":{"rendered":"Hipoclorito de Sodio"},"content":{"rendered":"\t\t<div data-elementor-type=\"wp-page\" data-elementor-id=\"9516\" class=\"elementor elementor-9516\">\n\t\t\t\t\t\t\t\t\t<section class=\"elementor-section elementor-top-section elementor-element elementor-element-6a7c6e1 elementor-section-stretched elementor-section-boxed elementor-section-height-default elementor-section-height-default\" data-id=\"6a7c6e1\" data-element_type=\"section\" data-settings=\"{&quot;animation&quot;:&quot;none&quot;,&quot;stretch_section&quot;:&quot;section-stretched&quot;,&quot;background_background&quot;:&quot;classic&quot;}\">\n\t\t\t\t\t\t<div class=\"elementor-container elementor-column-gap-default\">\n\t\t\t\t\t<div class=\"elementor-column elementor-col-100 elementor-top-column elementor-element elementor-element-3238666\" data-id=\"3238666\" data-element_type=\"column\">\n\t\t\t<div class=\"elementor-widget-wrap elementor-element-populated\">\n\t\t\t\t\t\t\t\t<div class=\"elementor-element elementor-element-be52f42 elementor-widget elementor-widget-heading\" data-id=\"be52f42\" data-element_type=\"widget\" data-widget_type=\"heading.default\">\n\t\t\t\t<div class=\"elementor-widget-container\">\n\t\t\t<h1 class=\"elementor-heading-title elementor-size-default\">Hipoclorito de sodio<\/h1>\t\t<\/div>\n\t\t\t\t<\/div>\n\t\t\t\t<div class=\"elementor-element elementor-element-f347f3e elementor-widget elementor-widget-text-editor\" data-id=\"f347f3e\" data-element_type=\"widget\" data-widget_type=\"text-editor.default\">\n\t\t\t\t<div class=\"elementor-widget-container\">\n\t\t\t        <div class=\"elementor-text-editor elementor-clearfix\"><p><a href=\"https:\/\/www.fabricac.com.br\/clorosur2\/es\/\">Home<\/a> &gt; Salud y Seguridad<\/p><\/div>\n        \t\t<\/div>\n\t\t\t\t<\/div>\n\t\t\t\t\t<\/div>\n\t\t<\/div>\n\t\t\t\t\t\t\t<\/div>\n\t\t<\/section>\n\t\t\t\t<section class=\"elementor-section elementor-top-section elementor-element elementor-element-c162531 elementor-section-stretched elementor-section-boxed elementor-section-height-default elementor-section-height-default\" data-id=\"c162531\" data-element_type=\"section\" data-settings=\"{&quot;stretch_section&quot;:&quot;section-stretched&quot;,&quot;background_background&quot;:&quot;classic&quot;,&quot;animation&quot;:&quot;none&quot;}\">\n\t\t\t\t\t\t<div class=\"elementor-container elementor-column-gap-default\">\n\t\t\t\t\t<div class=\"elementor-column elementor-col-100 elementor-top-column elementor-element elementor-element-581d056\" data-id=\"581d056\" data-element_type=\"column\">\n\t\t\t<div class=\"elementor-widget-wrap elementor-element-populated\">\n\t\t\t\t\t\t\t\t<div class=\"elementor-element elementor-element-1b3366e elementor-widget elementor-widget-text-editor\" data-id=\"1b3366e\" data-element_type=\"widget\" data-widget_type=\"text-editor.default\">\n\t\t\t\t<div class=\"elementor-widget-container\">\n\t\t\t        <div class=\"elementor-text-editor elementor-clearfix\"><p>Es un producto obtenido de la reacci\u00f3n del cloro con una soluci\u00f3n diluida de soda c\u00e1ustica, acuosa y alcalina, que contiene entre un 10 y un 13% de cloro activo. Su coloraci\u00f3n es amarillenta y su olor, caracter\u00edstico.<\/p><p>En el comercio, el hipoclorito de sodio se encuentra tradicionalmente en bidones de 20 a 50 litros. Tambi\u00e9n se le conoce con los nombres de \u201chipo\u201d, \u201ccloro l\u00edquido\u201d o simplemente \u201ccloro\u201d. Los dos \u00faltimos son inapropiados, ya que \u201ccloro\u201d es, de hecho, el nombre de otro producto.<\/p><p>El hipoclorito de sodio se ha utilizado para la desinfecci\u00f3n de aguas destinadas al consumo humano, piscinas y en procesos de limpieza dom\u00e9sticos y hospitalarios. Tambi\u00e9n se utiliza como materia prima para la fabricaci\u00f3n de lej\u00eda o lavandina.<\/p><p>El producto tiene una caracter\u00edstica a tener en cuenta en cualquiera de las aplicaciones mencionadas anteriormente: es inestable en su forma concentrada (13% de cloro activo), por lo que pierde parte de su eficacia con el tiempo. Esta p\u00e9rdida puede ser inicialmente de 0,2% a 0,3% por d\u00eda y posteriormente disminuye.<\/p><p>Atenci\u00f3n: el uso de hipoclorito de sodio concentrado solo debe realizarse bajo la supervisi\u00f3n de un t\u00e9cnico calificado.<\/p><\/div>\n        \t\t<\/div>\n\t\t\t\t<\/div>\n\t\t\t\t\t<\/div>\n\t\t<\/div>\n\t\t\t\t\t\t\t<\/div>\n\t\t<\/section>\n\t\t\t\t\t\t\t<\/div>\n\t\t<!-- AddThis Advanced Settings generic via filter on the_content --><!-- AddThis Share Buttons generic via filter on the_content -->","protected":false},"excerpt":{"rendered":"<p>Hipoclorito de sodio Home &gt; Salud y Seguridad Es un producto obtenido de la reacci\u00f3n del cloro con una soluci\u00f3n diluida de soda c\u00e1ustica, acuosa y alcalina, que contiene entre un 10 y un 13% de cloro activo. Su coloraci\u00f3n es amarillenta y su olor, caracter\u00edstico. En el comercio, el hipoclorito de sodio se encuentra [&hellip;]<!-- AddThis Advanced Settings generic via filter on get_the_excerpt --><!-- AddThis Share Buttons generic via filter on get_the_excerpt --><\/p>\n","protected":false},"author":1,"featured_media":0,"parent":9141,"menu_order":0,"comment_status":"closed","ping_status":"closed","template":"elementor_header_footer","meta":{"inline_featured_image":false},"yoast_head":"<!-- This site is optimized with the Yoast SEO plugin v19.10 - https:\/\/yoast.com\/wordpress\/plugins\/seo\/ -->\n<title>Hipoclorito de Sodio - Clorosur<\/title>\n<meta name=\"robots\" content=\"index, follow, max-snippet:-1, max-image-preview:large, max-video-preview:-1\" \/>\n<link rel=\"canonical\" href=\"https:\/\/www.fabricac.com.br\/clorosur2\/es\/hipoclorito-de-sodio\/\" \/>\n<meta property=\"og:locale\" content=\"es_ES\" \/>\n<meta property=\"og:type\" content=\"article\" \/>\n<meta property=\"og:title\" content=\"Hipoclorito de Sodio - Clorosur\" \/>\n<meta property=\"og:description\" content=\"Hipoclorito de sodio Home &gt; Salud y Seguridad Es un producto obtenido de la reacci\u00f3n del cloro con una soluci\u00f3n diluida de soda c\u00e1ustica, acuosa y alcalina, que contiene entre un 10 y un 13% de cloro activo. Su coloraci\u00f3n es amarillenta y su olor, caracter\u00edstico. En el comercio, el hipoclorito de sodio se encuentra [&hellip;]\" \/>\n<meta property=\"og:url\" content=\"https:\/\/www.fabricac.com.br\/clorosur2\/es\/hipoclorito-de-sodio\/\" \/>\n<meta property=\"og:site_name\" content=\"Clorosur\" \/>\n<meta property=\"article:modified_time\" content=\"2022-09-02T18:15:43+00:00\" \/>\n<meta name=\"twitter:card\" content=\"summary_large_image\" \/>\n<meta name=\"twitter:label1\" content=\"Tiempo de lectura\" \/>\n\t<meta name=\"twitter:data1\" content=\"2 minutos\" \/>\n<script type=\"application\/ld+json\" class=\"yoast-schema-graph\">{\"@context\":\"https:\/\/schema.org\",\"@graph\":[{\"@type\":\"WebPage\",\"@id\":\"https:\/\/www.fabricac.com.br\/clorosur2\/es\/hipoclorito-de-sodio\/\",\"url\":\"https:\/\/www.fabricac.com.br\/clorosur2\/es\/hipoclorito-de-sodio\/\",\"name\":\"Hipoclorito de Sodio - Clorosur\",\"isPartOf\":{\"@id\":\"https:\/\/www.fabricac.com.br\/clorosur2\/#website\"},\"datePublished\":\"2022-09-02T18:14:09+00:00\",\"dateModified\":\"2022-09-02T18:15:43+00:00\",\"breadcrumb\":{\"@id\":\"https:\/\/www.fabricac.com.br\/clorosur2\/es\/hipoclorito-de-sodio\/#breadcrumb\"},\"inLanguage\":\"es\",\"potentialAction\":[{\"@type\":\"ReadAction\",\"target\":[\"https:\/\/www.fabricac.com.br\/clorosur2\/es\/hipoclorito-de-sodio\/\"]}]},{\"@type\":\"BreadcrumbList\",\"@id\":\"https:\/\/www.fabricac.com.br\/clorosur2\/es\/hipoclorito-de-sodio\/#breadcrumb\",\"itemListElement\":[{\"@type\":\"ListItem\",\"position\":1,\"name\":\"In\u00edcio\",\"item\":\"https:\/\/www.fabricac.com.br\/clorosur2\/\"},{\"@type\":\"ListItem\",\"position\":2,\"name\":\"es\",\"item\":\"https:\/\/www.fabricac.com.br\/clorosur2\/es\/\"},{\"@type\":\"ListItem\",\"position\":3,\"name\":\"Hipoclorito de Sodio\"}]},{\"@type\":\"WebSite\",\"@id\":\"https:\/\/www.fabricac.com.br\/clorosur2\/#website\",\"url\":\"https:\/\/www.fabricac.com.br\/clorosur2\/\",\"name\":\"Clorosur\",\"description\":\"Associa\u00e7\u00e3o Latino \u2013 Americana da Ind\u00fastria de Cloro, \u00c1lcalis e Derivados\",\"publisher\":{\"@id\":\"https:\/\/www.fabricac.com.br\/clorosur2\/#organization\"},\"potentialAction\":[{\"@type\":\"SearchAction\",\"target\":{\"@type\":\"EntryPoint\",\"urlTemplate\":\"https:\/\/www.fabricac.com.br\/clorosur2\/?s={search_term_string}\"},\"query-input\":\"required name=search_term_string\"}],\"inLanguage\":\"es\"},{\"@type\":\"Organization\",\"@id\":\"https:\/\/www.fabricac.com.br\/clorosur2\/#organization\",\"name\":\"Clorosur\",\"url\":\"https:\/\/www.fabricac.com.br\/clorosur2\/\",\"logo\":{\"@type\":\"ImageObject\",\"inLanguage\":\"es\",\"@id\":\"https:\/\/www.fabricac.com.br\/clorosur2\/#\/schema\/logo\/image\/\",\"url\":\"https:\/\/www.fabricac.com.br\/clorosur2\/wp-content\/uploads\/2022\/05\/cropped-CloroSur-logotipo.png\",\"contentUrl\":\"https:\/\/www.fabricac.com.br\/clorosur2\/wp-content\/uploads\/2022\/05\/cropped-CloroSur-logotipo.png\",\"width\":350,\"height\":84,\"caption\":\"Clorosur\"},\"image\":{\"@id\":\"https:\/\/www.fabricac.com.br\/clorosur2\/#\/schema\/logo\/image\/\"}}]}<\/script>\n<!-- \/ Yoast SEO plugin. -->","yoast_head_json":{"title":"Hipoclorito de Sodio - Clorosur","robots":{"index":"index","follow":"follow","max-snippet":"max-snippet:-1","max-image-preview":"max-image-preview:large","max-video-preview":"max-video-preview:-1"},"canonical":"https:\/\/www.fabricac.com.br\/clorosur2\/es\/hipoclorito-de-sodio\/","og_locale":"es_ES","og_type":"article","og_title":"Hipoclorito de Sodio - Clorosur","og_description":"Hipoclorito de sodio Home &gt; Salud y Seguridad Es un producto obtenido de la reacci\u00f3n del cloro con una soluci\u00f3n diluida de soda c\u00e1ustica, acuosa y alcalina, que contiene entre un 10 y un 13% de cloro activo. Su coloraci\u00f3n es amarillenta y su olor, caracter\u00edstico. En el comercio, el hipoclorito de sodio se encuentra [&hellip;]","og_url":"https:\/\/www.fabricac.com.br\/clorosur2\/es\/hipoclorito-de-sodio\/","og_site_name":"Clorosur","article_modified_time":"2022-09-02T18:15:43+00:00","twitter_card":"summary_large_image","twitter_misc":{"Tiempo de lectura":"2 minutos"},"schema":{"@context":"https:\/\/schema.org","@graph":[{"@type":"WebPage","@id":"https:\/\/www.fabricac.com.br\/clorosur2\/es\/hipoclorito-de-sodio\/","url":"https:\/\/www.fabricac.com.br\/clorosur2\/es\/hipoclorito-de-sodio\/","name":"Hipoclorito de Sodio - Clorosur","isPartOf":{"@id":"https:\/\/www.fabricac.com.br\/clorosur2\/#website"},"datePublished":"2022-09-02T18:14:09+00:00","dateModified":"2022-09-02T18:15:43+00:00","breadcrumb":{"@id":"https:\/\/www.fabricac.com.br\/clorosur2\/es\/hipoclorito-de-sodio\/#breadcrumb"},"inLanguage":"es","potentialAction":[{"@type":"ReadAction","target":["https:\/\/www.fabricac.com.br\/clorosur2\/es\/hipoclorito-de-sodio\/"]}]},{"@type":"BreadcrumbList","@id":"https:\/\/www.fabricac.com.br\/clorosur2\/es\/hipoclorito-de-sodio\/#breadcrumb","itemListElement":[{"@type":"ListItem","position":1,"name":"In\u00edcio","item":"https:\/\/www.fabricac.com.br\/clorosur2\/"},{"@type":"ListItem","position":2,"name":"es","item":"https:\/\/www.fabricac.com.br\/clorosur2\/es\/"},{"@type":"ListItem","position":3,"name":"Hipoclorito de Sodio"}]},{"@type":"WebSite","@id":"https:\/\/www.fabricac.com.br\/clorosur2\/#website","url":"https:\/\/www.fabricac.com.br\/clorosur2\/","name":"Clorosur","description":"Associa\u00e7\u00e3o Latino \u2013 Americana da Ind\u00fastria de Cloro, \u00c1lcalis e Derivados","publisher":{"@id":"https:\/\/www.fabricac.com.br\/clorosur2\/#organization"},"potentialAction":[{"@type":"SearchAction","target":{"@type":"EntryPoint","urlTemplate":"https:\/\/www.fabricac.com.br\/clorosur2\/?s={search_term_string}"},"query-input":"required name=search_term_string"}],"inLanguage":"es"},{"@type":"Organization","@id":"https:\/\/www.fabricac.com.br\/clorosur2\/#organization","name":"Clorosur","url":"https:\/\/www.fabricac.com.br\/clorosur2\/","logo":{"@type":"ImageObject","inLanguage":"es","@id":"https:\/\/www.fabricac.com.br\/clorosur2\/#\/schema\/logo\/image\/","url":"https:\/\/www.fabricac.com.br\/clorosur2\/wp-content\/uploads\/2022\/05\/cropped-CloroSur-logotipo.png","contentUrl":"https:\/\/www.fabricac.com.br\/clorosur2\/wp-content\/uploads\/2022\/05\/cropped-CloroSur-logotipo.png","width":350,"height":84,"caption":"Clorosur"},"image":{"@id":"https:\/\/www.fabricac.com.br\/clorosur2\/#\/schema\/logo\/image\/"}}]}},"_links":{"self":[{"href":"https:\/\/www.fabricac.com.br\/clorosur2\/wp-json\/wp\/v2\/pages\/9516"}],"collection":[{"href":"https:\/\/www.fabricac.com.br\/clorosur2\/wp-json\/wp\/v2\/pages"}],"about":[{"href":"https:\/\/www.fabricac.com.br\/clorosur2\/wp-json\/wp\/v2\/types\/page"}],"author":[{"embeddable":true,"href":"https:\/\/www.fabricac.com.br\/clorosur2\/wp-json\/wp\/v2\/users\/1"}],"replies":[{"embeddable":true,"href":"https:\/\/www.fabricac.com.br\/clorosur2\/wp-json\/wp\/v2\/comments?post=9516"}],"version-history":[{"count":4,"href":"https:\/\/www.fabricac.com.br\/clorosur2\/wp-json\/wp\/v2\/pages\/9516\/revisions"}],"predecessor-version":[{"id":9520,"href":"https:\/\/www.fabricac.com.br\/clorosur2\/wp-json\/wp\/v2\/pages\/9516\/revisions\/9520"}],"up":[{"embeddable":true,"href":"https:\/\/www.fabricac.com.br\/clorosur2\/wp-json\/wp\/v2\/pages\/9141"}],"wp:attachment":[{"href":"https:\/\/www.fabricac.com.br\/clorosur2\/wp-json\/wp\/v2\/media?parent=9516"}],"curies":[{"name":"wp","href":"https:\/\/api.w.org\/{rel}","templated":true}]}}