{"id":8167,"date":"2022-07-14T21:39:44","date_gmt":"2022-07-15T00:39:44","guid":{"rendered":"https:\/\/www.fabricac.com.br\/clorosur2\/?page_id=8167"},"modified":"2022-07-14T21:53:19","modified_gmt":"2022-07-15T00:53:19","slug":"a-historia-do-cloro","status":"publish","type":"page","link":"https:\/\/www.fabricac.com.br\/clorosur2\/pt\/sobre\/a-historia-do-cloro\/","title":{"rendered":"A Hist\u00f3ria do Cloro"},"content":{"rendered":"\t\t<div data-elementor-type=\"wp-page\" data-elementor-id=\"8167\" class=\"elementor elementor-8167\">\n\t\t\t\t\t\t\t\t\t<section class=\"elementor-section elementor-top-section elementor-element elementor-element-6a7c6e1 elementor-section-stretched elementor-section-boxed elementor-section-height-default elementor-section-height-default\" data-id=\"6a7c6e1\" data-element_type=\"section\" data-settings=\"{&quot;animation&quot;:&quot;none&quot;,&quot;stretch_section&quot;:&quot;section-stretched&quot;,&quot;background_background&quot;:&quot;classic&quot;}\">\n\t\t\t\t\t\t<div class=\"elementor-container elementor-column-gap-default\">\n\t\t\t\t\t<div class=\"elementor-column elementor-col-100 elementor-top-column elementor-element elementor-element-3238666\" data-id=\"3238666\" data-element_type=\"column\">\n\t\t\t<div class=\"elementor-widget-wrap elementor-element-populated\">\n\t\t\t\t\t\t\t\t<div class=\"elementor-element elementor-element-be52f42 elementor-widget elementor-widget-heading\" data-id=\"be52f42\" data-element_type=\"widget\" data-widget_type=\"heading.default\">\n\t\t\t\t<div class=\"elementor-widget-container\">\n\t\t\t<h1 class=\"elementor-heading-title elementor-size-default\">A Hist\u00f3ria do Cloro<\/h1>\t\t<\/div>\n\t\t\t\t<\/div>\n\t\t\t\t<div class=\"elementor-element elementor-element-f347f3e elementor-widget elementor-widget-text-editor\" data-id=\"f347f3e\" data-element_type=\"widget\" data-widget_type=\"text-editor.default\">\n\t\t\t\t<div class=\"elementor-widget-container\">\n\t\t\t        <div class=\"elementor-text-editor elementor-clearfix\"><p><a href=\"https:\/\/www.fabricac.com.br\/clorosur2\/home\/\">Home<\/a> &gt; <a href=\"https:\/\/www.fabricac.com.br\/clorosur2\/sobre\/\">Sobre<\/a><\/p><\/div>\n        \t\t<\/div>\n\t\t\t\t<\/div>\n\t\t\t\t\t<\/div>\n\t\t<\/div>\n\t\t\t\t\t\t\t<\/div>\n\t\t<\/section>\n\t\t\t\t<section class=\"elementor-section elementor-top-section elementor-element elementor-element-c162531 elementor-section-stretched elementor-section-boxed elementor-section-height-default elementor-section-height-default\" data-id=\"c162531\" data-element_type=\"section\" data-settings=\"{&quot;stretch_section&quot;:&quot;section-stretched&quot;,&quot;background_background&quot;:&quot;classic&quot;,&quot;animation&quot;:&quot;none&quot;}\">\n\t\t\t\t\t\t<div class=\"elementor-container elementor-column-gap-default\">\n\t\t\t\t\t<div class=\"elementor-column elementor-col-100 elementor-top-column elementor-element elementor-element-581d056\" data-id=\"581d056\" data-element_type=\"column\">\n\t\t\t<div class=\"elementor-widget-wrap elementor-element-populated\">\n\t\t\t\t\t\t\t\t<section class=\"elementor-section elementor-inner-section elementor-element elementor-element-2a221b3 elementor-section-boxed elementor-section-height-default elementor-section-height-default\" data-id=\"2a221b3\" data-element_type=\"section\">\n\t\t\t\t\t\t<div class=\"elementor-container elementor-column-gap-default\">\n\t\t\t\t\t<div class=\"elementor-column elementor-col-50 elementor-inner-column elementor-element elementor-element-6071e15 elementor-invisible\" data-id=\"6071e15\" data-element_type=\"column\" data-settings=\"{&quot;animation&quot;:&quot;fadeIn&quot;}\">\n\t\t\t<div class=\"elementor-widget-wrap elementor-element-populated\">\n\t\t\t\t\t\t\t\t<div class=\"elementor-element elementor-element-7d76213 elementor-widget elementor-widget-text-editor\" data-id=\"7d76213\" data-element_type=\"widget\" data-widget_type=\"text-editor.default\">\n\t\t\t\t<div class=\"elementor-widget-container\">\n\t\t\t        <div class=\"elementor-text-editor elementor-clearfix\"><p>Na antig\u00fcidade, as lix\u00edvias c\u00e1usticas j\u00e1 eram conhecidas e foram utilizadas pelos eg\u00edpcios na fabrica\u00e7\u00e3o de sab\u00f5es grosseiros. As lix\u00edvias c\u00e1usticas para as ind\u00fastrias dom\u00e9sticas da antiguidade eram obtidas das \u201cTronas\u201d do Egito (sais s\u00f3dicos naturais contendo carbonato de s\u00f3dio) ou das \u201cBarrilhas\u201d da Espanha, provenientes de cinzas de certas algas marinhas.<\/p><\/div>\n        \t\t<\/div>\n\t\t\t\t<\/div>\n\t\t\t\t\t<\/div>\n\t\t<\/div>\n\t\t\t\t<div class=\"elementor-column elementor-col-50 elementor-inner-column elementor-element elementor-element-ebb123f animated-fast elementor-invisible\" data-id=\"ebb123f\" data-element_type=\"column\" data-settings=\"{&quot;background_background&quot;:&quot;classic&quot;,&quot;animation&quot;:&quot;fadeInUp&quot;}\">\n\t\t\t<div class=\"elementor-widget-wrap elementor-element-populated\">\n\t\t\t\t\t\t\t\t<div class=\"elementor-element elementor-element-c7cd0cb elementor-widget elementor-widget-text-editor\" data-id=\"c7cd0cb\" data-element_type=\"widget\" data-widget_type=\"text-editor.default\">\n\t\t\t\t<div class=\"elementor-widget-container\">\n\t\t\t        <div class=\"elementor-text-editor elementor-clearfix\"><p>Em 1750, o qu\u00edmico escoc\u00eas Black descobriu o processo de produ\u00e7\u00e3o da lix\u00edvia de soda c\u00e1ustica, pela adi\u00e7\u00e3o de cal a solu\u00e7\u00e3o de carbonato de s\u00f3dio. Em 1791, surgiu o m\u00e9todo patenteado do m\u00e9dico franc\u00eas Nicol\u00e1s Leblanc, para produ\u00e7\u00e3o de carbonato de s\u00f3dio artificial a partir do sal comum, que impulsionou o processo de obten\u00e7\u00e3o industrial da soda c\u00e1ustica. Sua id\u00e9ia baseou-se na transforma\u00e7\u00e3o de cloreto de s\u00f3dio em sulfato de s\u00f3dio, pela a\u00e7\u00e3o do \u00e1cido sulf\u00farico. O sulfato de s\u00f3dio formado era decomposto com calc\u00e1reo dando origem ao carbonato de s\u00f3dio, mat\u00e9ria prima para a soda c\u00e1ustica do processo citado.<\/p><\/div>\n        \t\t<\/div>\n\t\t\t\t<\/div>\n\t\t\t\t\t<\/div>\n\t\t<\/div>\n\t\t\t\t\t\t\t<\/div>\n\t\t<\/section>\n\t\t\t\t<div class=\"elementor-element elementor-element-7b5d574 elementor-widget elementor-widget-image\" data-id=\"7b5d574\" data-element_type=\"widget\" data-widget_type=\"image.default\">\n\t\t\t\t<div class=\"elementor-widget-container\">\n\t\t\t\t\t\t\t\t\t\t\t\t\t\t\t<img decoding=\"async\" width=\"1700\" height=\"786\" src=\"https:\/\/www.fabricac.com.br\/clorosur2\/wp-content\/uploads\/2022\/07\/piscina-cloro.jpg\" class=\"attachment-full size-full\" alt=\"\" loading=\"lazy\" srcset=\"https:\/\/www.fabricac.com.br\/clorosur2\/wp-content\/uploads\/2022\/07\/piscina-cloro.jpg 1700w, https:\/\/www.fabricac.com.br\/clorosur2\/wp-content\/uploads\/2022\/07\/piscina-cloro-300x139.jpg 300w, https:\/\/www.fabricac.com.br\/clorosur2\/wp-content\/uploads\/2022\/07\/piscina-cloro-1024x473.jpg 1024w, https:\/\/www.fabricac.com.br\/clorosur2\/wp-content\/uploads\/2022\/07\/piscina-cloro-768x355.jpg 768w, https:\/\/www.fabricac.com.br\/clorosur2\/wp-content\/uploads\/2022\/07\/piscina-cloro-1536x710.jpg 1536w, https:\/\/www.fabricac.com.br\/clorosur2\/wp-content\/uploads\/2022\/07\/piscina-cloro-700x324.jpg 700w, https:\/\/www.fabricac.com.br\/clorosur2\/wp-content\/uploads\/2022\/07\/piscina-cloro-600x277.jpg 600w\" sizes=\"(max-width: 1700px) 100vw, 1700px\" \/>\t\t\t\t\t\t\t\t\t\t\t\t\t\t\t<\/div>\n\t\t\t\t<\/div>\n\t\t\t\t<section class=\"elementor-section elementor-inner-section elementor-element elementor-element-6d981b6 elementor-section-boxed elementor-section-height-default elementor-section-height-default\" data-id=\"6d981b6\" data-element_type=\"section\">\n\t\t\t\t\t\t<div class=\"elementor-container elementor-column-gap-default\">\n\t\t\t\t\t<div class=\"elementor-column elementor-col-100 elementor-inner-column elementor-element elementor-element-6312790 elementor-invisible\" data-id=\"6312790\" data-element_type=\"column\" data-settings=\"{&quot;animation&quot;:&quot;fadeIn&quot;}\">\n\t\t\t<div class=\"elementor-widget-wrap elementor-element-populated\">\n\t\t\t\t\t\t\t\t<div class=\"elementor-element elementor-element-53e19f1 elementor-widget elementor-widget-text-editor\" data-id=\"53e19f1\" data-element_type=\"widget\" data-widget_type=\"text-editor.default\">\n\t\t\t\t<div class=\"elementor-widget-container\">\n\t\t\t        <div class=\"elementor-text-editor elementor-clearfix\"><p>A primeira f\u00e1brica de soda c\u00e1ustica, propriamente dita, foi constru\u00edda somente em 1844, em Glasgow, Esc\u00f3cia.<\/p><p>Em 1861, Ernest Solvay patenteou um novo processo: consistia na obten\u00e7\u00e3o do bicarbonato de s\u00f3dio pela passagem de am\u00f4nia e g\u00e1s carb\u00f4nico atrav\u00e9s de uma solu\u00e7\u00e3o de cloreto de s\u00f3dio seguida da produ\u00e7\u00e3o do carbonato de s\u00f3dio, pelo aquecimento do bicarbonato de s\u00f3dio. Pela adi\u00e7\u00e3o da cal ao carbonato de s\u00f3dio obteve, ent\u00e3o, a soda c\u00e1ustica. Em 1865 a Societ\u00e9 Solvay iniciou sua produ\u00e7\u00e3o em escala industrial.<\/p><p>O processo Leblanc foi abandonado, depois de ter alcan\u00e7ado seu apogeu em 1883 e o processo Solvay foi, gradativamente, substitu\u00eddo pelo processo eletrol\u00edtico, hoje largamente utilizado em todo o mundo.<\/p><p>O processo eletrol\u00edtico come\u00e7ou a ser desenvolvido depois de conhecidas \u00e0s leis da eletr\u00f3lise e do advento do d\u00ednamo como fornecedor de corrente cont\u00ednua (Siemens\/1865). Na ocasi\u00e3o, o problema maior era manter separados o cloro e o hidr\u00f3xido de s\u00f3dio ao serem dissociados pela eletr\u00f3lise.<\/p><p>A primeira produ\u00e7\u00e3o de soda c\u00e1ustica em escala industrial pelo processo eletrol\u00edtico, com c\u00e9lula de diafragma, foi realizada em 1890 por Stroof, Parnicke e os irm\u00e3os Lang na Griesheim Elektron AG, Alemanha. Outros processos foram estudados at\u00e9 se chegar, nos Estados Unidos, ao desenvolvimento da c\u00e9lula Hooker.<\/p><p>J\u00e1 a c\u00e9lula com cat\u00f4do de merc\u00fario, foi inventada independentemente, em 1892 por Castner nos Estados Unidos e Kellner na \u00c1ustria, mas n\u00e3o se expandiu, na ocasi\u00e3o, por problemas t\u00e9cnicos. Somente a partir de 1935, durante a \u00faltima guerra mundial, \u00e9 que esta tecnologia foi aperfei\u00e7oada por I.G. Farben na Alemanha, que desenvolveu a c\u00e9lula com reciclo de merc\u00fario.<\/p><p>No Brasil, a primeira f\u00e1brica com c\u00e9lulas de diafragma surgiu em 1934, na empresa Eletro-Qu\u00edmica Fluminense, enquanto que com c\u00e9lulas a merc\u00fario a primeira foi \u00e0 empresa Eletrocloro (atual Solvay Indupa do Brasil) em 1948.<\/p><p>Na d\u00e9cada de 70, empresas que buscavam novas alternativas para fabrica\u00e7\u00e3o de soda c\u00e1ustica com baixo teor de cloretos e sem utiliza\u00e7\u00e3o de merc\u00fario, desenvolveram a tecnologia de c\u00e9lula de membrana. O processo foi iniciado pela Du Pont com o desenvolvimento de membranas perfluorsulf\u00f4nicas (Nafion 324), atrav\u00e9s das quais j\u00e1 no in\u00edcio, era poss\u00edvel produzir comercialmente lix\u00edvia de soda c\u00e1ustica com teor de 10% a 20% de NaOH em peso.<\/p><p>No Jap\u00e3o este tipo de c\u00e9lula tamb\u00e9m teve r\u00e1pido desenvolvimento. Em 1975, a Asahi Glass desenvolveu uma membrana perfluorcarbox\u00edlica capaz de produzir solu\u00e7\u00e3o de soda c\u00e1ustica a 35% em peso.<\/p><p>A primeira f\u00e1brica no Brasil a utilizar esta tecnologia foi uma unidade da Aracruz Celulose, em 1981.<\/p><\/div>\n        \t\t<\/div>\n\t\t\t\t<\/div>\n\t\t\t\t\t<\/div>\n\t\t<\/div>\n\t\t\t\t\t\t\t<\/div>\n\t\t<\/section>\n\t\t\t\t\t<\/div>\n\t\t<\/div>\n\t\t\t\t\t\t\t<\/div>\n\t\t<\/section>\n\t\t\t\t\t\t\t<\/div>\n\t\t<!-- AddThis Advanced Settings generic via filter on the_content --><!-- AddThis Share Buttons generic via filter on the_content -->","protected":false},"excerpt":{"rendered":"<p>A Hist\u00f3ria do Cloro Home &gt; Sobre Na antig\u00fcidade, as lix\u00edvias c\u00e1usticas j\u00e1 eram conhecidas e foram utilizadas pelos eg\u00edpcios na fabrica\u00e7\u00e3o de sab\u00f5es grosseiros. As lix\u00edvias c\u00e1usticas para as ind\u00fastrias dom\u00e9sticas da antiguidade eram obtidas das \u201cTronas\u201d do Egito (sais s\u00f3dicos naturais contendo carbonato de s\u00f3dio) ou das \u201cBarrilhas\u201d da Espanha, provenientes de cinzas [&hellip;]<!-- AddThis Advanced Settings generic via filter on get_the_excerpt --><!-- AddThis Share Buttons generic via filter on get_the_excerpt --><\/p>\n","protected":false},"author":1,"featured_media":0,"parent":7484,"menu_order":0,"comment_status":"closed","ping_status":"closed","template":"elementor_header_footer","meta":{"inline_featured_image":false},"yoast_head":"<!-- This site is optimized with the Yoast SEO plugin v19.10 - https:\/\/yoast.com\/wordpress\/plugins\/seo\/ -->\n<title>A Hist\u00f3ria do Cloro - Clorosur<\/title>\n<meta name=\"robots\" content=\"index, follow, max-snippet:-1, max-image-preview:large, max-video-preview:-1\" \/>\n<link rel=\"canonical\" href=\"https:\/\/www.fabricac.com.br\/clorosur2\/home\/sobre\/a-historia-do-cloro\/\" \/>\n<meta property=\"og:locale\" content=\"es_ES\" \/>\n<meta property=\"og:type\" content=\"article\" \/>\n<meta property=\"og:title\" content=\"A Hist\u00f3ria do Cloro - Clorosur\" \/>\n<meta property=\"og:description\" content=\"A Hist\u00f3ria do Cloro Home &gt; Sobre Na antig\u00fcidade, as lix\u00edvias c\u00e1usticas j\u00e1 eram conhecidas e foram utilizadas pelos eg\u00edpcios na fabrica\u00e7\u00e3o de sab\u00f5es grosseiros. As lix\u00edvias c\u00e1usticas para as ind\u00fastrias dom\u00e9sticas da antiguidade eram obtidas das \u201cTronas\u201d do Egito (sais s\u00f3dicos naturais contendo carbonato de s\u00f3dio) ou das \u201cBarrilhas\u201d da Espanha, provenientes de cinzas [&hellip;]\" \/>\n<meta property=\"og:url\" content=\"https:\/\/www.fabricac.com.br\/clorosur2\/home\/sobre\/a-historia-do-cloro\/\" \/>\n<meta property=\"og:site_name\" content=\"Clorosur\" \/>\n<meta property=\"article:modified_time\" content=\"2022-07-15T00:53:19+00:00\" \/>\n<meta property=\"og:image\" content=\"https:\/\/www.fabricac.com.br\/clorosur2\/wp-content\/uploads\/2022\/07\/piscina-cloro.jpg\" \/>\n<meta name=\"twitter:card\" content=\"summary_large_image\" \/>\n<meta name=\"twitter:label1\" content=\"Tiempo de lectura\" \/>\n\t<meta name=\"twitter:data1\" content=\"4 minutos\" \/>\n<script type=\"application\/ld+json\" class=\"yoast-schema-graph\">{\"@context\":\"https:\/\/schema.org\",\"@graph\":[{\"@type\":\"WebPage\",\"@id\":\"https:\/\/www.fabricac.com.br\/clorosur2\/home\/sobre\/a-historia-do-cloro\/\",\"url\":\"https:\/\/www.fabricac.com.br\/clorosur2\/home\/sobre\/a-historia-do-cloro\/\",\"name\":\"A Hist\u00f3ria do Cloro - Clorosur\",\"isPartOf\":{\"@id\":\"https:\/\/www.fabricac.com.br\/clorosur2\/#website\"},\"datePublished\":\"2022-07-15T00:39:44+00:00\",\"dateModified\":\"2022-07-15T00:53:19+00:00\",\"breadcrumb\":{\"@id\":\"https:\/\/www.fabricac.com.br\/clorosur2\/home\/sobre\/a-historia-do-cloro\/#breadcrumb\"},\"inLanguage\":\"es\",\"potentialAction\":[{\"@type\":\"ReadAction\",\"target\":[\"https:\/\/www.fabricac.com.br\/clorosur2\/home\/sobre\/a-historia-do-cloro\/\"]}]},{\"@type\":\"BreadcrumbList\",\"@id\":\"https:\/\/www.fabricac.com.br\/clorosur2\/home\/sobre\/a-historia-do-cloro\/#breadcrumb\",\"itemListElement\":[{\"@type\":\"ListItem\",\"position\":1,\"name\":\"In\u00edcio\",\"item\":\"https:\/\/www.fabricac.com.br\/clorosur2\/\"},{\"@type\":\"ListItem\",\"position\":2,\"name\":\"pt\",\"item\":\"https:\/\/www.fabricac.com.br\/clorosur2\/\"},{\"@type\":\"ListItem\",\"position\":3,\"name\":\"Sobre\",\"item\":\"https:\/\/www.fabricac.com.br\/clorosur2\/home\/sobre\/\"},{\"@type\":\"ListItem\",\"position\":4,\"name\":\"A Hist\u00f3ria do Cloro\"}]},{\"@type\":\"WebSite\",\"@id\":\"https:\/\/www.fabricac.com.br\/clorosur2\/#website\",\"url\":\"https:\/\/www.fabricac.com.br\/clorosur2\/\",\"name\":\"Clorosur\",\"description\":\"Associa\u00e7\u00e3o Latino \u2013 Americana da Ind\u00fastria de Cloro, \u00c1lcalis e Derivados\",\"publisher\":{\"@id\":\"https:\/\/www.fabricac.com.br\/clorosur2\/#organization\"},\"potentialAction\":[{\"@type\":\"SearchAction\",\"target\":{\"@type\":\"EntryPoint\",\"urlTemplate\":\"https:\/\/www.fabricac.com.br\/clorosur2\/?s={search_term_string}\"},\"query-input\":\"required name=search_term_string\"}],\"inLanguage\":\"es\"},{\"@type\":\"Organization\",\"@id\":\"https:\/\/www.fabricac.com.br\/clorosur2\/#organization\",\"name\":\"Clorosur\",\"url\":\"https:\/\/www.fabricac.com.br\/clorosur2\/\",\"logo\":{\"@type\":\"ImageObject\",\"inLanguage\":\"es\",\"@id\":\"https:\/\/www.fabricac.com.br\/clorosur2\/#\/schema\/logo\/image\/\",\"url\":\"https:\/\/www.fabricac.com.br\/clorosur2\/wp-content\/uploads\/2022\/05\/cropped-CloroSur-logotipo.png\",\"contentUrl\":\"https:\/\/www.fabricac.com.br\/clorosur2\/wp-content\/uploads\/2022\/05\/cropped-CloroSur-logotipo.png\",\"width\":350,\"height\":84,\"caption\":\"Clorosur\"},\"image\":{\"@id\":\"https:\/\/www.fabricac.com.br\/clorosur2\/#\/schema\/logo\/image\/\"}}]}<\/script>\n<!-- \/ Yoast SEO plugin. -->","yoast_head_json":{"title":"A Hist\u00f3ria do Cloro - Clorosur","robots":{"index":"index","follow":"follow","max-snippet":"max-snippet:-1","max-image-preview":"max-image-preview:large","max-video-preview":"max-video-preview:-1"},"canonical":"https:\/\/www.fabricac.com.br\/clorosur2\/home\/sobre\/a-historia-do-cloro\/","og_locale":"es_ES","og_type":"article","og_title":"A Hist\u00f3ria do Cloro - Clorosur","og_description":"A Hist\u00f3ria do Cloro Home &gt; Sobre Na antig\u00fcidade, as lix\u00edvias c\u00e1usticas j\u00e1 eram conhecidas e foram utilizadas pelos eg\u00edpcios na fabrica\u00e7\u00e3o de sab\u00f5es grosseiros. As lix\u00edvias c\u00e1usticas para as ind\u00fastrias dom\u00e9sticas da antiguidade eram obtidas das \u201cTronas\u201d do Egito (sais s\u00f3dicos naturais contendo carbonato de s\u00f3dio) ou das \u201cBarrilhas\u201d da Espanha, provenientes de cinzas [&hellip;]","og_url":"https:\/\/www.fabricac.com.br\/clorosur2\/home\/sobre\/a-historia-do-cloro\/","og_site_name":"Clorosur","article_modified_time":"2022-07-15T00:53:19+00:00","og_image":[{"url":"https:\/\/www.fabricac.com.br\/clorosur2\/wp-content\/uploads\/2022\/07\/piscina-cloro.jpg"}],"twitter_card":"summary_large_image","twitter_misc":{"Tiempo de lectura":"4 minutos"},"schema":{"@context":"https:\/\/schema.org","@graph":[{"@type":"WebPage","@id":"https:\/\/www.fabricac.com.br\/clorosur2\/home\/sobre\/a-historia-do-cloro\/","url":"https:\/\/www.fabricac.com.br\/clorosur2\/home\/sobre\/a-historia-do-cloro\/","name":"A Hist\u00f3ria do Cloro - Clorosur","isPartOf":{"@id":"https:\/\/www.fabricac.com.br\/clorosur2\/#website"},"datePublished":"2022-07-15T00:39:44+00:00","dateModified":"2022-07-15T00:53:19+00:00","breadcrumb":{"@id":"https:\/\/www.fabricac.com.br\/clorosur2\/home\/sobre\/a-historia-do-cloro\/#breadcrumb"},"inLanguage":"es","potentialAction":[{"@type":"ReadAction","target":["https:\/\/www.fabricac.com.br\/clorosur2\/home\/sobre\/a-historia-do-cloro\/"]}]},{"@type":"BreadcrumbList","@id":"https:\/\/www.fabricac.com.br\/clorosur2\/home\/sobre\/a-historia-do-cloro\/#breadcrumb","itemListElement":[{"@type":"ListItem","position":1,"name":"In\u00edcio","item":"https:\/\/www.fabricac.com.br\/clorosur2\/"},{"@type":"ListItem","position":2,"name":"pt","item":"https:\/\/www.fabricac.com.br\/clorosur2\/"},{"@type":"ListItem","position":3,"name":"Sobre","item":"https:\/\/www.fabricac.com.br\/clorosur2\/home\/sobre\/"},{"@type":"ListItem","position":4,"name":"A Hist\u00f3ria do Cloro"}]},{"@type":"WebSite","@id":"https:\/\/www.fabricac.com.br\/clorosur2\/#website","url":"https:\/\/www.fabricac.com.br\/clorosur2\/","name":"Clorosur","description":"Associa\u00e7\u00e3o Latino \u2013 Americana da Ind\u00fastria de Cloro, \u00c1lcalis e Derivados","publisher":{"@id":"https:\/\/www.fabricac.com.br\/clorosur2\/#organization"},"potentialAction":[{"@type":"SearchAction","target":{"@type":"EntryPoint","urlTemplate":"https:\/\/www.fabricac.com.br\/clorosur2\/?s={search_term_string}"},"query-input":"required name=search_term_string"}],"inLanguage":"es"},{"@type":"Organization","@id":"https:\/\/www.fabricac.com.br\/clorosur2\/#organization","name":"Clorosur","url":"https:\/\/www.fabricac.com.br\/clorosur2\/","logo":{"@type":"ImageObject","inLanguage":"es","@id":"https:\/\/www.fabricac.com.br\/clorosur2\/#\/schema\/logo\/image\/","url":"https:\/\/www.fabricac.com.br\/clorosur2\/wp-content\/uploads\/2022\/05\/cropped-CloroSur-logotipo.png","contentUrl":"https:\/\/www.fabricac.com.br\/clorosur2\/wp-content\/uploads\/2022\/05\/cropped-CloroSur-logotipo.png","width":350,"height":84,"caption":"Clorosur"},"image":{"@id":"https:\/\/www.fabricac.com.br\/clorosur2\/#\/schema\/logo\/image\/"}}]}},"_links":{"self":[{"href":"https:\/\/www.fabricac.com.br\/clorosur2\/wp-json\/wp\/v2\/pages\/8167"}],"collection":[{"href":"https:\/\/www.fabricac.com.br\/clorosur2\/wp-json\/wp\/v2\/pages"}],"about":[{"href":"https:\/\/www.fabricac.com.br\/clorosur2\/wp-json\/wp\/v2\/types\/page"}],"author":[{"embeddable":true,"href":"https:\/\/www.fabricac.com.br\/clorosur2\/wp-json\/wp\/v2\/users\/1"}],"replies":[{"embeddable":true,"href":"https:\/\/www.fabricac.com.br\/clorosur2\/wp-json\/wp\/v2\/comments?post=8167"}],"version-history":[{"count":4,"href":"https:\/\/www.fabricac.com.br\/clorosur2\/wp-json\/wp\/v2\/pages\/8167\/revisions"}],"predecessor-version":[{"id":8173,"href":"https:\/\/www.fabricac.com.br\/clorosur2\/wp-json\/wp\/v2\/pages\/8167\/revisions\/8173"}],"up":[{"embeddable":true,"href":"https:\/\/www.fabricac.com.br\/clorosur2\/wp-json\/wp\/v2\/pages\/7484"}],"wp:attachment":[{"href":"https:\/\/www.fabricac.com.br\/clorosur2\/wp-json\/wp\/v2\/media?parent=8167"}],"curies":[{"name":"wp","href":"https:\/\/api.w.org\/{rel}","templated":true}]}}